{"id":34026,"date":"2025-02-20T22:33:57","date_gmt":"2025-02-20T22:33:57","guid":{"rendered":"https:\/\/olemosaic.orbitalia.org\/producto\/mug-xl-de-ceramica-flores-blanco-13-cm\/"},"modified":"2025-07-25T20:31:21","modified_gmt":"2025-07-25T18:31:21","slug":"caneca-xl-de-ceramica-flores-branco-13-cm","status":"publish","type":"product","link":"https:\/\/olemosaic.orbitalia.org\/pt-pt\/produto\/caneca-xl-de-ceramica-flores-branco-13-cm\/","title":{"rendered":"Caneca XL de cer\u00e2mica. Flores. Branco. 13 cm."},"content":{"rendered":"<p>Esta caneca XL de cer\u00e2mica \u00e9 o complemento perfeito para os amantes da cultura e da arte, com um vibrante design floral que evoca a tradi\u00e7\u00e3o do mosaico. Com os seus 13 cm de altura, esta atraente caneca destaca-se pelo seu fundo branco, que real\u00e7a as cores vivas das flores. Estas, dispostas harmoniosamente em tons de vermelho, amarelo, azul e turquesa, est\u00e3o delineadas a preto para um efeito visual impactante. A asa, com o seu design inovador em forma de folha, acrescenta um toque original e fresco, tornando esta caneca uma pe\u00e7a tanto funcional como decorativa.<\/p>\n<p>Este produto representa a rica heran\u00e7a cultural das regi\u00f5es mediterr\u00e2nicas, onde os mosaicos s\u00e3o parte integrante da arquitetura e da arte local, evocando a ess\u00eancia vibrante destas terras. Ideal para desfrutar das suas bebidas preferidas, esta caneca n\u00e3o \u00e9 apenas um utens\u00edlio quotidiano, mas uma pe\u00e7a \u00fanica que captura a alegria e a criatividade da cultura.<\/p>\n<p>Na Ol\u00e9 Mosaic, especializamo-nos na distribui\u00e7\u00e3o de souvenirs por grosso, e esta caneca de flores \u00e9 uma excelente op\u00e7\u00e3o para lojas de presentes tur\u00edsticos que procuram produtos aut\u00eanticos e representativos. Como grossistas de cer\u00e2mica, garantimos qualidade e design em cada pe\u00e7a, fazendo desta caneca um souvenir ideal para quem deseja levar um peda\u00e7o de cultura em cada gole.<\/p>\n","protected":false},"excerpt":{"rendered":"<p>Caneca XL de cer\u00e2mica com um vibrante design floral que evoca o estilo mosaico. Com 13 cm de altura, destaca-se pelo seu fundo branco que real\u00e7a as cores chamativas das flores, em tons de vermelho, amarelo, azul e turquesa, perfeitamente delineadas a preto. Esta caneca, ideal para desfrutar das suas bebidas, incorpora uma asa com forma de folha, conferindo um toque original e fresco. Perfeita para dar alegria a qualquer mesa.<\/p>\n","protected":false},"featured_media":8909,"template":"","meta":{"_acf_changed":false},"product_brand":[],"product_cat":[726],"product_tag":[515],"class_list":{"0":"post-34026","1":"product","2":"type-product","3":"status-publish","4":"has-post-thumbnail","6":"product_cat-mugs","7":"product_tag-ceramica","8":"pa_motivo-flores","10":"first","11":"instock","12":"shipping-taxable","13":"product-type-simple"},"acf":[],"_links":{"self":[{"href":"https:\/\/olemosaic.orbitalia.org\/pt-pt\/wp-json\/wp\/v2\/product\/34026","targetHints":{"allow":["GET"]}}],"collection":[{"href":"https:\/\/olemosaic.orbitalia.org\/pt-pt\/wp-json\/wp\/v2\/product"}],"about":[{"href":"https:\/\/olemosaic.orbitalia.org\/pt-pt\/wp-json\/wp\/v2\/types\/product"}],"wp:featuredmedia":[{"embeddable":true,"href":"https:\/\/olemosaic.orbitalia.org\/pt-pt\/wp-json\/wp\/v2\/media\/8909"}],"wp:attachment":[{"href":"https:\/\/olemosaic.orbitalia.org\/pt-pt\/wp-json\/wp\/v2\/media?parent=34026"}],"wp:term":[{"taxonomy":"product_brand","embeddable":true,"href":"https:\/\/olemosaic.orbitalia.org\/pt-pt\/wp-json\/wp\/v2\/product_brand?post=34026"},{"taxonomy":"product_cat","embeddable":true,"href":"https:\/\/olemosaic.orbitalia.org\/pt-pt\/wp-json\/wp\/v2\/product_cat?post=34026"},{"taxonomy":"product_tag","embeddable":true,"href":"https:\/\/olemosaic.orbitalia.org\/pt-pt\/wp-json\/wp\/v2\/product_tag?post=34026"}],"curies":[{"name":"wp","href":"https:\/\/api.w.org\/{rel}","templated":true}]}}