{"id":34025,"date":"2025-02-20T22:33:57","date_gmt":"2025-02-20T22:33:57","guid":{"rendered":"https:\/\/olemosaic.orbitalia.org\/producto\/mug-xl-de-ceramica-caballito-de-mar-beige\/"},"modified":"2025-07-25T18:40:25","modified_gmt":"2025-07-25T16:40:25","slug":"caneca-xl-de-ceramica-cavalo-marinho-bege","status":"publish","type":"product","link":"https:\/\/olemosaic.orbitalia.org\/pt-pt\/produto\/caneca-xl-de-ceramica-cavalo-marinho-bege\/","title":{"rendered":"Caneca XL de cer\u00e2mica. Cavalo-marinho. Bege."},"content":{"rendered":"<p>Esta caneca XL de cer\u00e2mica, decorada com vibrantes cavalos-marinhos e peixes, \u00e9 uma recorda\u00e7\u00e3o perfeita que captura a ess\u00eancia da rica vida marinha das costas espanholas. Com um fundo bege que real\u00e7a a luminosidade das ilustra\u00e7\u00f5es, este design artesanal est\u00e1 adornado com coloridos mosaicos em tons de vermelho, azul e verde, evocando a frescura e o estilo mediterr\u00e2nico. Os cavalos-marinhos, meticulosamente pintados, d\u00e3o um toque din\u00e2mico \u00e0 caneca, rodeados de peixes e bolhas que parecem dan\u00e7ar num oceano calmo. Esta caneca n\u00e3o s\u00f3 \u00e9 ideal para desfrutar das suas bebidas favoritas, como tamb\u00e9m acrescenta um encantador toque marinho a qualquer cole\u00e7\u00e3o de recorda\u00e7\u00f5es.<\/p>\n<p>A liga\u00e7\u00e3o cultural deste souvenir com a regi\u00e3o costeira de Espanha \u00e9 ineg\u00e1vel, recordando a beleza e biodiversidade dos seus mares. Esta pe\u00e7a representa n\u00e3o apenas um objeto pr\u00e1tico, mas tamb\u00e9m uma celebra\u00e7\u00e3o do artesanato local, um testemunho do cuidado e talento depositados em cada cria\u00e7\u00e3o. Na Ol\u00e9 Mosaic, dedicamo-nos \u00e0 distribui\u00e7\u00e3o de souvenirs por grosso, e esta caneca XL \u00e9 uma excelente op\u00e7\u00e3o para lojas de presentes tur\u00edsticos que procuram oferecer aos viajantes uma recorda\u00e7\u00e3o aut\u00eantica e de qualidade. Com o seu design \u00fanico e a sua relev\u00e2ncia cultural, esta caneca \u00e9 um souvenir ideal para quem deseja levar para casa um peda\u00e7o do mar espanhol.<\/p>\n","protected":false},"excerpt":{"rendered":"<p>Caneca XL de cer\u00e2mica decorada com vibrantes cavalos-marinhos e peixes, que representam a rica vida marinha das costas espanholas. Este design artesanal apresenta um fundo bege e coloridos mosaicos em tons de vermelho, azul e verde, evocando um estilo mediterr\u00e2nico. Ideal para quem aprecia o artesanato, esta caneca \u00e9 perfeita para desfrutar das suas bebidas favoritas e adicionar um toque marinho \u00e0 sua cole\u00e7\u00e3o.<\/p>\n","protected":false},"featured_media":7207,"template":"","meta":{"_acf_changed":false},"product_brand":[],"product_cat":[726],"product_tag":[516,515],"class_list":{"0":"post-34025","1":"product","2":"type-product","3":"status-publish","4":"has-post-thumbnail","6":"product_cat-mugs","7":"product_tag-animais","8":"product_tag-ceramica","9":"pa_motivo-cavalos-marinhos","11":"first","12":"instock","13":"shipping-taxable","14":"product-type-simple"},"acf":[],"_links":{"self":[{"href":"https:\/\/olemosaic.orbitalia.org\/pt-pt\/wp-json\/wp\/v2\/product\/34025","targetHints":{"allow":["GET"]}}],"collection":[{"href":"https:\/\/olemosaic.orbitalia.org\/pt-pt\/wp-json\/wp\/v2\/product"}],"about":[{"href":"https:\/\/olemosaic.orbitalia.org\/pt-pt\/wp-json\/wp\/v2\/types\/product"}],"wp:featuredmedia":[{"embeddable":true,"href":"https:\/\/olemosaic.orbitalia.org\/pt-pt\/wp-json\/wp\/v2\/media\/7207"}],"wp:attachment":[{"href":"https:\/\/olemosaic.orbitalia.org\/pt-pt\/wp-json\/wp\/v2\/media?parent=34025"}],"wp:term":[{"taxonomy":"product_brand","embeddable":true,"href":"https:\/\/olemosaic.orbitalia.org\/pt-pt\/wp-json\/wp\/v2\/product_brand?post=34025"},{"taxonomy":"product_cat","embeddable":true,"href":"https:\/\/olemosaic.orbitalia.org\/pt-pt\/wp-json\/wp\/v2\/product_cat?post=34025"},{"taxonomy":"product_tag","embeddable":true,"href":"https:\/\/olemosaic.orbitalia.org\/pt-pt\/wp-json\/wp\/v2\/product_tag?post=34025"}],"curies":[{"name":"wp","href":"https:\/\/api.w.org\/{rel}","templated":true}]}}