{"id":34018,"date":"2025-02-20T22:33:56","date_gmt":"2025-02-20T22:33:56","guid":{"rendered":"https:\/\/olemosaic.orbitalia.org\/producto\/mug-xl-de-ceramica-salamandra-mallorca-beige\/"},"modified":"2025-07-25T20:12:45","modified_gmt":"2025-07-25T18:12:45","slug":"caneca-xl-de-ceramica-salamandra-maiorca-bege","status":"publish","type":"product","link":"https:\/\/olemosaic.orbitalia.org\/pt-pt\/produto\/caneca-xl-de-ceramica-salamandra-maiorca-bege\/","title":{"rendered":"Caneca XL de cer\u00e2mica. Salamandra. Maiorca. Bege."},"content":{"rendered":"<p>Esta caneca XL de cer\u00e2mica, decorada com salamandras, \u00e9 uma pe\u00e7a vibrante que evoca a rica fauna de Maiorca. Com um design colorido, esta caneca destaca-se pela sua impressionante representa\u00e7\u00e3o de salamandras num mosaico multicolor, sobre um fundo bege que real\u00e7a a energia da ilha. Cada salamandra, cuidadosamente ilustrada, exibe uma mistura de cores que captura a ess\u00eancia da paisagem mediterr\u00e2nica, enquanto as flores, em tons de verde e vermelho brilhantes, acrescentam um toque fresco e alegre. A parte superior da caneca \u00e9 contornada por uma cor vermelha intensa, que n\u00e3o s\u00f3 define o seu design, como tamb\u00e9m confere um ar l\u00fadico e distintivo. A inscri\u00e7\u00e3o &#8220;MALLORCA&#8221; apresenta-se com letras alegres, refor\u00e7ando a sua identidade como uma recorda\u00e7\u00e3o aut\u00eantica da regi\u00e3o.<\/p>\n<p>Esta caneca \u00e9 perfeita para desfrutar das suas bebidas favoritas, seja um caf\u00e9 pela manh\u00e3 ou um ch\u00e1 \u00e0 tarde, recordando sempre a atmosfera quente de Maiorca. Como souvenir, representa a cultura local e a biodiversidade da ilha, tornando-a um excelente presente para aqueles que procuram levar um peda\u00e7o do Mediterr\u00e2neo para casa. Na Ol\u00e9 Mosaic, orgulhamo-nos de ser distribuidores de souvenirs de qualidade por grosso, oferecendo produtos aut\u00eanticos que ligam os turistas \u00e0 ess\u00eancia dos seus destinos. Esta caneca de salamandras \u00e9 uma escolha ideal para lojas de presentes tur\u00edsticos que desejam oferecer artigos \u00fanicos e representativos de Maiorca.<\/p>\n","protected":false},"excerpt":{"rendered":"<p>Caneca XL de cer\u00e2mica decorada com salamandras coloridas, inspirada na fauna de Maiorca. Esta pe\u00e7a destaca-se pelo seu design vibrante, com salamandras em mosaico multicolor sobre um fundo bege, juntamente com flores de tons brilhantes. A parte superior da caneca \u00e9 debruada a vermelho e ostenta a inscri\u00e7\u00e3o &#8220;MALLORCA&#8221;, o que lhe confere um toque distintivo. Ideal para desfrutar das suas bebidas favoritas, evocando a ess\u00eancia do Mediterr\u00e2neo.<\/p>\n","protected":false},"featured_media":7682,"template":"","meta":{"_acf_changed":false},"product_brand":[],"product_cat":[726],"product_tag":[516,515],"class_list":{"0":"post-34018","1":"product","2":"type-product","3":"status-publish","4":"has-post-thumbnail","6":"product_cat-mugs","7":"product_tag-animais","8":"product_tag-ceramica","9":"pa_ciudad-mallorca","10":"pa_motivo-salamandras","11":"pa_pais-espana","13":"first","14":"instock","15":"shipping-taxable","16":"product-type-simple"},"acf":[],"_links":{"self":[{"href":"https:\/\/olemosaic.orbitalia.org\/pt-pt\/wp-json\/wp\/v2\/product\/34018","targetHints":{"allow":["GET"]}}],"collection":[{"href":"https:\/\/olemosaic.orbitalia.org\/pt-pt\/wp-json\/wp\/v2\/product"}],"about":[{"href":"https:\/\/olemosaic.orbitalia.org\/pt-pt\/wp-json\/wp\/v2\/types\/product"}],"wp:featuredmedia":[{"embeddable":true,"href":"https:\/\/olemosaic.orbitalia.org\/pt-pt\/wp-json\/wp\/v2\/media\/7682"}],"wp:attachment":[{"href":"https:\/\/olemosaic.orbitalia.org\/pt-pt\/wp-json\/wp\/v2\/media?parent=34018"}],"wp:term":[{"taxonomy":"product_brand","embeddable":true,"href":"https:\/\/olemosaic.orbitalia.org\/pt-pt\/wp-json\/wp\/v2\/product_brand?post=34018"},{"taxonomy":"product_cat","embeddable":true,"href":"https:\/\/olemosaic.orbitalia.org\/pt-pt\/wp-json\/wp\/v2\/product_cat?post=34018"},{"taxonomy":"product_tag","embeddable":true,"href":"https:\/\/olemosaic.orbitalia.org\/pt-pt\/wp-json\/wp\/v2\/product_tag?post=34018"}],"curies":[{"name":"wp","href":"https:\/\/api.w.org\/{rel}","templated":true}]}}