{"id":33983,"date":"2025-02-20T23:33:55","date_gmt":"2025-02-20T22:33:55","guid":{"rendered":"https:\/\/olemosaic.orbitalia.org\/producto\/mug-de-ceramica-bailaora-granada-beige-2\/"},"modified":"2025-07-25T19:32:27","modified_gmt":"2025-07-25T17:32:27","slug":"caneca-de-ceramica-bailarina-granada-bege-2","status":"publish","type":"product","link":"https:\/\/olemosaic.orbitalia.org\/pt-pt\/produto\/caneca-de-ceramica-bailarina-granada-bege-2\/","title":{"rendered":"Caneca de cer\u00e2mica. Bailarina. Arte flamenca. Granada. Bege."},"content":{"rendered":"<p>Esta caneca de cer\u00e2mica \u00e9 uma magn\u00edfica homenagem \u00e0 cultura flamenca de Granada, desenhada para capturar a ess\u00eancia vibrante desta emblem\u00e1tica cidade andaluza. Com um acabamento colorido e um interior bege, esta caneca destaca-se pela sua ilustra\u00e7\u00e3o de uma bailaora em pleno movimento, trajada com um vestido multicolorido que real\u00e7a a sua graciosidade e paix\u00e3o. A bailaora est\u00e1 rodeada de elegantes flores vermelhas, criando um belo contraste que evoca a rica tradi\u00e7\u00e3o do flamenco, enquanto a palavra &#8220;Granada&#8221; se destaca na parte superior, ligando diretamente o produto \u00e0 sua origem cultural.<\/p>\n<p>A caneca n\u00e3o \u00e9 apenas visualmente atraente, mas tamb\u00e9m funcional, perfeita para desfrutar de uma ch\u00e1vena de caf\u00e9 ou ch\u00e1 enquanto se deixa levar pela beleza da arte flamenca. A elegante decora\u00e7\u00e3o exterior, juntamente com a colher vermelha que a acompanha, torna esta caneca num souvenir ideal para quem deseja recordar a sua visita a Granada ou para oferec\u00ea-la como uma recorda\u00e7\u00e3o \u00fanica.<\/p>\n<p>Na Ol\u00e9 Mosaic, somos especialistas na distribui\u00e7\u00e3o de souvenirs por grosso e esta caneca de cer\u00e2mica flamenca n\u00e3o s\u00f3 representa a autenticidade da cultura andaluza, como tamb\u00e9m \u00e9 uma excelente op\u00e7\u00e3o para lojas de presentes tur\u00edsticos que procuram oferecer produtos aut\u00eanticos e de qualidade aos seus clientes. Esta caneca \u00e9 uma recorda\u00e7\u00e3o emotiva da rica heran\u00e7a cultural de Granada, o que a torna um item imprescind\u00edvel em qualquer cole\u00e7\u00e3o de souvenirs.<\/p>\n","protected":false},"excerpt":{"rendered":"<p>Caneca de cer\u00e2mica com um design vibrante inspirado na cultura flamenca de Granada. Esta pe\u00e7a apresenta uma ilustra\u00e7\u00e3o colorida de uma bailaora com um vestido multicolorido, rodeada de flores vermelhas e decorada com a palavra &#8220;Granada&#8221;. A cer\u00e2mica tem um acabamento brilhante e um interior bege, complementado por uma colher em tons vermelhos, o que torna esta caneca numa recorda\u00e7\u00e3o atraente que capta a ess\u00eancia da arte e da tradi\u00e7\u00e3o andaluzas.<\/p>\n","protected":false},"featured_media":6877,"template":"","meta":{"_acf_changed":false},"product_brand":[],"product_cat":[726],"product_tag":[515],"class_list":{"0":"post-33983","1":"product","2":"type-product","3":"status-publish","4":"has-post-thumbnail","6":"product_cat-mugs","7":"product_tag-ceramica","8":"pa_ciudad-granada","9":"pa_motivo-dancarinos","10":"pa_pais-espana","12":"first","13":"instock","14":"shipping-taxable","15":"product-type-simple"},"acf":[],"_links":{"self":[{"href":"https:\/\/olemosaic.orbitalia.org\/pt-pt\/wp-json\/wp\/v2\/product\/33983","targetHints":{"allow":["GET"]}}],"collection":[{"href":"https:\/\/olemosaic.orbitalia.org\/pt-pt\/wp-json\/wp\/v2\/product"}],"about":[{"href":"https:\/\/olemosaic.orbitalia.org\/pt-pt\/wp-json\/wp\/v2\/types\/product"}],"wp:featuredmedia":[{"embeddable":true,"href":"https:\/\/olemosaic.orbitalia.org\/pt-pt\/wp-json\/wp\/v2\/media\/6877"}],"wp:attachment":[{"href":"https:\/\/olemosaic.orbitalia.org\/pt-pt\/wp-json\/wp\/v2\/media?parent=33983"}],"wp:term":[{"taxonomy":"product_brand","embeddable":true,"href":"https:\/\/olemosaic.orbitalia.org\/pt-pt\/wp-json\/wp\/v2\/product_brand?post=33983"},{"taxonomy":"product_cat","embeddable":true,"href":"https:\/\/olemosaic.orbitalia.org\/pt-pt\/wp-json\/wp\/v2\/product_cat?post=33983"},{"taxonomy":"product_tag","embeddable":true,"href":"https:\/\/olemosaic.orbitalia.org\/pt-pt\/wp-json\/wp\/v2\/product_tag?post=33983"}],"curies":[{"name":"wp","href":"https:\/\/api.w.org\/{rel}","templated":true}]}}