{"id":33980,"date":"2025-02-20T23:33:54","date_gmt":"2025-02-20T22:33:54","guid":{"rendered":"https:\/\/olemosaic.orbitalia.org\/producto\/mug-de-ceramica-salamandra-y-flores-barcelona-blanco-95-cm\/"},"modified":"2025-07-25T19:45:59","modified_gmt":"2025-07-25T17:45:59","slug":"caneca-de-ceramica-salamandra-e-flores-barcelona-branco-9-5-cm","status":"publish","type":"product","link":"https:\/\/olemosaic.orbitalia.org\/pt-pt\/produto\/caneca-de-ceramica-salamandra-e-flores-barcelona-branco-9-5-cm\/","title":{"rendered":"Caneca de cer\u00e2mica. Salamandra e flores. Barcelona. Branco. 9,5 cm."},"content":{"rendered":"<p>Esta caneca de cer\u00e2mica decorativa \u00e9 uma aut\u00eantica joia inspirada no modernismo barcelon\u00eas, desenhada para encantar quem procura uma recorda\u00e7\u00e3o cultural significativa. Com um di\u00e2metro de 9,5 cm, a sua ilustra\u00e7\u00e3o vibrante apresenta uma encantadora salamandra rodeada de mosaicos coloridos e flores, que capturam a ess\u00eancia art\u00edstica da cidade. O fundo branco real\u00e7a os tons intensos de vermelho, azul e amarelo, evocando as obras-primas de Antoni Gaud\u00ed e a emblem\u00e1tica arquitetura de Barcelona, famosa pela sua inova\u00e7\u00e3o e criatividade.<\/p>\n<p>A asa da caneca, esculpida em forma de salamandra, acrescenta um toque l\u00fadico e distintivo, ideal tanto para os amantes da arte como para aqueles que desejam levar consigo um pedacinho da cultura catal\u00e3. Este design n\u00e3o \u00e9 apenas visualmente atraente, mas tamb\u00e9m funcional, tornando-o uma excelente op\u00e7\u00e3o para desfrutar de uma bebida quente enquanto se aprecia a sua singularidade.<\/p>\n<p>Na Ol\u00e9 Mosaic, orgulhamo-nos de oferecer souvenirs aut\u00eanticos que refletem a riqueza do patrim\u00f3nio espanhol, e esta caneca de Barcelona \u00e9 uma escolha perfeita para lojas de presentes tur\u00edsticos. Com a sua liga\u00e7\u00e3o art\u00edstica e cultural, torna-se uma recorda\u00e7\u00e3o representativa da vida vibrante da cidade, ideal para quem procura souvenirs de cer\u00e2mica que captem a magia de cada destino.<\/p>\n","protected":false},"excerpt":{"rendered":"<p>Caneca de cer\u00e2mica decorativa inspirada no modernismo barcelon\u00eas, com uma ilustra\u00e7\u00e3o vibrante de uma salamandra rodeada de flores em mosaicos coloridos. Com um di\u00e2metro de 9,5 cm, este design original apresenta um fundo branco que real\u00e7a os tons vivos de vermelho, azul e amarelo, evocando a ess\u00eancia arquitet\u00f3nica da cidade. A asa da caneca, com forma de salamandra, acrescenta um toque l\u00fadico e distintivo, ideal para os amantes da arte e da cultura catal\u00e3.<\/p>\n","protected":false},"featured_media":8067,"template":"","meta":{"_acf_changed":false},"product_brand":[],"product_cat":[726],"product_tag":[516,515],"class_list":{"0":"post-33980","1":"product","2":"type-product","3":"status-publish","4":"has-post-thumbnail","6":"product_cat-mugs","7":"product_tag-animais","8":"product_tag-ceramica","9":"pa_ciudad-barcelona","10":"pa_motivo-salamandras","11":"pa_pais-espana","13":"first","14":"instock","15":"shipping-taxable","16":"product-type-simple"},"acf":[],"_links":{"self":[{"href":"https:\/\/olemosaic.orbitalia.org\/pt-pt\/wp-json\/wp\/v2\/product\/33980","targetHints":{"allow":["GET"]}}],"collection":[{"href":"https:\/\/olemosaic.orbitalia.org\/pt-pt\/wp-json\/wp\/v2\/product"}],"about":[{"href":"https:\/\/olemosaic.orbitalia.org\/pt-pt\/wp-json\/wp\/v2\/types\/product"}],"wp:featuredmedia":[{"embeddable":true,"href":"https:\/\/olemosaic.orbitalia.org\/pt-pt\/wp-json\/wp\/v2\/media\/8067"}],"wp:attachment":[{"href":"https:\/\/olemosaic.orbitalia.org\/pt-pt\/wp-json\/wp\/v2\/media?parent=33980"}],"wp:term":[{"taxonomy":"product_brand","embeddable":true,"href":"https:\/\/olemosaic.orbitalia.org\/pt-pt\/wp-json\/wp\/v2\/product_brand?post=33980"},{"taxonomy":"product_cat","embeddable":true,"href":"https:\/\/olemosaic.orbitalia.org\/pt-pt\/wp-json\/wp\/v2\/product_cat?post=33980"},{"taxonomy":"product_tag","embeddable":true,"href":"https:\/\/olemosaic.orbitalia.org\/pt-pt\/wp-json\/wp\/v2\/product_tag?post=33980"}],"curies":[{"name":"wp","href":"https:\/\/api.w.org\/{rel}","templated":true}]}}