{"id":33971,"date":"2025-02-20T23:33:53","date_gmt":"2025-02-20T22:33:53","guid":{"rendered":"https:\/\/olemosaic.orbitalia.org\/producto\/mug-de-ceramica-lisboa-azul-95-cm\/"},"modified":"2025-07-25T20:18:03","modified_gmt":"2025-07-25T18:18:03","slug":"caneca-de-ceramica-lisboa-azul-95-cm","status":"publish","type":"product","link":"https:\/\/olemosaic.orbitalia.org\/pt-pt\/produto\/caneca-de-ceramica-lisboa-azul-95-cm\/","title":{"rendered":"Caneca de cer\u00e2mica. Lisboa. Azul. 9,5 cm."},"content":{"rendered":"<p>Esta caneca de cer\u00e2mica, decorada com uma panor\u00e2mica vibrante de Lisboa, \u00e9 um souvenir que capta a ess\u00eancia da emblem\u00e1tica capital portuguesa. Com um di\u00e2metro de 9,5 cm, esta caneca apresenta um design pintado \u00e0 m\u00e3o que destaca a majestosa c\u00fapula dourada de uma das muitas igrejas da cidade, rodeada pelos coloridos telhados vermelhos e amarelos que caracterizam a sua arquitetura. O fundo azul da caneca contrasta maravilhosamente com o interior laranja, criando uma pe\u00e7a visualmente atraente que, al\u00e9m de ser funcional, atua como uma obra de arte.<\/p>\n<p>A ilustra\u00e7\u00e3o representa a beleza ic\u00f3nica de Lisboa, evocando o encanto dos seus bairros hist\u00f3ricos e o calor do seu ambiente. Esta caneca \u00e9 ideal para desfrutar do seu caf\u00e9 matinal ou ch\u00e1 vespertino, transportando-o instantaneamente para as ruas coloridas da cidade. Na Ol\u00e9 Mosaic, compreendemos a import\u00e2ncia de cultivar as liga\u00e7\u00f5es culturais, pelo que oferecemos esta caneca como uma aut\u00eantica recorda\u00e7\u00e3o de Lisboa, perfeita para os turistas que procuram levar uma parte desta vibrante capital. Al\u00e9m disso, como distribuidores de souvenirs por grosso, garantimos a qualidade e autenticidade de cada pe\u00e7a, tornando esta caneca um excelente produto para lojas de presentes tur\u00edsticos que desejem oferecer recorda\u00e7\u00f5es \u00fanicas e representativas.<\/p>\n","protected":false},"excerpt":{"rendered":"<p>Caneca de cer\u00e2mica decorada com uma panor\u00e2mica vibrante de Lisboa, onde se destacam a emblem\u00e1tica c\u00fapula dourada e os coloridos telhados da cidade. Com um di\u00e2metro de 9,5 cm, esta caneca apresenta um design artesanal, pintado \u00e0 m\u00e3o, que capta a ess\u00eancia dos edif\u00edcios tradicionais lisboetas, sobre um fundo azul que contrasta com o interior laranja. Ideal para desfrutar das suas bebidas favoritas enquanto se transporta para a beleza desta ic\u00f3nica capital portuguesa.<\/p>\n","protected":false},"featured_media":9907,"template":"","meta":{"_acf_changed":false},"product_brand":[],"product_cat":[726],"product_tag":[515],"class_list":{"0":"post-33971","1":"product","2":"type-product","3":"status-publish","4":"has-post-thumbnail","6":"product_cat-mugs","7":"product_tag-ceramica","8":"pa_ciudad-lisboa","9":"pa_pais-portugal","11":"first","12":"instock","13":"shipping-taxable","14":"product-type-simple"},"acf":[],"_links":{"self":[{"href":"https:\/\/olemosaic.orbitalia.org\/pt-pt\/wp-json\/wp\/v2\/product\/33971","targetHints":{"allow":["GET"]}}],"collection":[{"href":"https:\/\/olemosaic.orbitalia.org\/pt-pt\/wp-json\/wp\/v2\/product"}],"about":[{"href":"https:\/\/olemosaic.orbitalia.org\/pt-pt\/wp-json\/wp\/v2\/types\/product"}],"wp:featuredmedia":[{"embeddable":true,"href":"https:\/\/olemosaic.orbitalia.org\/pt-pt\/wp-json\/wp\/v2\/media\/9907"}],"wp:attachment":[{"href":"https:\/\/olemosaic.orbitalia.org\/pt-pt\/wp-json\/wp\/v2\/media?parent=33971"}],"wp:term":[{"taxonomy":"product_brand","embeddable":true,"href":"https:\/\/olemosaic.orbitalia.org\/pt-pt\/wp-json\/wp\/v2\/product_brand?post=33971"},{"taxonomy":"product_cat","embeddable":true,"href":"https:\/\/olemosaic.orbitalia.org\/pt-pt\/wp-json\/wp\/v2\/product_cat?post=33971"},{"taxonomy":"product_tag","embeddable":true,"href":"https:\/\/olemosaic.orbitalia.org\/pt-pt\/wp-json\/wp\/v2\/product_tag?post=33971"}],"curies":[{"name":"wp","href":"https:\/\/api.w.org\/{rel}","templated":true}]}}