{"id":33954,"date":"2025-02-20T23:33:52","date_gmt":"2025-02-20T22:33:52","guid":{"rendered":"https:\/\/olemosaic.orbitalia.org\/producto\/mug-de-ceramica-bailaora-beige\/"},"modified":"2025-07-25T18:54:50","modified_gmt":"2025-07-25T16:54:50","slug":"caneca-de-ceramica-bailarina-flamenco-bege","status":"publish","type":"product","link":"https:\/\/olemosaic.orbitalia.org\/pt-pt\/produto\/caneca-de-ceramica-bailarina-flamenco-bege\/","title":{"rendered":"Caneca de cer\u00e2mica. Bailarina de Flamenco. Bege."},"content":{"rendered":"<p>Esta caneca de cer\u00e2mica decorada com ilustra\u00e7\u00f5es elegantes de bailarinas de flamenco captura a ess\u00eancia vibrante do folclore espanhol. Com um design que combina tons de bege e vermelho, a caneca mostra duas mulheres vestidas com trajes tradicionais: uma com um vestido vermelho de bolinhas brancas e a outra com um impressionante vestido preto com folhos, ambas em poses din\u00e2micas que evocam o movimento e a paix\u00e3o do flamenco. A palavra &#8220;ESPA\u00d1A&#8221;, adornada com delicadas rosas vermelhas, mergulha os utilizadores no esp\u00edrito cultural do pa\u00eds.<\/p>\n<p>A cer\u00e2mica de alta qualidade garante durabilidade e uma apresenta\u00e7\u00e3o impec\u00e1vel, tornando esta caneca uma recorda\u00e7\u00e3o ideal para quem deseja levar consigo um peda\u00e7o da rica heran\u00e7a andaluza. Esta recorda\u00e7\u00e3o n\u00e3o \u00e9 apenas funcional, mas tamb\u00e9m uma afirma\u00e7\u00e3o de estilo e autenticidade, o que a torna um objeto desej\u00e1vel para turistas e amantes da cultura espanhola. Al\u00e9m disso, a caneca inclui uma colher a condizer, um complemento perfeito para desfrutar de uma bebida quente como caf\u00e9 ou ch\u00e1.<\/p>\n<p>Na Ol\u00e9 Mosaic, especializamo-nos na distribui\u00e7\u00e3o grossista de recorda\u00e7\u00f5es, oferecendo canecas de cer\u00e2mica aut\u00eanticas que representam a tradi\u00e7\u00e3o espanhola. Esta caneca de bailarinas \u00e9 uma escolha excecional para lojas de presentes tur\u00edsticos que procuram produtos \u00fanicos que reflitam a riqueza cultural de Espanha, ideal para atrair quem procura recorda\u00e7\u00f5es de qualidade com uma forte componente cultural.<\/p>\n","protected":false},"excerpt":{"rendered":"<p>Caneca de cer\u00e2mica decorada com ilustra\u00e7\u00f5es elegantes de bailarinas de flamenco, que capturam a ess\u00eancia do folclore espanhol. Em tons de bege e vermelho, o design mostra duas mulheres com trajes tradicionais: uma com bolinhas vermelhas e outra com um vestido preto com folhos, cada uma numa pose din\u00e2mica. A palavra &#8220;ESPA\u00d1A&#8221;, adornada com rosas vermelhas, completa o conjunto, tornando esta caneca uma pe\u00e7a \u00fanica e distintiva para os amantes da cultura andaluza. Al\u00e9m disso, inclui uma colher a condizer, ideal para desfrutar da sua bebida favorita.<\/p>\n","protected":false},"featured_media":6860,"template":"","meta":{"_acf_changed":false},"product_brand":[],"product_cat":[726],"product_tag":[515],"class_list":{"0":"post-33954","1":"product","2":"type-product","3":"status-publish","4":"has-post-thumbnail","6":"product_cat-mugs","7":"product_tag-ceramica","8":"pa_motivo-dancarinos","10":"first","11":"instock","12":"shipping-taxable","13":"product-type-simple"},"acf":[],"_links":{"self":[{"href":"https:\/\/olemosaic.orbitalia.org\/pt-pt\/wp-json\/wp\/v2\/product\/33954","targetHints":{"allow":["GET"]}}],"collection":[{"href":"https:\/\/olemosaic.orbitalia.org\/pt-pt\/wp-json\/wp\/v2\/product"}],"about":[{"href":"https:\/\/olemosaic.orbitalia.org\/pt-pt\/wp-json\/wp\/v2\/types\/product"}],"wp:featuredmedia":[{"embeddable":true,"href":"https:\/\/olemosaic.orbitalia.org\/pt-pt\/wp-json\/wp\/v2\/media\/6860"}],"wp:attachment":[{"href":"https:\/\/olemosaic.orbitalia.org\/pt-pt\/wp-json\/wp\/v2\/media?parent=33954"}],"wp:term":[{"taxonomy":"product_brand","embeddable":true,"href":"https:\/\/olemosaic.orbitalia.org\/pt-pt\/wp-json\/wp\/v2\/product_brand?post=33954"},{"taxonomy":"product_cat","embeddable":true,"href":"https:\/\/olemosaic.orbitalia.org\/pt-pt\/wp-json\/wp\/v2\/product_cat?post=33954"},{"taxonomy":"product_tag","embeddable":true,"href":"https:\/\/olemosaic.orbitalia.org\/pt-pt\/wp-json\/wp\/v2\/product_tag?post=33954"}],"curies":[{"name":"wp","href":"https:\/\/api.w.org\/{rel}","templated":true}]}}