{"id":33939,"date":"2025-02-20T23:33:52","date_gmt":"2025-02-20T22:33:52","guid":{"rendered":"https:\/\/olemosaic.orbitalia.org\/producto\/mug-de-ceramica-toro-beige\/"},"modified":"2025-07-25T20:39:59","modified_gmt":"2025-07-25T18:39:59","slug":"caneca-de-ceramica-touro-bege","status":"publish","type":"product","link":"https:\/\/olemosaic.orbitalia.org\/pt-pt\/produto\/caneca-de-ceramica-touro-bege\/","title":{"rendered":"Caneca de cer\u00e2mica. Touro. Bege."},"content":{"rendered":"<p>Esta caneca de cer\u00e2mica decorada com um design vibrante de um touro \u00e9 um aut\u00eantico s\u00edmbolo da cultura espanhola. O seu elegante acabamento bege contrasta maravilhosamente com o interior vermelho, criando um efeito visual atraente que cativa a aten\u00e7\u00e3o. A pe\u00e7a apresenta um mosaico colorido pintado \u00e0 m\u00e3o, onde os tons chamativos de verde, azul e vermelho delineiam a figura do touro, um \u00edcone representativo do esp\u00edrito e da tradi\u00e7\u00e3o de ESPANHA. Este design \u00e9 complementado com detalhes decorativos que evocam a riqueza cultural do pa\u00eds, adicionando profundidade e car\u00e1ter ao produto.<\/p>\n<p>Incorporando a palavra &#8220;ESPANHA&#8221; num lugar de destaque, esta caneca n\u00e3o s\u00f3 \u00e9 ideal para desfrutar das suas bebidas favoritas, como tamb\u00e9m atua como uma recorda\u00e7\u00e3o significativa para todos os que desejem levar um peda\u00e7o da cultura espanhola para o seu lar. A liga\u00e7\u00e3o cultural do touro com tradi\u00e7\u00f5es como a tauromaquia real\u00e7a a sua relev\u00e2ncia, tornando esta caneca um souvenir perfeito para turistas que procuram autenticidade nas suas compras.<\/p>\n<p>Na Ol\u00e9 Mosaic, somos distribuidores de souvenirs por grosso, oferecendo artigos \u00fanicos que celebram a diversidade cultural de Espanha. Esta caneca de cer\u00e2mica \u00e9 uma excelente op\u00e7\u00e3o para lojas de presentes tur\u00edsticos que procuram souvenirs de cer\u00e2mica aut\u00eanticos, proporcionando um toque especial e representativo da rica heran\u00e7a espanhola.<\/p>\n","protected":false},"excerpt":{"rendered":"<p>Caneca de cer\u00e2mica decorada com um design vibrante de um touro, s\u00edmbolo ic\u00f3nico de Espanha. Esta elegante caneca, de cor bege com o interior vermelho, apresenta um mosaico colorido de design artesanal, pintado \u00e0 m\u00e3o, que se destaca pelas suas chamativas nuances verdes, azuis e vermelhas, real\u00e7ando a figura do touro sobre um fundo com detalhes decorativos. Al\u00e9m disso, inclui a palavra &#8220;ESPANHA&#8221;, adicionando um toque aut\u00eantico e cultural a este produto ideal para desfrutar das suas bebidas favoritas.<\/p>\n","protected":false},"featured_media":6859,"template":"","meta":{"_acf_changed":false},"product_brand":[],"product_cat":[726],"product_tag":[516,515],"class_list":{"0":"post-33939","1":"product","2":"type-product","3":"status-publish","4":"has-post-thumbnail","6":"product_cat-mugs","7":"product_tag-animais","8":"product_tag-ceramica","9":"pa_motivo-touros","11":"first","12":"instock","13":"shipping-taxable","14":"product-type-simple"},"acf":[],"_links":{"self":[{"href":"https:\/\/olemosaic.orbitalia.org\/pt-pt\/wp-json\/wp\/v2\/product\/33939","targetHints":{"allow":["GET"]}}],"collection":[{"href":"https:\/\/olemosaic.orbitalia.org\/pt-pt\/wp-json\/wp\/v2\/product"}],"about":[{"href":"https:\/\/olemosaic.orbitalia.org\/pt-pt\/wp-json\/wp\/v2\/types\/product"}],"wp:featuredmedia":[{"embeddable":true,"href":"https:\/\/olemosaic.orbitalia.org\/pt-pt\/wp-json\/wp\/v2\/media\/6859"}],"wp:attachment":[{"href":"https:\/\/olemosaic.orbitalia.org\/pt-pt\/wp-json\/wp\/v2\/media?parent=33939"}],"wp:term":[{"taxonomy":"product_brand","embeddable":true,"href":"https:\/\/olemosaic.orbitalia.org\/pt-pt\/wp-json\/wp\/v2\/product_brand?post=33939"},{"taxonomy":"product_cat","embeddable":true,"href":"https:\/\/olemosaic.orbitalia.org\/pt-pt\/wp-json\/wp\/v2\/product_cat?post=33939"},{"taxonomy":"product_tag","embeddable":true,"href":"https:\/\/olemosaic.orbitalia.org\/pt-pt\/wp-json\/wp\/v2\/product_tag?post=33939"}],"curies":[{"name":"wp","href":"https:\/\/api.w.org\/{rel}","templated":true}]}}