{"id":33937,"date":"2025-02-20T23:33:51","date_gmt":"2025-02-20T22:33:51","guid":{"rendered":"https:\/\/olemosaic.orbitalia.org\/producto\/mug-de-ceramica-caballito-de-mar-beige\/"},"modified":"2025-07-25T19:30:11","modified_gmt":"2025-07-25T17:30:11","slug":"caneca-de-ceramica-cavalo-marinho-bege","status":"publish","type":"product","link":"https:\/\/olemosaic.orbitalia.org\/pt-pt\/produto\/caneca-de-ceramica-cavalo-marinho-bege\/","title":{"rendered":"Caneca de cer\u00e2mica. Cavalo-marinho. Bege."},"content":{"rendered":"<p>Esta caneca de cer\u00e2mica decorada com cavalos-marinhos \u00e9 uma aut\u00eantica homenagem \u00e0 beleza do Mediterr\u00e2neo. Com um design vibrante e refinado, apresenta uma s\u00e9rie de cavalos-marinhos em mosaico, dispostos harmoniosamente sobre um fundo bege que evoca a areia das praias mediterr\u00e2nicas. As cores vivas, como o vermelho, o azul e o verde, real\u00e7am a est\u00e9tica da caneca, criando uma pe\u00e7a visualmente cativante que atrai tanto pela sua arte como pela sua funcionalidade.<\/p>\n<p>A parte superior da caneca \u00e9 adornada com um elegante rebordo vermelho, que adiciona um toque de sofistica\u00e7\u00e3o, enquanto a sua forma ergon\u00f3mica permite um manuseamento confort\u00e1vel, ideal para desfrutar das suas bebidas favoritas. Complementada com uma colher a condizer, esta caneca torna-se um presente excecional para aqueles que procuram levar um pedacinho do mar para casa. O design \u00e9 uma representa\u00e7\u00e3o perfeita da cultura costeira, capturando a ess\u00eancia do folclore mediterr\u00e2nico e a sua riqueza natural.<\/p>\n<p>Como parte da nossa cole\u00e7\u00e3o de souvenirs na Ol\u00e9 Mosaic, esta caneca de cavalos-marinhos \u00e9 uma excelente op\u00e7\u00e3o para lojas de presentes tur\u00edsticos que desejem oferecer produtos aut\u00eanticos e de qualidade. A sua relev\u00e2ncia cultural e est\u00e9tica tornam-na uma recorda\u00e7\u00e3o muito especial que encantar\u00e1 os turistas que procuram souvenirs \u00fanicos. Como grossistas de artigos tradicionais, garantimos que cada pe\u00e7a \u00e9 um testemunho da rica heran\u00e7a artesanal do Mediterr\u00e2neo.<\/p>\n","protected":false},"excerpt":{"rendered":"<p>Caneca de cer\u00e2mica decorada com alegres cavalos-marinhos, inspirada na beleza do Mediterr\u00e2neo. Este design refinado apresenta motivos de mosaico em vibrantes tons de vermelho, azul e verde, sobre um fundo bege, evocando um ambiente mar\u00edtimo. A parte superior da caneca \u00e9 complementada com um rebordo vermelho e a pe\u00e7a inclui uma colher a condizer, perfeita para desfrutar das suas bebidas favoritas com um toque art\u00edstico.<\/p>\n","protected":false},"featured_media":6939,"template":"","meta":{"_acf_changed":false},"product_brand":[],"product_cat":[726],"product_tag":[516,515],"class_list":{"0":"post-33937","1":"product","2":"type-product","3":"status-publish","4":"has-post-thumbnail","6":"product_cat-mugs","7":"product_tag-animais","8":"product_tag-ceramica","9":"pa_motivo-cavalos-marinhos","11":"first","12":"instock","13":"shipping-taxable","14":"product-type-simple"},"acf":[],"_links":{"self":[{"href":"https:\/\/olemosaic.orbitalia.org\/pt-pt\/wp-json\/wp\/v2\/product\/33937","targetHints":{"allow":["GET"]}}],"collection":[{"href":"https:\/\/olemosaic.orbitalia.org\/pt-pt\/wp-json\/wp\/v2\/product"}],"about":[{"href":"https:\/\/olemosaic.orbitalia.org\/pt-pt\/wp-json\/wp\/v2\/types\/product"}],"wp:featuredmedia":[{"embeddable":true,"href":"https:\/\/olemosaic.orbitalia.org\/pt-pt\/wp-json\/wp\/v2\/media\/6939"}],"wp:attachment":[{"href":"https:\/\/olemosaic.orbitalia.org\/pt-pt\/wp-json\/wp\/v2\/media?parent=33937"}],"wp:term":[{"taxonomy":"product_brand","embeddable":true,"href":"https:\/\/olemosaic.orbitalia.org\/pt-pt\/wp-json\/wp\/v2\/product_brand?post=33937"},{"taxonomy":"product_cat","embeddable":true,"href":"https:\/\/olemosaic.orbitalia.org\/pt-pt\/wp-json\/wp\/v2\/product_cat?post=33937"},{"taxonomy":"product_tag","embeddable":true,"href":"https:\/\/olemosaic.orbitalia.org\/pt-pt\/wp-json\/wp\/v2\/product_tag?post=33937"}],"curies":[{"name":"wp","href":"https:\/\/api.w.org\/{rel}","templated":true}]}}