{"id":33911,"date":"2025-02-20T23:33:49","date_gmt":"2025-02-20T22:33:49","guid":{"rendered":"https:\/\/olemosaic.orbitalia.org\/producto\/mug-de-ceramica-gato-beige\/"},"modified":"2025-07-25T19:28:04","modified_gmt":"2025-07-25T17:28:04","slug":"caneca-de-ceramica-gato-bege","status":"publish","type":"product","link":"https:\/\/olemosaic.orbitalia.org\/pt-pt\/produto\/caneca-de-ceramica-gato-bege\/","title":{"rendered":"Caneca de cer\u00e2mica. Gato. Bege."},"content":{"rendered":"<p>Esta caneca de cer\u00e2mica com um design vibrante de gato \u00e9 o complemento perfeito para os amantes de felinos e um souvenir ideal que capta a ess\u00eancia da cultura mediterr\u00e2nica. Com um acabamento num delicado tom bege, este artigo destaca-se pelo seu colorido mosaico que d\u00e1 vida ao gato, onde se fundem tons brilhantes de azul, verde, vermelho e amarelo. As borboletas que esvoa\u00e7am ao redor do gato adicionam um toque alegre e din\u00e2mico \u00e0 pe\u00e7a, simbolizando a liberdade e a beleza da natureza. O interior vermelho da caneca, juntamente com a colher a condizer, proporciona um contraste atraente que convida a desfrutar de um pequeno-almo\u00e7o vibrante ou momentos de caf\u00e9 relaxantes.<\/p>\n<p>Esta caneca n\u00e3o s\u00f3 \u00e9 funcional, como tamb\u00e9m representa uma liga\u00e7\u00e3o cultural significativa, evocando a tradi\u00e7\u00e3o art\u00edstica da cer\u00e2mica mediterr\u00e2nica, conhecida pelo seu colorido e detalhado trabalho manual. Na Ol\u00e9 Mosaic, especializamo-nos na distribui\u00e7\u00e3o de souvenirs por grosso, e esta caneca de gato \u00e9 um excelente exemplo da nossa sele\u00e7\u00e3o de produtos aut\u00eanticos que destacam la cultura local. Ideal para lojas de presentes tur\u00edsticos, este souvenir n\u00e3o s\u00f3 \u00e9 uma recorda\u00e7\u00e3o visual da sua visita, mas tamb\u00e9m uma pe\u00e7a que celebra a alegria e a criatividade que definem a regi\u00e3o. Com o seu estilo \u00fanico, esta caneca \u00e9 um presente original que certamente encantar\u00e1 quem procura levar um pedacinho de arte mediterr\u00e2nica para casa.<\/p>\n","protected":false},"excerpt":{"rendered":"<p>Caneca de cer\u00e2mica com um design colorido de gato, ideal para os amantes de felinos. Este artigo apresenta um acabamento bege com um mosaico encantador em v\u00e1rias cores que d\u00e1 vida ao gato, adornado com borboletas em voo. O seu interior vermelho e a colher a condizer adicionam um toque vibrante. Perfeita para um pequeno-almo\u00e7o alegre ou como presente original, captando o esp\u00edrito art\u00edstico da cultura mediterr\u00e2nica.<\/p>\n","protected":false},"featured_media":7294,"template":"","meta":{"_acf_changed":false},"product_brand":[],"product_cat":[726],"product_tag":[516,515],"class_list":{"0":"post-33911","1":"product","2":"type-product","3":"status-publish","4":"has-post-thumbnail","6":"product_cat-mugs","7":"product_tag-animais","8":"product_tag-ceramica","9":"pa_motivo-gatos","11":"first","12":"instock","13":"shipping-taxable","14":"product-type-simple"},"acf":[],"_links":{"self":[{"href":"https:\/\/olemosaic.orbitalia.org\/pt-pt\/wp-json\/wp\/v2\/product\/33911","targetHints":{"allow":["GET"]}}],"collection":[{"href":"https:\/\/olemosaic.orbitalia.org\/pt-pt\/wp-json\/wp\/v2\/product"}],"about":[{"href":"https:\/\/olemosaic.orbitalia.org\/pt-pt\/wp-json\/wp\/v2\/types\/product"}],"wp:featuredmedia":[{"embeddable":true,"href":"https:\/\/olemosaic.orbitalia.org\/pt-pt\/wp-json\/wp\/v2\/media\/7294"}],"wp:attachment":[{"href":"https:\/\/olemosaic.orbitalia.org\/pt-pt\/wp-json\/wp\/v2\/media?parent=33911"}],"wp:term":[{"taxonomy":"product_brand","embeddable":true,"href":"https:\/\/olemosaic.orbitalia.org\/pt-pt\/wp-json\/wp\/v2\/product_brand?post=33911"},{"taxonomy":"product_cat","embeddable":true,"href":"https:\/\/olemosaic.orbitalia.org\/pt-pt\/wp-json\/wp\/v2\/product_cat?post=33911"},{"taxonomy":"product_tag","embeddable":true,"href":"https:\/\/olemosaic.orbitalia.org\/pt-pt\/wp-json\/wp\/v2\/product_tag?post=33911"}],"curies":[{"name":"wp","href":"https:\/\/api.w.org\/{rel}","templated":true}]}}