{"id":33888,"date":"2025-02-20T23:33:47","date_gmt":"2025-02-20T22:33:47","guid":{"rendered":"https:\/\/olemosaic.orbitalia.org\/producto\/mug-de-ceramica-marbella-blanco-95-cm\/"},"modified":"2025-07-25T18:54:12","modified_gmt":"2025-07-25T16:54:12","slug":"caneca-de-ceramica-marbella-branco-9-5-cm","status":"publish","type":"product","link":"https:\/\/olemosaic.orbitalia.org\/pt-pt\/produto\/caneca-de-ceramica-marbella-branco-9-5-cm\/","title":{"rendered":"Caneca de cer\u00e2mica. Marbella. Branco. 9,5 cm."},"content":{"rendered":"<p>Esta caneca de cer\u00e2mica branca, com uma altura de 9,5 cm, \u00e9 uma representa\u00e7\u00e3o \u00fanica do encanto de Marbella, uma joia da Costa del Sol. Criada com esmero, esta caneca destaca-se pelo seu vibrante interior de cor laranja, que contrasta na perfei\u00e7\u00e3o com as ilustra\u00e7\u00f5es art\u00edsticas do seu exterior. As decora\u00e7\u00f5es mostram um p\u00e1tio andaluz acolhedor adornado com vasos coloridos e um lampi\u00e3o, evocando a atmosfera relaxante e pitoresca das ruas de Marbella. Al\u00e9m disso, o design exterior apresenta uma encantadora representa\u00e7\u00e3o do t\u00edpico mosaico andaluz, que n\u00e3o s\u00f3 real\u00e7a a identidade cultural da regi\u00e3o, mas tamb\u00e9m confere um toque de eleg\u00e2ncia \u00e0 pe\u00e7a.<\/p>\n<p>Esta caneca \u00e9 mais do que um simples objeto; \u00e9 uma recorda\u00e7\u00e3o maravilhosa que captura a ess\u00eancia de Marbella e a sua rica heran\u00e7a arquitet\u00f3nica e cultural. Perfeita para os turistas que procuram levar um peda\u00e7o da Andaluzia para casa, funciona tanto como pe\u00e7a decorativa como um acess\u00f3rio pr\u00e1tico para o lar. Na Ol\u00e9 Mosaic, orgulhamo-nos de oferecer produtos aut\u00eanticos que refletem a beleza e o folclore espanhol. Esta caneca de cer\u00e2mica \u00e9 uma excelente op\u00e7\u00e3o para lojas de presentes tur\u00edsticos que desejem oferecer recorda\u00e7\u00f5es aut\u00eanticas de Marbella, destacando la qualidade e o design exclusivo da nossa cole\u00e7\u00e3o.<\/p>\n","protected":false},"excerpt":{"rendered":"<p>Caneca de cer\u00e2mica branca de 9,5 cm de altura, decorada com ilustra\u00e7\u00f5es que evocam o encanto de Marbella. O design, muito colorido, mostra um p\u00e1tio andaluz com vasos e um lampi\u00e3o. O interior \u00e9 de um laranja vibrante, que contrasta com o exterior, onde se reproduz um mosaico andaluz, capturando a ess\u00eancia e a beleza desta cidade costeira. Ideal para os amantes da cer\u00e2mica tradicional.<\/p>\n","protected":false},"featured_media":9914,"template":"","meta":{"_acf_changed":false},"product_brand":[],"product_cat":[726],"product_tag":[515],"class_list":{"0":"post-33888","1":"product","2":"type-product","3":"status-publish","4":"has-post-thumbnail","6":"product_cat-mugs","7":"product_tag-ceramica","8":"pa_ciudad-marbella","9":"pa_pais-espana","11":"first","12":"instock","13":"shipping-taxable","14":"product-type-simple"},"acf":[],"_links":{"self":[{"href":"https:\/\/olemosaic.orbitalia.org\/pt-pt\/wp-json\/wp\/v2\/product\/33888","targetHints":{"allow":["GET"]}}],"collection":[{"href":"https:\/\/olemosaic.orbitalia.org\/pt-pt\/wp-json\/wp\/v2\/product"}],"about":[{"href":"https:\/\/olemosaic.orbitalia.org\/pt-pt\/wp-json\/wp\/v2\/types\/product"}],"wp:featuredmedia":[{"embeddable":true,"href":"https:\/\/olemosaic.orbitalia.org\/pt-pt\/wp-json\/wp\/v2\/media\/9914"}],"wp:attachment":[{"href":"https:\/\/olemosaic.orbitalia.org\/pt-pt\/wp-json\/wp\/v2\/media?parent=33888"}],"wp:term":[{"taxonomy":"product_brand","embeddable":true,"href":"https:\/\/olemosaic.orbitalia.org\/pt-pt\/wp-json\/wp\/v2\/product_brand?post=33888"},{"taxonomy":"product_cat","embeddable":true,"href":"https:\/\/olemosaic.orbitalia.org\/pt-pt\/wp-json\/wp\/v2\/product_cat?post=33888"},{"taxonomy":"product_tag","embeddable":true,"href":"https:\/\/olemosaic.orbitalia.org\/pt-pt\/wp-json\/wp\/v2\/product_tag?post=33888"}],"curies":[{"name":"wp","href":"https:\/\/api.w.org\/{rel}","templated":true}]}}