{"id":33869,"date":"2025-02-20T22:33:47","date_gmt":"2025-02-20T22:33:47","guid":{"rendered":"https:\/\/olemosaic.orbitalia.org\/producto\/llavero-de-metal-bailaora-barcelona\/"},"modified":"2025-07-25T19:02:00","modified_gmt":"2025-07-25T17:02:00","slug":"porta-chaves-de-metal-bailarina-barcelona","status":"publish","type":"product","link":"https:\/\/olemosaic.orbitalia.org\/pt-pt\/produto\/porta-chaves-de-metal-bailarina-barcelona\/","title":{"rendered":"Porta-chaves de metal. Bailarina. Barcelona."},"content":{"rendered":"<p>Este porta-chaves met\u00e1lico representa uma bailarina colorida, capturando a ess\u00eancia da vibrante cultura barcelonesa. Fabricado em metal de alta qualidade, este porta-chaves destaca-se pelo seu design din\u00e2mico e cheio de vida. A figura da bailarina exibe um vestido decorado com formas geom\u00e9tricas coloridas, que evocam as obras-primas do modernismo catal\u00e3o, enquanto um len\u00e7o na cabe\u00e7a acrescenta um toque tradicional e aut\u00eantico. A bailarina mant\u00e9m-se com gra\u00e7a, simbolizando o movimento e a paix\u00e3o que caracterizam o flamenco, uma arte profundamente enraizada na tradi\u00e7\u00e3o espanhola.<\/p>\n<p>O porta-chaves inclui um texto impresso que diz &#8220;Barcelona&#8221;, tornando-o uma recorda\u00e7\u00e3o perfeita da riqueza cultural da cidade. Este artigo n\u00e3o s\u00f3 \u00e9 um acess\u00f3rio pr\u00e1tico, mas tamb\u00e9m um s\u00edmbolo representativo do patrim\u00f3nio art\u00edstico e folcl\u00f3rico da Catalunha, ideal para quem deseja levar consigo um peda\u00e7o da autenticidade local.<\/p>\n<p>Na Ol\u00e9 Mosaic, oferecemos porta-chaves met\u00e1licos surgidos da tradi\u00e7\u00e3o cultural, que s\u00e3o souvenirs de Barcelona perfeitos para turistas e um complemento imprescind\u00edvel em qualquer loja de presentes tur\u00edsticos. Como distribuidores de souvenirs, garantimos a qualidade e originalidade em cada produto, ideal para quem procura artigos que celebrem as ra\u00edzes culturais e a ess\u00eancia do seu destino.<\/p>\n","protected":false},"excerpt":{"rendered":"<p>Porta-chaves de metal com o design de uma bailarina, uma homenagem vibrante \u00e0 cultura barcelonesa. Fabricado em metal resistente, este porta-chaves destaca-se pelo seu colorido, com uma bailarina vestida com um traje de formas geom\u00e9tricas cheias de vida e um len\u00e7o na cabe\u00e7a. A figura, elegante e estilizada, completa-se com a inscri\u00e7\u00e3o &#8220;Barcelona&#8221;, o que o torna uma recorda\u00e7\u00e3o perfeita da rica tradi\u00e7\u00e3o flamenca e do esp\u00edrito da cidade.<\/p>\n","protected":false},"featured_media":6512,"template":"","meta":{"_acf_changed":false},"product_brand":[],"product_cat":[611],"product_tag":[],"class_list":{"0":"post-33869","1":"product","2":"type-product","3":"status-publish","4":"has-post-thumbnail","6":"product_cat-porta-chaves","7":"pa_ciudad-barcelona","8":"pa_motivo-dancarinos","9":"pa_pais-espana","11":"first","12":"instock","13":"shipping-taxable","14":"product-type-simple"},"acf":[],"_links":{"self":[{"href":"https:\/\/olemosaic.orbitalia.org\/pt-pt\/wp-json\/wp\/v2\/product\/33869","targetHints":{"allow":["GET"]}}],"collection":[{"href":"https:\/\/olemosaic.orbitalia.org\/pt-pt\/wp-json\/wp\/v2\/product"}],"about":[{"href":"https:\/\/olemosaic.orbitalia.org\/pt-pt\/wp-json\/wp\/v2\/types\/product"}],"wp:featuredmedia":[{"embeddable":true,"href":"https:\/\/olemosaic.orbitalia.org\/pt-pt\/wp-json\/wp\/v2\/media\/6512"}],"wp:attachment":[{"href":"https:\/\/olemosaic.orbitalia.org\/pt-pt\/wp-json\/wp\/v2\/media?parent=33869"}],"wp:term":[{"taxonomy":"product_brand","embeddable":true,"href":"https:\/\/olemosaic.orbitalia.org\/pt-pt\/wp-json\/wp\/v2\/product_brand?post=33869"},{"taxonomy":"product_cat","embeddable":true,"href":"https:\/\/olemosaic.orbitalia.org\/pt-pt\/wp-json\/wp\/v2\/product_cat?post=33869"},{"taxonomy":"product_tag","embeddable":true,"href":"https:\/\/olemosaic.orbitalia.org\/pt-pt\/wp-json\/wp\/v2\/product_tag?post=33869"}],"curies":[{"name":"wp","href":"https:\/\/api.w.org\/{rel}","templated":true}]}}