{"id":33868,"date":"2025-02-20T22:33:47","date_gmt":"2025-02-20T22:33:47","guid":{"rendered":"https:\/\/olemosaic.orbitalia.org\/producto\/llavero-de-metal-tortuga\/"},"modified":"2025-07-25T19:46:44","modified_gmt":"2025-07-25T17:46:44","slug":"porta-chaves-de-metal-tartaruga","status":"publish","type":"product","link":"https:\/\/olemosaic.orbitalia.org\/pt-pt\/produto\/porta-chaves-de-metal-tartaruga\/","title":{"rendered":"Porta-chaves de metal. Tartaruga."},"content":{"rendered":"<p>Este porta-chaves met\u00e1lico com forma de tartaruga \u00e9 uma encantadora recorda\u00e7\u00e3o que encerra a rica tradi\u00e7\u00e3o artesanal portuguesa. O seu design vibrante, adornado com um mosaico de cores brilhantes, captura a ess\u00eancia da arte popular portuguesa, convertendo este porta-chaves numa pe\u00e7a \u00fanica e representativa. A tartaruga, s\u00edmbolo de longevidade e prote\u00e7\u00e3o em in\u00fameras culturas, apresenta-se aqui com um acabamento detalhado que acrescenta um toque distintivo \u00e0 sua forma, evocando o esp\u00edrito do Mediterr\u00e2neo.<\/p>\n<p>O porta-chaves n\u00e3o s\u00f3 \u00e9 uma ferramenta pr\u00e1tica para manter as chaves organizadas, mas tamb\u00e9m um acess\u00f3rio atraente que combina funcionalidade e arte. Os delicados cristais cor-de-rosa que adornam o porta-chaves conferem um brilho subtil, tornando cada pe\u00e7a ainda mais especial. A cer\u00e2mica utilizada nos detalhes real\u00e7a a heran\u00e7a cultural da regi\u00e3o, enquanto o uso de metal garante durabilidade e resist\u00eancia.<\/p>\n<p>Perfeito para turistas que procuram recorda\u00e7\u00f5es aut\u00eanticas, este porta-chaves de tartaruga torna-se um s\u00edmbolo dos momentos vividos em Portugal. Na Ol\u00e9 Mosaic, dedicamo-nos \u00e0 distribui\u00e7\u00e3o de recorda\u00e7\u00f5es por grosso, oferecendo produtos que celebram a heran\u00e7a cultural e a artesania da regi\u00e3o. Este porta-chaves \u00e9 uma excelente op\u00e7\u00e3o para lojas de presentes tur\u00edsticos que desejam oferecer recorda\u00e7\u00f5es \u00fanicas e aut\u00eanticas que realcem a beleza de Portugal, tornando-se um complemento imbat\u00edvel para qualquer cole\u00e7\u00e3o de recorda\u00e7\u00f5es.<\/p>\n","protected":false},"excerpt":{"rendered":"<p>Porta-chaves de metal com forma de tartaruga, desenhado com um vibrante mosaico de cores que evoca a tradi\u00e7\u00e3o portuguesa. Este porta-chaves, com detalhes em cer\u00e2mica, est\u00e1 adornado com delicados cristais cor-de-rosa que lhe d\u00e3o um toque brilhante. A tartaruga, s\u00edmbolo de longevidade e prote\u00e7\u00e3o, apresenta um atraente design artesanal que captura a ess\u00eancia da cultura mediterr\u00e2nea, tornando-o o souvenir perfeito para recordar momentos especiais.<\/p>\n","protected":false},"featured_media":6710,"template":"","meta":{"_acf_changed":false},"product_brand":[],"product_cat":[611],"product_tag":[516],"class_list":{"0":"post-33868","1":"product","2":"type-product","3":"status-publish","4":"has-post-thumbnail","6":"product_cat-porta-chaves","7":"product_tag-animais","8":"pa_motivo-tartarugas","10":"first","11":"instock","12":"shipping-taxable","13":"product-type-simple"},"acf":[],"_links":{"self":[{"href":"https:\/\/olemosaic.orbitalia.org\/pt-pt\/wp-json\/wp\/v2\/product\/33868","targetHints":{"allow":["GET"]}}],"collection":[{"href":"https:\/\/olemosaic.orbitalia.org\/pt-pt\/wp-json\/wp\/v2\/product"}],"about":[{"href":"https:\/\/olemosaic.orbitalia.org\/pt-pt\/wp-json\/wp\/v2\/types\/product"}],"wp:featuredmedia":[{"embeddable":true,"href":"https:\/\/olemosaic.orbitalia.org\/pt-pt\/wp-json\/wp\/v2\/media\/6710"}],"wp:attachment":[{"href":"https:\/\/olemosaic.orbitalia.org\/pt-pt\/wp-json\/wp\/v2\/media?parent=33868"}],"wp:term":[{"taxonomy":"product_brand","embeddable":true,"href":"https:\/\/olemosaic.orbitalia.org\/pt-pt\/wp-json\/wp\/v2\/product_brand?post=33868"},{"taxonomy":"product_cat","embeddable":true,"href":"https:\/\/olemosaic.orbitalia.org\/pt-pt\/wp-json\/wp\/v2\/product_cat?post=33868"},{"taxonomy":"product_tag","embeddable":true,"href":"https:\/\/olemosaic.orbitalia.org\/pt-pt\/wp-json\/wp\/v2\/product_tag?post=33868"}],"curies":[{"name":"wp","href":"https:\/\/api.w.org\/{rel}","templated":true}]}}