{"id":33848,"date":"2025-02-20T22:33:45","date_gmt":"2025-02-20T22:33:45","guid":{"rendered":"https:\/\/olemosaic.orbitalia.org\/producto\/llavero-de-metal-tenerife-mosaico\/"},"modified":"2025-07-25T19:18:50","modified_gmt":"2025-07-25T17:18:50","slug":"porta-chaves-de-metal-tenerife-mosaico","status":"publish","type":"product","link":"https:\/\/olemosaic.orbitalia.org\/pt-pt\/produto\/porta-chaves-de-metal-tenerife-mosaico\/","title":{"rendered":"Porta-chaves de metal. Tenerife. Mosaico."},"content":{"rendered":"<p>Este porta-chaves met\u00e1lico com design de mosaico presta homenagem a Tenerife, capturando na sua estrutura a ess\u00eancia vibrante desta bela ilha can\u00e1ria. A palavra &#8220;Tenerife&#8221; apresenta-se em letras coloridas, cada uma decorada com pequenos fragmentos de cer\u00e2mica que celebram a admir\u00e1vel arte do mosaico can\u00e1rio, conhecido pela sua capacidade de infundir vida e cor em cada superf\u00edcie. O acabamento resplandecente brilha com uma paleta de tonalidades vermelhas, verdes, azuis e amarelas, evocando a paisagem natural da ilha e a sua rica tradi\u00e7\u00e3o art\u00edstica.<\/p>\n<p>Este porta-chaves n\u00e3o s\u00f3 \u00e9 um acess\u00f3rio pr\u00e1tico para manter as suas chaves organizadas, como tamb\u00e9m \u00e9 uma recorda\u00e7\u00e3o distintiva que reflete a beleza e o car\u00e1cter de Tenerife. O seu design art\u00edstico torna-o uma lembran\u00e7a ideal, representando a din\u00e2mica cultura da ilha e servindo como um pequeno lembrete das experi\u00eancias vividas neste para\u00edso.<\/p>\n<p>Na Ol\u00e9 Mosaic especializamo-nos na distribui\u00e7\u00e3o de lembran\u00e7as por grosso, oferecendo produtos aut\u00eanticos e de qualidade. Este porta-chaves de mosaico \u00e9 uma excelente op\u00e7\u00e3o para lojas de presentes tur\u00edsticos que procuram artigos que realcem a singularidade de Tenerife. Apostar neste porta-chaves como parte do seu cat\u00e1logo de lembran\u00e7as significa proporcionar aos seus clientes um peda\u00e7o da heran\u00e7a cultural e artesanal das Can\u00e1rias.<\/p>\n","protected":false},"excerpt":{"rendered":"<p>Porta-chaves met\u00e1lico com design em mosaico, uma homenagem a Tenerife. Este atraente porta-chaves apresenta a palavra &#8220;Tenerife&#8221; em letras coloridas, cada uma decorada com pequenas tesselas que celebram a vibrante arte do mosaico can\u00e1rio. Com um acabamento brilhante, combina tons vermelhos, verdes, azuis e amarelos, capturando a ess\u00eancia colorida da ilha. Uma recorda\u00e7\u00e3o pr\u00e1tica e distintiva que evoca a beleza de Tenerife.<\/p>\n","protected":false},"featured_media":12045,"template":"","meta":{"_acf_changed":false},"product_brand":[],"product_cat":[611],"product_tag":[],"class_list":{"0":"post-33848","1":"product","2":"type-product","3":"status-publish","4":"has-post-thumbnail","6":"product_cat-porta-chaves","7":"pa_ciudad-tenerife","8":"pa_pais-espana","10":"first","11":"instock","12":"shipping-taxable","13":"product-type-simple"},"acf":[],"_links":{"self":[{"href":"https:\/\/olemosaic.orbitalia.org\/pt-pt\/wp-json\/wp\/v2\/product\/33848","targetHints":{"allow":["GET"]}}],"collection":[{"href":"https:\/\/olemosaic.orbitalia.org\/pt-pt\/wp-json\/wp\/v2\/product"}],"about":[{"href":"https:\/\/olemosaic.orbitalia.org\/pt-pt\/wp-json\/wp\/v2\/types\/product"}],"wp:featuredmedia":[{"embeddable":true,"href":"https:\/\/olemosaic.orbitalia.org\/pt-pt\/wp-json\/wp\/v2\/media\/12045"}],"wp:attachment":[{"href":"https:\/\/olemosaic.orbitalia.org\/pt-pt\/wp-json\/wp\/v2\/media?parent=33848"}],"wp:term":[{"taxonomy":"product_brand","embeddable":true,"href":"https:\/\/olemosaic.orbitalia.org\/pt-pt\/wp-json\/wp\/v2\/product_brand?post=33848"},{"taxonomy":"product_cat","embeddable":true,"href":"https:\/\/olemosaic.orbitalia.org\/pt-pt\/wp-json\/wp\/v2\/product_cat?post=33848"},{"taxonomy":"product_tag","embeddable":true,"href":"https:\/\/olemosaic.orbitalia.org\/pt-pt\/wp-json\/wp\/v2\/product_tag?post=33848"}],"curies":[{"name":"wp","href":"https:\/\/api.w.org\/{rel}","templated":true}]}}