{"id":33841,"date":"2025-02-20T22:33:45","date_gmt":"2025-02-20T22:33:45","guid":{"rendered":"https:\/\/olemosaic.orbitalia.org\/producto\/llavero-de-metal-toro\/"},"modified":"2025-07-25T19:47:35","modified_gmt":"2025-07-25T17:47:35","slug":"porta-chaves-de-metal-touro","status":"publish","type":"product","link":"https:\/\/olemosaic.orbitalia.org\/pt-pt\/produto\/porta-chaves-de-metal-touro\/","title":{"rendered":"Porta-chaves de metal. Touro."},"content":{"rendered":"<p>Este porta-chaves met\u00e1lico com design de touro colorido \u00e9 uma recorda\u00e7\u00e3o emblem\u00e1tica que capta a ess\u00eancia da cultura espanhola. Com um acabamento art\u00edstico e contempor\u00e2neo, o porta-chaves apresenta um touro muito enraizado no imagin\u00e1rio coletivo, caracterizado por formas triangulares que oferecem uma interpreta\u00e7\u00e3o moderna e vibrante desta figura ic\u00f3nica. As cores predominantes, azul, vermelho, laranja e verde, criam uma paleta vibrante que real\u00e7a a vitalidade da cultura espanhola. Na parte superior, a palavra &#8220;ESPA\u00d1A&#8221; integra-se harmoniosamente, adicionando um toque extra de autenticidade a este artigo. Este porta-chaves n\u00e3o \u00e9 apenas uma ferramenta pr\u00e1tica para organizar as suas chaves, mas tamb\u00e9m se ergue como uma recorda\u00e7\u00e3o significativa que representa uma das tradi\u00e7\u00f5es mais queridas do pa\u00eds. O seu design \u00fanico torna-o uma excelente op\u00e7\u00e3o para turistas que procuram recorda\u00e7\u00f5es que reflitam a identidade cultural espanhola. Na Ol\u00e9 Mosaic, distribuidores de recorda\u00e7\u00f5es por grosso, este porta-chaves de touro \u00e9 um produto perfeito para lojas de recorda\u00e7\u00f5es tur\u00edsticas que desejem oferecer aos seus clientes um peda\u00e7o de Espanha sob a forma de um artigo funcional e com estilo.<\/p>\n","protected":false},"excerpt":{"rendered":"<p>Porta-chaves met\u00e1lico com design de touro colorido, um \u00edcone emblem\u00e1tico da cultura espanhola. Este artigo destaca-se pelo seu acabamento em formas triangulares e pelas suas cores vibrantes, como o azul, o vermelho, o laranja e o verde, que evocam um estilo art\u00edstico contempor\u00e2neo. Na parte superior, a palavra &#8220;ESPA\u00d1A&#8221; integra-se harmoniosamente no design, tornando este porta-chaves a recorda\u00e7\u00e3o perfeita que capta a ess\u00eancia da tradi\u00e7\u00e3o espanhola. Ideal para levar um peda\u00e7o de Espanha para qualquer lugar.<\/p>\n","protected":false},"featured_media":6520,"template":"","meta":{"_acf_changed":false},"product_brand":[],"product_cat":[611],"product_tag":[516],"class_list":{"0":"post-33841","1":"product","2":"type-product","3":"status-publish","4":"has-post-thumbnail","6":"product_cat-porta-chaves","7":"product_tag-animais","8":"pa_motivo-touros","10":"first","11":"instock","12":"shipping-taxable","13":"product-type-simple"},"acf":[],"_links":{"self":[{"href":"https:\/\/olemosaic.orbitalia.org\/pt-pt\/wp-json\/wp\/v2\/product\/33841","targetHints":{"allow":["GET"]}}],"collection":[{"href":"https:\/\/olemosaic.orbitalia.org\/pt-pt\/wp-json\/wp\/v2\/product"}],"about":[{"href":"https:\/\/olemosaic.orbitalia.org\/pt-pt\/wp-json\/wp\/v2\/types\/product"}],"wp:featuredmedia":[{"embeddable":true,"href":"https:\/\/olemosaic.orbitalia.org\/pt-pt\/wp-json\/wp\/v2\/media\/6520"}],"wp:attachment":[{"href":"https:\/\/olemosaic.orbitalia.org\/pt-pt\/wp-json\/wp\/v2\/media?parent=33841"}],"wp:term":[{"taxonomy":"product_brand","embeddable":true,"href":"https:\/\/olemosaic.orbitalia.org\/pt-pt\/wp-json\/wp\/v2\/product_brand?post=33841"},{"taxonomy":"product_cat","embeddable":true,"href":"https:\/\/olemosaic.orbitalia.org\/pt-pt\/wp-json\/wp\/v2\/product_cat?post=33841"},{"taxonomy":"product_tag","embeddable":true,"href":"https:\/\/olemosaic.orbitalia.org\/pt-pt\/wp-json\/wp\/v2\/product_tag?post=33841"}],"curies":[{"name":"wp","href":"https:\/\/api.w.org\/{rel}","templated":true}]}}