{"id":33839,"date":"2025-02-20T22:33:45","date_gmt":"2025-02-20T22:33:45","guid":{"rendered":"https:\/\/olemosaic.orbitalia.org\/producto\/llavero-de-metal-buho\/"},"modified":"2025-07-25T19:23:05","modified_gmt":"2025-07-25T17:23:05","slug":"porta-chaves-de-metal-coruja","status":"publish","type":"product","link":"https:\/\/olemosaic.orbitalia.org\/pt-pt\/produto\/porta-chaves-de-metal-coruja\/","title":{"rendered":"Porta-chaves de metal. Coruja."},"content":{"rendered":"<p>Este porta-chaves met\u00e1lico com design de coruja \u00e9 uma aut\u00eantica joia artesanal que capta a ess\u00eancia da arte tradicional espanhola. A sua forma estilizada, adornada com um vibrante mosaico de cores, destaca a riqueza cultural e a criatividade que caracteriza a Espanha. Os tons azuis, vermelhos, amarelos e verdes entrela\u00e7am-se numa composi\u00e7\u00e3o encantadora que n\u00e3o s\u00f3 atrai o olhar, como tamb\u00e9m evoca alegria e divers\u00e3o. O porta-chaves apresenta um acabamento brilhante e elegante que real\u00e7a os detalhes do design, com pequenas pedras coloridas que adicionam um toque extra de brilho, tornando-o um artigo pr\u00e1tico e decorativo.<\/p>\n<p>Levar este porta-chaves n\u00e3o significa apenas guardar as chaves, mas tamb\u00e9m portar um s\u00edmbolo da heran\u00e7a art\u00edstica de Espanha. O seu design recorda a tradi\u00e7\u00e3o do mosaico, uma arte muito presente em cidades espanholas como Barcelona, onde o mosaico protagoniza obras de artistas c\u00e9lebres. Na Ol\u00e9 Mosaic, especializamo-nos na distribui\u00e7\u00e3o de recorda\u00e7\u00f5es \u00fanicas que celebram a identidade cultural do pa\u00eds. Este porta-chaves de coruja \u00e9 a op\u00e7\u00e3o ideal para lojas de recorda\u00e7\u00f5es tur\u00edsticas que procuram oferecer produtos aut\u00eanticos e representativos. Sendo uma recorda\u00e7\u00e3o atraente e funcional, \u00e9 perfeito para turistas que desejam levar um peda\u00e7o da colorida cultura espanhola para casa, tornando-se um artigo excelente para o seu cat\u00e1logo de recorda\u00e7\u00f5es.<\/p>\n","protected":false},"excerpt":{"rendered":"<p>Porta-chaves met\u00e1lico com design de coruja, adornado com cores vibrantes e um acabamento de mosaico. Este original porta-chaves apresenta uma coruja estilizada, com predomin\u00e2ncia de tons azuis, vermelhos e amarelos no seu design, evocando a arte tradicional espanhola. Complementado com pequenas pedras coloridas, adiciona um toque divertido e brilhante. Ideal para guardar as suas chaves, esta recorda\u00e7\u00e3o representa a riqueza cultural e art\u00edstica de Espanha.<\/p>\n","protected":false},"featured_media":6709,"template":"","meta":{"_acf_changed":false},"product_brand":[],"product_cat":[611],"product_tag":[516],"class_list":{"0":"post-33839","1":"product","2":"type-product","3":"status-publish","4":"has-post-thumbnail","6":"product_cat-porta-chaves","7":"product_tag-animais","8":"pa_motivo-corujas","10":"first","11":"instock","12":"shipping-taxable","13":"product-type-simple"},"acf":[],"_links":{"self":[{"href":"https:\/\/olemosaic.orbitalia.org\/pt-pt\/wp-json\/wp\/v2\/product\/33839","targetHints":{"allow":["GET"]}}],"collection":[{"href":"https:\/\/olemosaic.orbitalia.org\/pt-pt\/wp-json\/wp\/v2\/product"}],"about":[{"href":"https:\/\/olemosaic.orbitalia.org\/pt-pt\/wp-json\/wp\/v2\/types\/product"}],"wp:featuredmedia":[{"embeddable":true,"href":"https:\/\/olemosaic.orbitalia.org\/pt-pt\/wp-json\/wp\/v2\/media\/6709"}],"wp:attachment":[{"href":"https:\/\/olemosaic.orbitalia.org\/pt-pt\/wp-json\/wp\/v2\/media?parent=33839"}],"wp:term":[{"taxonomy":"product_brand","embeddable":true,"href":"https:\/\/olemosaic.orbitalia.org\/pt-pt\/wp-json\/wp\/v2\/product_brand?post=33839"},{"taxonomy":"product_cat","embeddable":true,"href":"https:\/\/olemosaic.orbitalia.org\/pt-pt\/wp-json\/wp\/v2\/product_cat?post=33839"},{"taxonomy":"product_tag","embeddable":true,"href":"https:\/\/olemosaic.orbitalia.org\/pt-pt\/wp-json\/wp\/v2\/product_tag?post=33839"}],"curies":[{"name":"wp","href":"https:\/\/api.w.org\/{rel}","templated":true}]}}