{"id":33838,"date":"2025-02-20T23:33:44","date_gmt":"2025-02-20T22:33:44","guid":{"rendered":"https:\/\/olemosaic.orbitalia.org\/producto\/llavero-de-metal-barcelona-mosaico-2\/"},"modified":"2025-07-25T19:56:13","modified_gmt":"2025-07-25T17:56:13","slug":"porta-chaves-de-metal-barcelona-mosaico-2","status":"publish","type":"product","link":"https:\/\/olemosaic.orbitalia.org\/pt-pt\/produto\/porta-chaves-de-metal-barcelona-mosaico-2\/","title":{"rendered":"Porta-chaves de metal. Barcelona. Mosaico. Diversas cores."},"content":{"rendered":"<p>Este porta-chaves met\u00e1lico, com um design colorido inspirado no famoso mosaico de Barcelona, \u00e9 uma recorda\u00e7\u00e3o imprescind\u00edvel que capta a ess\u00eancia vibrante desta cidade ic\u00f3nica. A palavra &#8220;Barcelona&#8221;, apresentada em letras mai\u00fasculas, \u00e9 adornada com uma paleta de cores vivas que evocam a riqueza art\u00edstica e cultural da regi\u00e3o. Cada letra est\u00e1 requintadamente decorada com padr\u00f5es que recordam os mosaicos caracter\u00edsticos dos designs de Antoni Gaud\u00ed, conferindo-lhe um toque contempor\u00e2neo que se funde com a tradi\u00e7\u00e3o.<\/p>\n<p>O acabamento polido e brilhante do porta-chaves real\u00e7a os detalhes do design, garantindo n\u00e3o s\u00f3 o seu apelo visual, mas tamb\u00e9m a sua resist\u00eancia como objeto de uso di\u00e1rio. Este porta-chaves \u00e9 ideal para quem procura uma forma f\u00e1cil e elegante de levar um peda\u00e7o de Barcelona consigo, recordando a beleza arquitet\u00f3nica e o ambiente acolhedor da cidade em cada utiliza\u00e7\u00e3o.<\/p>\n<p>Pela sua liga\u00e7\u00e3o cultural e est\u00e9tica, este porta-chaves \u00e9 uma excelente op\u00e7\u00e3o para lojas de recorda\u00e7\u00f5es tur\u00edsticas que desejem oferecer lembran\u00e7as aut\u00eanticas e representativas. Na Ol\u00e9 Mosaic, somos distribuidores de recorda\u00e7\u00f5es por grosso, e este porta-chaves de Barcelona \u00e9 perfeito para quem procura produtos que realcem a singularidade da capital catal\u00e3 e o seu legado art\u00edstico. Com o seu design \u00fanico, torna-se um presente ideal que alegra o dia a dia, sendo mais do que um simples objeto, um verdadeiro s\u00edmbolo desta maravilhosa cidade.<\/p>\n","protected":false},"excerpt":{"rendered":"<p>Porta-chaves de metal com um design colorido inspirado no famoso mosaico de Barcelona. Este atraente porta-chaves apresenta a palavra &#8220;Barcelona&#8221; em mai\u00fasculas, cada letra decorada com cores vibrantes que evocam a ess\u00eancia art\u00edstica da cidade. O seu acabamento polido e brilhante real\u00e7a os detalhes do design, tornando-o uma recorda\u00e7\u00e3o pr\u00e1tica que se destaca pela sua originalidade e pela sua liga\u00e7\u00e3o aos elementos culturais de Barcelona. Ideal para recordar a beleza da cidade.<\/p>\n","protected":false},"featured_media":10423,"template":"","meta":{"_acf_changed":false},"product_brand":[],"product_cat":[611],"product_tag":[],"class_list":{"0":"post-33838","1":"product","2":"type-product","3":"status-publish","4":"has-post-thumbnail","6":"product_cat-porta-chaves","7":"pa_ciudad-barcelona","8":"pa_pais-espana","10":"first","11":"instock","12":"shipping-taxable","13":"product-type-simple"},"acf":[],"_links":{"self":[{"href":"https:\/\/olemosaic.orbitalia.org\/pt-pt\/wp-json\/wp\/v2\/product\/33838","targetHints":{"allow":["GET"]}}],"collection":[{"href":"https:\/\/olemosaic.orbitalia.org\/pt-pt\/wp-json\/wp\/v2\/product"}],"about":[{"href":"https:\/\/olemosaic.orbitalia.org\/pt-pt\/wp-json\/wp\/v2\/types\/product"}],"wp:featuredmedia":[{"embeddable":true,"href":"https:\/\/olemosaic.orbitalia.org\/pt-pt\/wp-json\/wp\/v2\/media\/10423"}],"wp:attachment":[{"href":"https:\/\/olemosaic.orbitalia.org\/pt-pt\/wp-json\/wp\/v2\/media?parent=33838"}],"wp:term":[{"taxonomy":"product_brand","embeddable":true,"href":"https:\/\/olemosaic.orbitalia.org\/pt-pt\/wp-json\/wp\/v2\/product_brand?post=33838"},{"taxonomy":"product_cat","embeddable":true,"href":"https:\/\/olemosaic.orbitalia.org\/pt-pt\/wp-json\/wp\/v2\/product_cat?post=33838"},{"taxonomy":"product_tag","embeddable":true,"href":"https:\/\/olemosaic.orbitalia.org\/pt-pt\/wp-json\/wp\/v2\/product_tag?post=33838"}],"curies":[{"name":"wp","href":"https:\/\/api.w.org\/{rel}","templated":true}]}}