{"id":33796,"date":"2025-02-20T23:33:43","date_gmt":"2025-02-20T22:33:43","guid":{"rendered":"https:\/\/olemosaic.orbitalia.org\/producto\/llavero-de-madera-menina\/"},"modified":"2025-07-25T18:46:44","modified_gmt":"2025-07-25T16:46:44","slug":"porta-chaves-de-madeira-menina","status":"publish","type":"product","link":"https:\/\/olemosaic.orbitalia.org\/pt-pt\/produto\/porta-chaves-de-madeira-menina\/","title":{"rendered":"Porta-chaves de madeira. Menina."},"content":{"rendered":"<p>Este porta-chaves de madeira, inspirado na famosa Menina, \u00e9 o presente perfeito para quem deseja levar um pedacinho da cultura espanhola consigo. A Menina, figura ic\u00f3nica da obra de Vel\u00e1zquez, foi reinterpretada num design vibrante e colorido que se destaca com formas geom\u00e9tricas. Com uma chamativa paleta de cores que inclui azuis, vermelhos e amarelos, este porta-chaves captura a ess\u00eancia da hist\u00f3ria e da arte de Madrid, tornando-o num aut\u00eantico s\u00edmbolo desta emblem\u00e1tica cidade.<\/p>\n<p>O porta-chaves, elaborado em madeira de alta qualidade, oferece uma durabilidade excecional, garantindo que n\u00e3o seja apenas um acess\u00f3rio atraente, mas tamb\u00e9m funcional. A ilustra\u00e7\u00e3o, meticulosamente desenhada, destaca a tradicional vestimenta da Menina, representando a eleg\u00e2ncia e a riqueza cultural de Espanha. O seu design compacto permite lev\u00e1-lo em qualquer conjunto de chaves ou mala, facilitando o seu uso di\u00e1rio.<\/p>\n<p>Este porta-chaves \u00e9 uma excelente recorda\u00e7\u00e3o que simboliza a tradi\u00e7\u00e3o art\u00edstica de Madrid e torna-se uma lembran\u00e7a inesquec\u00edvel para turistas e visitantes. Na Ol\u00e9 Mosaic, como grossista de recorda\u00e7\u00f5es, oferecemos produtos aut\u00eanticos e de qualidade que celebram a heran\u00e7a cultural espanhola. Para lojas de presentes tur\u00edsticos, este porta-chaves da Menina \u00e9 uma op\u00e7\u00e3o ideal que combina beleza, funcionalidade e um toque de hist\u00f3ria.<\/p>\n","protected":false},"excerpt":{"rendered":"<p>Porta-chaves de madeira inspirado na famosa Menina, um s\u00edmbolo ic\u00f3nico da cultura espanhola. Este atraente porta-chaves apresenta uma ilustra\u00e7\u00e3o vibrante e colorida, com formas geom\u00e9tricas que representam a Menina e a sua caracter\u00edstica vestimenta. Os tons azuis, vermelhos e amarelos destacam-se no design, capturando a ess\u00eancia da arte e da hist\u00f3ria de Madrid. Uma recorda\u00e7\u00e3o perfeita para levar um peda\u00e7o da tradi\u00e7\u00e3o espanhola consigo.<\/p>\n","protected":false},"featured_media":10795,"template":"","meta":{"_acf_changed":false},"product_brand":[],"product_cat":[611],"product_tag":[],"class_list":{"0":"post-33796","1":"product","2":"type-product","3":"status-publish","4":"has-post-thumbnail","6":"product_cat-porta-chaves","7":"pa_motivo-meninas","9":"first","10":"instock","11":"shipping-taxable","12":"product-type-simple"},"acf":[],"_links":{"self":[{"href":"https:\/\/olemosaic.orbitalia.org\/pt-pt\/wp-json\/wp\/v2\/product\/33796","targetHints":{"allow":["GET"]}}],"collection":[{"href":"https:\/\/olemosaic.orbitalia.org\/pt-pt\/wp-json\/wp\/v2\/product"}],"about":[{"href":"https:\/\/olemosaic.orbitalia.org\/pt-pt\/wp-json\/wp\/v2\/types\/product"}],"wp:featuredmedia":[{"embeddable":true,"href":"https:\/\/olemosaic.orbitalia.org\/pt-pt\/wp-json\/wp\/v2\/media\/10795"}],"wp:attachment":[{"href":"https:\/\/olemosaic.orbitalia.org\/pt-pt\/wp-json\/wp\/v2\/media?parent=33796"}],"wp:term":[{"taxonomy":"product_brand","embeddable":true,"href":"https:\/\/olemosaic.orbitalia.org\/pt-pt\/wp-json\/wp\/v2\/product_brand?post=33796"},{"taxonomy":"product_cat","embeddable":true,"href":"https:\/\/olemosaic.orbitalia.org\/pt-pt\/wp-json\/wp\/v2\/product_cat?post=33796"},{"taxonomy":"product_tag","embeddable":true,"href":"https:\/\/olemosaic.orbitalia.org\/pt-pt\/wp-json\/wp\/v2\/product_tag?post=33796"}],"curies":[{"name":"wp","href":"https:\/\/api.w.org\/{rel}","templated":true}]}}