{"id":33787,"date":"2025-02-20T23:33:42","date_gmt":"2025-02-20T22:33:42","guid":{"rendered":"https:\/\/olemosaic.orbitalia.org\/producto\/llavero-de-madera-sardina\/"},"modified":"2025-07-25T19:44:32","modified_gmt":"2025-07-25T17:44:32","slug":"porta-chaves-de-madeira-sardinha","status":"publish","type":"product","link":"https:\/\/olemosaic.orbitalia.org\/pt-pt\/produto\/porta-chaves-de-madeira-sardinha\/","title":{"rendered":"Porta-chaves de madeira. Sardinha."},"content":{"rendered":"<p>Este porta-chaves de madeira em forma de sardinha \u00e9 uma homenagem \u00e0 rica tradi\u00e7\u00e3o piscat\u00f3ria espanhola, especialmente nas suas costas mediterr\u00e2nicas. Pintado \u00e0 m\u00e3o com min\u00facia, apresenta vibrantes motivos tradicionais numa paleta de cores que inclui azul, vermelho e amarelo, evocando o esp\u00edrito do litoral e a alegria da cultura local. A sardinha, um s\u00edmbolo gastron\u00f3mico muito apreciado na dieta mediterr\u00e2nica, torna-se um souvenir ideal para quem deseja levar um pedacinho da sua experi\u00eancia nas costas espanholas.<\/p>\n<p>Com uma estrutura leve e um porta-chaves de metal resistente, este acess\u00f3rio n\u00e3o s\u00f3 \u00e9 pr\u00e1tico para levar as chaves, como tamb\u00e9m adiciona um toque de cor e autenticidade aos seus pertences. As intrincadas decora\u00e7\u00f5es refletem a arte popular da regi\u00e3o, ligando os turistas \u00e0 heran\u00e7a cultural do pa\u00eds.<\/p>\n<p>Na Ol\u00e9 Mosaic, orgulhamo-nos de oferecer este porta-chaves de madeira como parte da nossa cole\u00e7\u00e3o de souvenirs representativos que destacam a ess\u00eancia de Espanha. Este produto \u00e9 uma excelente op\u00e7\u00e3o para lojas de presentes tur\u00edsticos que procuram artigos \u00fanicos e de qualidade, perfeitos para recordar uma viagem inesquec\u00edvel \u00e0s costas espanholas. Como grossistas de souvenirs de madeira, garantimos a autenticidade e o encanto de cada pe\u00e7a.<\/p>\n","protected":false},"excerpt":{"rendered":"<p>Porta-chaves de madeira em forma de sardinha, decorado com alegres motivos tradicionais. Este acess\u00f3rio encantador representa a cultura piscat\u00f3ria espanhola, com um design artesanal, pintado \u00e0 m\u00e3o, que mostra padr\u00f5es coloridos em tons de azul, vermelho e amarelo, evocando o esp\u00edrito do litoral. A sardinha, s\u00edmbolo da gastronomia local, \u00e9 um presente ideal para recordar as viagens \u00e0s costas de Espanha. A sua estrutura leve e a argola met\u00e1lica tornam-no pr\u00e1tico e atraente.<\/p>\n","protected":false},"featured_media":10963,"template":"","meta":{"_acf_changed":false},"product_brand":[],"product_cat":[611],"product_tag":[516],"class_list":{"0":"post-33787","1":"product","2":"type-product","3":"status-publish","4":"has-post-thumbnail","6":"product_cat-porta-chaves","7":"product_tag-animais","8":"pa_motivo-sardinhas","10":"first","11":"instock","12":"shipping-taxable","13":"product-type-simple"},"acf":[],"_links":{"self":[{"href":"https:\/\/olemosaic.orbitalia.org\/pt-pt\/wp-json\/wp\/v2\/product\/33787","targetHints":{"allow":["GET"]}}],"collection":[{"href":"https:\/\/olemosaic.orbitalia.org\/pt-pt\/wp-json\/wp\/v2\/product"}],"about":[{"href":"https:\/\/olemosaic.orbitalia.org\/pt-pt\/wp-json\/wp\/v2\/types\/product"}],"wp:featuredmedia":[{"embeddable":true,"href":"https:\/\/olemosaic.orbitalia.org\/pt-pt\/wp-json\/wp\/v2\/media\/10963"}],"wp:attachment":[{"href":"https:\/\/olemosaic.orbitalia.org\/pt-pt\/wp-json\/wp\/v2\/media?parent=33787"}],"wp:term":[{"taxonomy":"product_brand","embeddable":true,"href":"https:\/\/olemosaic.orbitalia.org\/pt-pt\/wp-json\/wp\/v2\/product_brand?post=33787"},{"taxonomy":"product_cat","embeddable":true,"href":"https:\/\/olemosaic.orbitalia.org\/pt-pt\/wp-json\/wp\/v2\/product_cat?post=33787"},{"taxonomy":"product_tag","embeddable":true,"href":"https:\/\/olemosaic.orbitalia.org\/pt-pt\/wp-json\/wp\/v2\/product_tag?post=33787"}],"curies":[{"name":"wp","href":"https:\/\/api.w.org\/{rel}","templated":true}]}}