{"id":33776,"date":"2025-02-20T23:33:41","date_gmt":"2025-02-20T22:33:41","guid":{"rendered":"https:\/\/olemosaic.orbitalia.org\/producto\/llavero-de-madera-letra-z-2\/"},"modified":"2025-07-25T18:43:25","modified_gmt":"2025-07-25T16:43:25","slug":"porta-chaves-de-madeira-letra-z-2","status":"publish","type":"product","link":"https:\/\/olemosaic.orbitalia.org\/pt-pt\/produto\/porta-chaves-de-madeira-letra-z-2\/","title":{"rendered":"Porta-chaves de madeira. Letra Z. Azulejos."},"content":{"rendered":"<p>Este porta-chaves de madeira com a forma da letra Z \u00e9 uma recorda\u00e7\u00e3o encantadora que capta a ess\u00eancia do artesanato tradicional espanhol. Decorado com azulejos coloridos, este acess\u00f3rio celebra a vibrante hist\u00f3ria da cer\u00e2mica espanhola, conhecida pelos seus padr\u00f5es intrincados e cores ricas. Os designs florais que adornam a letra Z apresentam uma paleta de tons vermelhos, azuis e amarelos, evocando uma mistura sensacional que n\u00e3o s\u00f3 \u00e9 visualmente atraente, mas tamb\u00e9m reflete o calor e a alegria da cultura espanhola.<\/p>\n<p>Com um acabamento polido e um design que combina funcionalidade e arte, este porta-chaves \u00e9 perfeito para personalizar as suas chaves ou como um presente original que certamente encantar\u00e1 quem o receber. A sua liga\u00e7\u00e3o cultural com o artesanato e o folclore local torna-o uma recorda\u00e7\u00e3o representativa de Espanha, ideal para turistas que procuram levar para casa um pedacinho da sua rica heran\u00e7a. Na Ol\u00e9 Mosaic, especializada na distribui\u00e7\u00e3o de recorda\u00e7\u00f5es por grosso, garantimos a autenticidade e qualidade de cada produto, assegurando que este porta-chaves seja uma excelente op\u00e7\u00e3o para lojas de presentes tur\u00edsticos que procurem oferecer artigos singulares e de grande valor cultural.<\/p>\n","protected":false},"excerpt":{"rendered":"<p>Porta-chaves de madeira com a forma da letra Z, decorado com azulejos coloridos que evocam a tradi\u00e7\u00e3o artesanal espanhola. Este distintivo porta-chaves apresenta uma mistura de motivos florais em tons vermelhos, azuis e amarelos, refletindo um estilo vibrante e alegre. Ideal para personalizar as suas chaves, este acess\u00f3rio combina funcionalidade e arte num design que celebra a riqueza cultural da cer\u00e2mica espanhola. Perfeito como recorda\u00e7\u00e3o ou presente original.<\/p>\n","protected":false},"featured_media":9616,"template":"","meta":{"_acf_changed":false},"product_brand":[],"product_cat":[611],"product_tag":[612],"class_list":{"0":"post-33776","1":"product","2":"type-product","3":"status-publish","4":"has-post-thumbnail","6":"product_cat-porta-chaves","7":"product_tag-cartas","8":"pa_motivo-letra-z","10":"first","11":"instock","12":"shipping-taxable","13":"product-type-simple"},"acf":[],"_links":{"self":[{"href":"https:\/\/olemosaic.orbitalia.org\/pt-pt\/wp-json\/wp\/v2\/product\/33776","targetHints":{"allow":["GET"]}}],"collection":[{"href":"https:\/\/olemosaic.orbitalia.org\/pt-pt\/wp-json\/wp\/v2\/product"}],"about":[{"href":"https:\/\/olemosaic.orbitalia.org\/pt-pt\/wp-json\/wp\/v2\/types\/product"}],"wp:featuredmedia":[{"embeddable":true,"href":"https:\/\/olemosaic.orbitalia.org\/pt-pt\/wp-json\/wp\/v2\/media\/9616"}],"wp:attachment":[{"href":"https:\/\/olemosaic.orbitalia.org\/pt-pt\/wp-json\/wp\/v2\/media?parent=33776"}],"wp:term":[{"taxonomy":"product_brand","embeddable":true,"href":"https:\/\/olemosaic.orbitalia.org\/pt-pt\/wp-json\/wp\/v2\/product_brand?post=33776"},{"taxonomy":"product_cat","embeddable":true,"href":"https:\/\/olemosaic.orbitalia.org\/pt-pt\/wp-json\/wp\/v2\/product_cat?post=33776"},{"taxonomy":"product_tag","embeddable":true,"href":"https:\/\/olemosaic.orbitalia.org\/pt-pt\/wp-json\/wp\/v2\/product_tag?post=33776"}],"curies":[{"name":"wp","href":"https:\/\/api.w.org\/{rel}","templated":true}]}}