{"id":33764,"date":"2025-02-20T23:33:40","date_gmt":"2025-02-20T22:33:40","guid":{"rendered":"https:\/\/olemosaic.orbitalia.org\/producto\/llavero-de-madera-letra-v-2\/"},"modified":"2025-07-25T19:53:55","modified_gmt":"2025-07-25T17:53:55","slug":"porta-chaves-de-madeira-letra-v-2","status":"publish","type":"product","link":"https:\/\/olemosaic.orbitalia.org\/pt-pt\/produto\/porta-chaves-de-madeira-letra-v-2\/","title":{"rendered":"Porta-chaves de madeira. Letra V. Azulejos."},"content":{"rendered":"<p>Este porta-chaves de madeira com a forma da letra V \u00e9 uma recorda\u00e7\u00e3o aut\u00eantica que captura a ess\u00eancia vibrante da cultura espanhola. Com um design de azulejos que recorda os mosaicos tradicionais da Pen\u00ednsula, este porta-chaves apresenta uma atraente exibi\u00e7\u00e3o de cores brilhantes, como vermelho, azul, amarelo e preto. Cada cor real\u00e7a as intrincadas filigranas e padr\u00f5es t\u00edpicos do artesanato espanhol, evocando a rica heran\u00e7a art\u00edstica de pra\u00e7as e pal\u00e1cios.<\/p>\n<p>Fabricado com madeira de alta qualidade, este porta-chaves \u00e9 leve mas resistente, o que o torna um acess\u00f3rio \u00fatil e duradouro. A forma distintiva em letra V n\u00e3o s\u00f3 \u00e9 \u00fanica, como tamb\u00e9m pode personalizar a recorda\u00e7\u00e3o, tornando-a um presente perfeito para quem tem um nome que come\u00e7a com esta letra. A combina\u00e7\u00e3o da eleg\u00e2ncia do design e a liga\u00e7\u00e3o cultural com as tradi\u00e7\u00f5es espanholas faz deste porta-chaves un objeto singular.<\/p>\n<p>Como distribuidores de souvenirs por grosso na Ol\u00e9 Mosaic, oferecemos este porta-chaves como uma maravilhosa op\u00e7\u00e3o para lojas de presentes tur\u00edsticos que procuram produtos aut\u00eanticos e com significado cultural. Este porta-chaves de madeira \u00e9 uma excelente recorda\u00e7\u00e3o das experi\u00eancias vividas em Espanha e um detalhe ideal para aqueles que desejam levar consigo um peda\u00e7o da cultura espanhola.<\/p>\n","protected":false},"excerpt":{"rendered":"<p>Porta-chaves de madeira com a forma da letra V, decorado com um vibrante design de azulejos inspirados na cultura espanhola. Este porta-chaves apresenta uma combina\u00e7\u00e3o de cores vivas como o vermelho, o azul, o amarelo e o preto, que real\u00e7am as intrincadas filigranas e padr\u00f5es t\u00edpicos dos mosaicos espanh\u00f3is. A sua forma distintiva e o acabamento em madeira tornam-no uma recorda\u00e7\u00e3o \u00fanica, ideal para levar a ess\u00eancia de Espanha para onde quer que v\u00e1.<\/p>\n","protected":false},"featured_media":9612,"template":"","meta":{"_acf_changed":false},"product_brand":[],"product_cat":[611],"product_tag":[612],"class_list":{"0":"post-33764","1":"product","2":"type-product","3":"status-publish","4":"has-post-thumbnail","6":"product_cat-porta-chaves","7":"product_tag-cartas","8":"pa_motivo-letra-v","10":"first","11":"instock","12":"shipping-taxable","13":"product-type-simple"},"acf":[],"_links":{"self":[{"href":"https:\/\/olemosaic.orbitalia.org\/pt-pt\/wp-json\/wp\/v2\/product\/33764","targetHints":{"allow":["GET"]}}],"collection":[{"href":"https:\/\/olemosaic.orbitalia.org\/pt-pt\/wp-json\/wp\/v2\/product"}],"about":[{"href":"https:\/\/olemosaic.orbitalia.org\/pt-pt\/wp-json\/wp\/v2\/types\/product"}],"wp:featuredmedia":[{"embeddable":true,"href":"https:\/\/olemosaic.orbitalia.org\/pt-pt\/wp-json\/wp\/v2\/media\/9612"}],"wp:attachment":[{"href":"https:\/\/olemosaic.orbitalia.org\/pt-pt\/wp-json\/wp\/v2\/media?parent=33764"}],"wp:term":[{"taxonomy":"product_brand","embeddable":true,"href":"https:\/\/olemosaic.orbitalia.org\/pt-pt\/wp-json\/wp\/v2\/product_brand?post=33764"},{"taxonomy":"product_cat","embeddable":true,"href":"https:\/\/olemosaic.orbitalia.org\/pt-pt\/wp-json\/wp\/v2\/product_cat?post=33764"},{"taxonomy":"product_tag","embeddable":true,"href":"https:\/\/olemosaic.orbitalia.org\/pt-pt\/wp-json\/wp\/v2\/product_tag?post=33764"}],"curies":[{"name":"wp","href":"https:\/\/api.w.org\/{rel}","templated":true}]}}