{"id":33734,"date":"2025-02-20T23:33:39","date_gmt":"2025-02-20T22:33:39","guid":{"rendered":"https:\/\/olemosaic.orbitalia.org\/producto\/llavero-de-madera-letra-q-2\/"},"modified":"2025-07-25T18:58:28","modified_gmt":"2025-07-25T16:58:28","slug":"porta-chaves-de-madeira-letra-q-2","status":"publish","type":"product","link":"https:\/\/olemosaic.orbitalia.org\/pt-pt\/produto\/porta-chaves-de-madeira-letra-q-2\/","title":{"rendered":"Porta-chaves de madeira. Letra Q. Mosaico."},"content":{"rendered":"<p>Este porta-chaves de madeira com a letra Q \u00e9 uma aut\u00eantica joia artesanal inspirada no ic\u00f3nico mosaico de Gaud\u00ed, conhecido pelo seu uso vibrante da cor e pelas suas formas org\u00e2nicas. Apresenta um design cativante que mistura tons vivos de vermelho, azul e verde, delimitados por um padr\u00e3o de linhas pretas que evoca el famoso trencad\u00eds do modernismo catal\u00e3o. A letra Q destaca-se pela sua eleg\u00e2ncia e car\u00e1ter, tornando-a um acess\u00f3rio funcional e art\u00edstico, ideal para quem procura levar um pedacinho da cultura barcelonesa consigo.<\/p>\n<p>O porta-chaves n\u00e3o \u00e9 apenas um elemento pr\u00e1tico para organizar as chaves, mas tamb\u00e9m funciona como uma recorda\u00e7\u00e3o representativa da cidade, real\u00e7ando a arte e a inova\u00e7\u00e3o de Gaud\u00ed. O seu acabamento em madeira garante durabilidade e um toque genu\u00edno, o que o torna um souvenir perfeito para turistas que desejam capturar a ess\u00eancia da capital catal\u00e3. Este artigo \u00e9 uma excelente op\u00e7\u00e3o para lojas de presentes tur\u00edsticos que procuram oferecer souvenirs de Barcelona aut\u00eanticos e de qualidade. Na Ol\u00e9 Mosaic especializamo-nos na distribui\u00e7\u00e3o de souvenirs por grosso, assegurando que cada pe\u00e7a, como este porta-chaves de madeira com a letra Q, celebra a rica tradi\u00e7\u00e3o cultural espanhola e o seu estilo singular.<\/p>\n","protected":false},"excerpt":{"rendered":"<p>Porta-chaves de madeira com a forma da letra Q, inspirado no famoso mosaico de Gaud\u00ed. Este porta-chaves apresenta um design colorido com uma mistura de tons como vermelho, azul e verde, emoldurado por um padr\u00e3o de linhas pretas que simula o trencad\u00eds caracter\u00edstico do modernismo. Ideal para levar um pedacinho da cultura barcelonesa para onde quer que v\u00e1, combina funcionalidade e arte num \u00fanico acess\u00f3rio.<\/p>\n","protected":false},"featured_media":10936,"template":"","meta":{"_acf_changed":false},"product_brand":[],"product_cat":[611],"product_tag":[612],"class_list":{"0":"post-33734","1":"product","2":"type-product","3":"status-publish","4":"has-post-thumbnail","6":"product_cat-porta-chaves","7":"product_tag-cartas","8":"pa_motivo-letra-q","10":"first","11":"instock","12":"shipping-taxable","13":"product-type-simple"},"acf":[],"_links":{"self":[{"href":"https:\/\/olemosaic.orbitalia.org\/pt-pt\/wp-json\/wp\/v2\/product\/33734","targetHints":{"allow":["GET"]}}],"collection":[{"href":"https:\/\/olemosaic.orbitalia.org\/pt-pt\/wp-json\/wp\/v2\/product"}],"about":[{"href":"https:\/\/olemosaic.orbitalia.org\/pt-pt\/wp-json\/wp\/v2\/types\/product"}],"wp:featuredmedia":[{"embeddable":true,"href":"https:\/\/olemosaic.orbitalia.org\/pt-pt\/wp-json\/wp\/v2\/media\/10936"}],"wp:attachment":[{"href":"https:\/\/olemosaic.orbitalia.org\/pt-pt\/wp-json\/wp\/v2\/media?parent=33734"}],"wp:term":[{"taxonomy":"product_brand","embeddable":true,"href":"https:\/\/olemosaic.orbitalia.org\/pt-pt\/wp-json\/wp\/v2\/product_brand?post=33734"},{"taxonomy":"product_cat","embeddable":true,"href":"https:\/\/olemosaic.orbitalia.org\/pt-pt\/wp-json\/wp\/v2\/product_cat?post=33734"},{"taxonomy":"product_tag","embeddable":true,"href":"https:\/\/olemosaic.orbitalia.org\/pt-pt\/wp-json\/wp\/v2\/product_tag?post=33734"}],"curies":[{"name":"wp","href":"https:\/\/api.w.org\/{rel}","templated":true}]}}