{"id":33729,"date":"2025-02-20T23:33:38","date_gmt":"2025-02-20T22:33:38","guid":{"rendered":"https:\/\/olemosaic.orbitalia.org\/producto\/llavero-de-madera-letra-n-2\/"},"modified":"2025-07-25T18:45:46","modified_gmt":"2025-07-25T16:45:46","slug":"porta-chaves-de-madeira-letra-n-mosaico-pt-pt","status":"publish","type":"product","link":"https:\/\/olemosaic.orbitalia.org\/pt-pt\/produto\/porta-chaves-de-madeira-letra-n-mosaico-pt-pt\/","title":{"rendered":"Porta-chaves de madeira. Letra N. Mosaico."},"content":{"rendered":"<p>Este porta-chaves de madeira com a forma da letra N \u00e9 uma pe\u00e7a \u00fanica que combina funcionalidade e arte, ideal para quem procura um souvenir aut\u00eantico da cultura espanhola. O seu design vibrante apresenta um mosaico colorido inspirado na t\u00e9cnica do trencad\u00eds de Antoni Gaud\u00ed, com tons amarelos, vermelhos e azuis sobre um fundo branco. Os detalhes em preto, que acentuam o design, conferem-lhe um toque contempor\u00e2neo e elegante, tornando este porta-chaves uma afirma\u00e7\u00e3o de estilo.<\/p>\n<p>A letra N, acess\u00edvel num formato atraente, n\u00e3o s\u00f3 serve para personalizar as suas chaves, como tamb\u00e9m representa uma liga\u00e7\u00e3o genu\u00edna com a rica tradi\u00e7\u00e3o art\u00edstica espanhola. Este porta-chaves \u00e9 uma recorda\u00e7\u00e3o port\u00e1til da arquitetura ic\u00f3nica de Barcelona e do legado criativo de Gaud\u00ed.<\/p>\n<p>Perfeito como souvenir, \u00e9 um presente ideal para turistas que desejam levar um peda\u00e7o da cultura espanhola. Na Ol\u00e9 Mosaic somos especialistas na distribui\u00e7\u00e3o de recorda\u00e7\u00f5es aut\u00eanticas, e este porta-chaves de madeira \u00e9 uma excelente op\u00e7\u00e3o para lojas de presentes tur\u00edsticos que valorizam a originalidade e a qualidade. Como grossistas de souvenirs, oferecemos produtos que se destacam e celebram a riqueza do patrim\u00f3nio espanhol.<\/p>\n","protected":false},"excerpt":{"rendered":"<p>Porta-chaves de madeira com a forma da letra N, decorado com um atraente design de mosaico colorido que inclui tons amarelos, vermelhos e azuis. Este original porta-chaves, ideal como recorda\u00e7\u00e3o, apresenta um fundo branco com detalhes em preto que acentuam o seu design art\u00edstico, inspirado na famosa t\u00e9cnica do trencad\u00eds de Gaud\u00ed. Perfeito para personalizar as suas chaves e levar consigo um peda\u00e7o de criatividade e cultura espanhola.<\/p>\n","protected":false},"featured_media":10933,"template":"","meta":{"_acf_changed":false},"product_brand":[],"product_cat":[611],"product_tag":[612],"class_list":{"0":"post-33729","1":"product","2":"type-product","3":"status-publish","4":"has-post-thumbnail","6":"product_cat-porta-chaves","7":"product_tag-cartas","8":"pa_motivo-letra-n","10":"first","11":"instock","12":"shipping-taxable","13":"product-type-simple"},"acf":[],"_links":{"self":[{"href":"https:\/\/olemosaic.orbitalia.org\/pt-pt\/wp-json\/wp\/v2\/product\/33729","targetHints":{"allow":["GET"]}}],"collection":[{"href":"https:\/\/olemosaic.orbitalia.org\/pt-pt\/wp-json\/wp\/v2\/product"}],"about":[{"href":"https:\/\/olemosaic.orbitalia.org\/pt-pt\/wp-json\/wp\/v2\/types\/product"}],"wp:featuredmedia":[{"embeddable":true,"href":"https:\/\/olemosaic.orbitalia.org\/pt-pt\/wp-json\/wp\/v2\/media\/10933"}],"wp:attachment":[{"href":"https:\/\/olemosaic.orbitalia.org\/pt-pt\/wp-json\/wp\/v2\/media?parent=33729"}],"wp:term":[{"taxonomy":"product_brand","embeddable":true,"href":"https:\/\/olemosaic.orbitalia.org\/pt-pt\/wp-json\/wp\/v2\/product_brand?post=33729"},{"taxonomy":"product_cat","embeddable":true,"href":"https:\/\/olemosaic.orbitalia.org\/pt-pt\/wp-json\/wp\/v2\/product_cat?post=33729"},{"taxonomy":"product_tag","embeddable":true,"href":"https:\/\/olemosaic.orbitalia.org\/pt-pt\/wp-json\/wp\/v2\/product_tag?post=33729"}],"curies":[{"name":"wp","href":"https:\/\/api.w.org\/{rel}","templated":true}]}}