{"id":33725,"date":"2025-02-20T23:33:37","date_gmt":"2025-02-20T22:33:37","guid":{"rendered":"https:\/\/olemosaic.orbitalia.org\/producto\/llavero-de-madera-letra-k\/"},"modified":"2025-07-25T19:38:10","modified_gmt":"2025-07-25T17:38:10","slug":"porta-chaves-de-madeira-letra-k","status":"publish","type":"product","link":"https:\/\/olemosaic.orbitalia.org\/pt-pt\/produto\/porta-chaves-de-madeira-letra-k\/","title":{"rendered":"Porta-chaves de madeira. Letra K."},"content":{"rendered":"<p>Este porta-chaves de madeira com a forma da letra K \u00e9 uma recorda\u00e7\u00e3o original e vibrante de Barcelona, que reflete a ess\u00eancia do modernismo catal\u00e3o. Inspirado no emblem\u00e1tico trencad\u00eds, esta pe\u00e7a \u00fanica destaca-se pelo seu design colorido, com uma paleta de tons intensos que inclui vermelho, azul, amarelo e verde, rodeados por um intrincado entrela\u00e7ado de linhas pretas que recorda as obras do famoso arquiteto Antoni Gaud\u00ed. O seu acabamento brilhante real\u00e7a a riqueza das cores, tornando-o um objeto tanto decorativo como funcional.<\/p>\n<p>O porta-chaves \u00e9 meticulosamente pintado \u00e0 m\u00e3o, o que lhe confere um car\u00e1ter exclusivo e art\u00edstico. Esta t\u00e9cnica artesanal n\u00e3o s\u00f3 garante a autenticidade do produto, como tamb\u00e9m confere um toque pessoal a cada pe\u00e7a, tornando-o uma recorda\u00e7\u00e3o inesquec\u00edvel da cidade. Como s\u00edmbolo da cultura catal\u00e3, este porta-chaves de madeira captura a vitalidade e a criatividade que Barcelona irradia, sendo um excelente presente para quem deseja levar um pedacinho desta maravilhosa cidade.<\/p>\n<p>Na Ol\u00e9 Mosaic especializamo-nos na distribui\u00e7\u00e3o por grosso de souvenirs que representam a rica heran\u00e7a cultural de Espanha. Este porta-chaves n\u00e3o \u00e9 apenas uma decora\u00e7\u00e3o pr\u00e1tica, mas tamb\u00e9m atua como um testemunho da arquitetura e da arte catal\u00e3s, ideal para lojas de presentes tur\u00edsticos que procuram produtos aut\u00eanticos e significativos.<\/p>\n","protected":false},"excerpt":{"rendered":"<p>Porta-chaves de madeira com a forma da letra K, decorado com um colorido design inspirado no trencad\u00eds, caracter\u00edstico da arquitetura modernista barcelonesa. Este porta-chaves apresenta um acabamento brilhante com vibrantes tons vermelhos, azuis, amarelos e verdes, emoldurados por um entrela\u00e7ado de linhas pretas. A sua elabora\u00e7\u00e3o, atrav\u00e9s de pintura \u00e0 m\u00e3o, confere-lhe um toque \u00fanico e art\u00edstico, tornando-o uma recorda\u00e7\u00e3o divertida e perfeita para os amantes da cidade.<\/p>\n","protected":false},"featured_media":10930,"template":"","meta":{"_acf_changed":false},"product_brand":[],"product_cat":[611],"product_tag":[612],"class_list":{"0":"post-33725","1":"product","2":"type-product","3":"status-publish","4":"has-post-thumbnail","6":"product_cat-porta-chaves","7":"product_tag-cartas","8":"pa_motivo-letra-k","10":"first","11":"instock","12":"shipping-taxable","13":"product-type-simple"},"acf":[],"_links":{"self":[{"href":"https:\/\/olemosaic.orbitalia.org\/pt-pt\/wp-json\/wp\/v2\/product\/33725","targetHints":{"allow":["GET"]}}],"collection":[{"href":"https:\/\/olemosaic.orbitalia.org\/pt-pt\/wp-json\/wp\/v2\/product"}],"about":[{"href":"https:\/\/olemosaic.orbitalia.org\/pt-pt\/wp-json\/wp\/v2\/types\/product"}],"wp:featuredmedia":[{"embeddable":true,"href":"https:\/\/olemosaic.orbitalia.org\/pt-pt\/wp-json\/wp\/v2\/media\/10930"}],"wp:attachment":[{"href":"https:\/\/olemosaic.orbitalia.org\/pt-pt\/wp-json\/wp\/v2\/media?parent=33725"}],"wp:term":[{"taxonomy":"product_brand","embeddable":true,"href":"https:\/\/olemosaic.orbitalia.org\/pt-pt\/wp-json\/wp\/v2\/product_brand?post=33725"},{"taxonomy":"product_cat","embeddable":true,"href":"https:\/\/olemosaic.orbitalia.org\/pt-pt\/wp-json\/wp\/v2\/product_cat?post=33725"},{"taxonomy":"product_tag","embeddable":true,"href":"https:\/\/olemosaic.orbitalia.org\/pt-pt\/wp-json\/wp\/v2\/product_tag?post=33725"}],"curies":[{"name":"wp","href":"https:\/\/api.w.org\/{rel}","templated":true}]}}