{"id":33723,"date":"2025-02-20T23:33:37","date_gmt":"2025-02-20T22:33:37","guid":{"rendered":"https:\/\/olemosaic.orbitalia.org\/producto\/llavero-de-madera-letra-j-barcelona-2\/"},"modified":"2025-07-25T19:07:54","modified_gmt":"2025-07-25T17:07:54","slug":"porta-chaves-de-madeira-letra-j-barcelona-2","status":"publish","type":"product","link":"https:\/\/olemosaic.orbitalia.org\/pt-pt\/produto\/porta-chaves-de-madeira-letra-j-barcelona-2\/","title":{"rendered":"Porta-chaves de madeira. Letra J. Mosaico. Barcelona."},"content":{"rendered":"<p>Este porta-chaves de madeira com a forma da letra J \u00e9 uma requintada representa\u00e7\u00e3o da arquitetura barcelonesa, pensado para quem deseja levar um peda\u00e7o da cidade condal sempre consigo. Pintado \u00e0 m\u00e3o, o porta-chaves destaca-se pelas suas cores vibrantes que evocam a emblem\u00e1tica Sagrada Fam\u00edlia, um dos monumentos mais ic\u00f3nicos da cidade. As torres do templo, com os seus detalhes caracter\u00edsticos, est\u00e3o perfeitamente plasmadas no design, enquanto os vitrais iridescentes adicionam um toque art\u00edstico e singular, criando um belo contraste entre os tons vermelho, amarelo e azul.<\/p>\n<p>Este porta-chaves n\u00e3o \u00e9 apenas um acess\u00f3rio pr\u00e1tico, mas tamb\u00e9m um aut\u00eantico souvenir que encapsula a ess\u00eancia de Barcelona, tornando-se uma recorda\u00e7\u00e3o significativa da rica heran\u00e7a cultural da cidade. A letra J pode representar tanto um nome como um s\u00edmbolo pessoal, o que o torna uma op\u00e7\u00e3o ideal para dar um toque personalizado a quem o adquirir.<\/p>\n<p>Na Ol\u00e9 Mosaic, especializados na distribui\u00e7\u00e3o de souvenirs por grosso, este porta-chaves de madeira \u00e9 uma excelente op\u00e7\u00e3o para as lojas de presentes tur\u00edsticos que procuram oferecer artigos aut\u00eanticos e culturais. Cada forma, cada cor e cada detalhe foram pensados para transmitir a magia de Barcelona, tornando-o uma recorda\u00e7\u00e3o inestim\u00e1vel para qualquer visitante.<\/p>\n","protected":false},"excerpt":{"rendered":"<p>Porta-chaves de madeira com a forma da letra J, inspirado na arquitetura de Barcelona. Este atraente porta-chaves apresenta motivos coloridos que evocam a Sagrada Fam\u00edlia, destacando as suas ic\u00f3nicas torres e vitrais. O design \u00e9 artesanal, pintado \u00e0 m\u00e3o, combinando tons vibrantes como o vermelho, amarelo e azul, o que o torna um artigo \u00fanico e com um significado cultural especial. Ideal para quem deseja levar um peda\u00e7o de Barcelona sempre consigo.<\/p>\n","protected":false},"featured_media":10495,"template":"","meta":{"_acf_changed":false},"product_brand":[],"product_cat":[611],"product_tag":[612],"class_list":{"0":"post-33723","1":"product","2":"type-product","3":"status-publish","4":"has-post-thumbnail","6":"product_cat-porta-chaves","7":"product_tag-cartas","8":"pa_ciudad-barcelona","9":"pa_motivo-letra-j","10":"pa_pais-espana","12":"first","13":"instock","14":"shipping-taxable","15":"product-type-simple"},"acf":[],"_links":{"self":[{"href":"https:\/\/olemosaic.orbitalia.org\/pt-pt\/wp-json\/wp\/v2\/product\/33723","targetHints":{"allow":["GET"]}}],"collection":[{"href":"https:\/\/olemosaic.orbitalia.org\/pt-pt\/wp-json\/wp\/v2\/product"}],"about":[{"href":"https:\/\/olemosaic.orbitalia.org\/pt-pt\/wp-json\/wp\/v2\/types\/product"}],"wp:featuredmedia":[{"embeddable":true,"href":"https:\/\/olemosaic.orbitalia.org\/pt-pt\/wp-json\/wp\/v2\/media\/10495"}],"wp:attachment":[{"href":"https:\/\/olemosaic.orbitalia.org\/pt-pt\/wp-json\/wp\/v2\/media?parent=33723"}],"wp:term":[{"taxonomy":"product_brand","embeddable":true,"href":"https:\/\/olemosaic.orbitalia.org\/pt-pt\/wp-json\/wp\/v2\/product_brand?post=33723"},{"taxonomy":"product_cat","embeddable":true,"href":"https:\/\/olemosaic.orbitalia.org\/pt-pt\/wp-json\/wp\/v2\/product_cat?post=33723"},{"taxonomy":"product_tag","embeddable":true,"href":"https:\/\/olemosaic.orbitalia.org\/pt-pt\/wp-json\/wp\/v2\/product_tag?post=33723"}],"curies":[{"name":"wp","href":"https:\/\/api.w.org\/{rel}","templated":true}]}}