{"id":33696,"date":"2025-02-20T22:33:37","date_gmt":"2025-02-20T22:33:37","guid":{"rendered":"https:\/\/olemosaic.orbitalia.org\/producto\/llavero-de-madera-letra-j\/"},"modified":"2025-07-25T18:39:15","modified_gmt":"2025-07-25T16:39:15","slug":"porta-chaves-de-madeira-letra-j","status":"publish","type":"product","link":"https:\/\/olemosaic.orbitalia.org\/pt-pt\/produto\/porta-chaves-de-madeira-letra-j\/","title":{"rendered":"Porta-chaves de madeira. Letra J."},"content":{"rendered":"<p>Este porta-chaves de madeira com forma de letra J \u00e9 uma recorda\u00e7\u00e3o encantadora que encapsula a ess\u00eancia da cultura hisp\u00e2nica. Decorado com um vibrante design de azulejos, o porta-chaves apresenta uma variedade de motivos florais e geom\u00e9tricos representativos da rica e colorida tradi\u00e7\u00e3o art\u00edstica espanhola. Cada detalhe reflete a mestria dos artes\u00e3os que, utilizando t\u00e9cnicas tradicionais, criaram estas impressionantes ilustra\u00e7\u00f5es, transformando um simples objeto numa obra de arte.<\/p>\n<p>A estrutura de madeira, al\u00e9m de o tornar leve, torna-o resistente, garantindo a sua durabilidade e funcionalidade como acess\u00f3rio di\u00e1rio. \u00c9 ideal para manter as chaves organizadas, acrescentando um toque pessoal e \u00fanico \u00e0 sua cole\u00e7\u00e3o. Este porta-chaves com a letra J \u00e9 algo mais do que uma simples recorda\u00e7\u00e3o; \u00e9 um lembrete tang\u00edvel da cultura hisp\u00e2nica que poder\u00e1 levar consigo para qualquer parte.<\/p>\n<p>Na Ol\u00e9 Mosaic dedicamo-nos \u00e0 distribui\u00e7\u00e3o de souvenirs por grosso, oferecendo produtos aut\u00eanticos que representam as tradi\u00e7\u00f5es de Espanha. Este porta-chaves \u00e9 uma excelente op\u00e7\u00e3o para lojas de presentes tur\u00edsticos que procuram artigos aut\u00eanticos e memor\u00e1veis, resultando atraente para quem deseja levar um pedacinho de Espanha.<\/p>\n","protected":false},"excerpt":{"rendered":"<p>Porta-chaves de madeira com forma de letra J, decorado com um atraente design de azulejos de estilo tradicional e colorido. Este porta-chaves apresenta m\u00faltiplos motivos florais e geom\u00e9tricos inspirados na rica cultura hisp\u00e2nica. A sua estrutura leve e resistente torna-o um acess\u00f3rio pr\u00e1tico e decorativo, ideal para ter as suas chaves organizadas. Perfeito como recorda\u00e7\u00e3o de Espanha, este porta-chaves acrescenta um toque \u00fanico e pessoal \u00e0 sua cole\u00e7\u00e3o.<\/p>\n","protected":false},"featured_media":9600,"template":"","meta":{"_acf_changed":false},"product_brand":[],"product_cat":[611],"product_tag":[612],"class_list":{"0":"post-33696","1":"product","2":"type-product","3":"status-publish","4":"has-post-thumbnail","6":"product_cat-porta-chaves","7":"product_tag-cartas","8":"pa_motivo-letra-j","10":"first","11":"instock","12":"shipping-taxable","13":"product-type-simple"},"acf":[],"_links":{"self":[{"href":"https:\/\/olemosaic.orbitalia.org\/pt-pt\/wp-json\/wp\/v2\/product\/33696","targetHints":{"allow":["GET"]}}],"collection":[{"href":"https:\/\/olemosaic.orbitalia.org\/pt-pt\/wp-json\/wp\/v2\/product"}],"about":[{"href":"https:\/\/olemosaic.orbitalia.org\/pt-pt\/wp-json\/wp\/v2\/types\/product"}],"wp:featuredmedia":[{"embeddable":true,"href":"https:\/\/olemosaic.orbitalia.org\/pt-pt\/wp-json\/wp\/v2\/media\/9600"}],"wp:attachment":[{"href":"https:\/\/olemosaic.orbitalia.org\/pt-pt\/wp-json\/wp\/v2\/media?parent=33696"}],"wp:term":[{"taxonomy":"product_brand","embeddable":true,"href":"https:\/\/olemosaic.orbitalia.org\/pt-pt\/wp-json\/wp\/v2\/product_brand?post=33696"},{"taxonomy":"product_cat","embeddable":true,"href":"https:\/\/olemosaic.orbitalia.org\/pt-pt\/wp-json\/wp\/v2\/product_cat?post=33696"},{"taxonomy":"product_tag","embeddable":true,"href":"https:\/\/olemosaic.orbitalia.org\/pt-pt\/wp-json\/wp\/v2\/product_tag?post=33696"}],"curies":[{"name":"wp","href":"https:\/\/api.w.org\/{rel}","templated":true}]}}