{"id":33663,"date":"2025-02-20T23:33:35","date_gmt":"2025-02-20T22:33:35","guid":{"rendered":"https:\/\/olemosaic.orbitalia.org\/producto\/llavero-de-madera-letra-e-2\/"},"modified":"2025-07-25T18:45:29","modified_gmt":"2025-07-25T16:45:29","slug":"porta-chaves-de-madeira-letra-e-2","status":"publish","type":"product","link":"https:\/\/olemosaic.orbitalia.org\/pt-pt\/produto\/porta-chaves-de-madeira-letra-e-2\/","title":{"rendered":"Porta-chaves de madeira. Letra E. Mosaico."},"content":{"rendered":"<p>Este porta-chaves de madeira com a forma da letra E \u00e9 uma atraente e colorida recorda\u00e7\u00e3o da vibrante cultura espanhola. Inspirado no famoso trencad\u00eds de Gaud\u00ed, esta recorda\u00e7\u00e3o destaca-se pelo seu meticuloso acabamento pintado \u00e0 m\u00e3o, onde uma variedade de cores vivas como o vermelho, o azul, o verde e o amarelo se entrela\u00e7am sobre um fundo branco, criando uma obra de arte port\u00e1til. A letra E, perfeita para personalizar as suas chaves, torna-se um objeto funcional que, al\u00e9m disso, celebra a riqueza do mosaico tradicional espanhol.<\/p>\n<p>A forma deste porta-chaves n\u00e3o s\u00f3 \u00e9 chamativa, como tamb\u00e9m reflete uma parte integrante do folclore arquitet\u00f3nico de Espanha, evocando a criatividade e a ess\u00eancia do Modernismo catal\u00e3o. Cada porta-chaves \u00e9 uma homenagem ao artesanato e ao engenho dos artistas que deixaram uma marca indel\u00e9vel na hist\u00f3ria da arte espanhola. Este artigo n\u00e3o s\u00f3 \u00e9 ideal como presente pessoal, como tamb\u00e9m se posiciona como uma encantadora recorda\u00e7\u00e3o que tanto turistas como locais apreciar\u00e3o pela sua autenticidade e liga\u00e7\u00e3o cultural.<\/p>\n<p>Na Ol\u00e9 Mosaic, como grossistas de recorda\u00e7\u00f5es, oferecemos esta pe\u00e7a \u00fanica, que \u00e9 uma excelente op\u00e7\u00e3o para lojas de presentes tur\u00edsticos, garantindo que cada cliente leve consigo um peda\u00e7o da cultura espanhola. Sem d\u00favida, este porta-chaves \u00e9 uma recorda\u00e7\u00e3o representativa de Espanha que atrair\u00e1 o olhar e cativar\u00e1 quem o possuir.<\/p>\n","protected":false},"excerpt":{"rendered":"<p>Porta-chaves de madeira com a forma da letra E, inspirado no colorido mosaico t\u00edpico de Espanha. Este design atraente apresenta um acabamento artesanal, pintado \u00e0 m\u00e3o, com uma variedade de cores vivas, como vermelho, azul, verde e amarelo, sobre um fundo branco. O detalhe do trencad\u00eds evoca a ess\u00eancia cultural das obras de Gaud\u00ed, tornando este porta-chaves numa recorda\u00e7\u00e3o encantadora e funcional que real\u00e7a a criatividade e a arte espanhola. Ideal para personalizar as suas chaves ou como uma recorda\u00e7\u00e3o original.<\/p>\n","protected":false},"featured_media":10924,"template":"","meta":{"_acf_changed":false},"product_brand":[],"product_cat":[611],"product_tag":[612],"class_list":{"0":"post-33663","1":"product","2":"type-product","3":"status-publish","4":"has-post-thumbnail","6":"product_cat-porta-chaves","7":"product_tag-cartas","8":"pa_motivo-letra-e","10":"first","11":"instock","12":"shipping-taxable","13":"product-type-simple"},"acf":[],"_links":{"self":[{"href":"https:\/\/olemosaic.orbitalia.org\/pt-pt\/wp-json\/wp\/v2\/product\/33663","targetHints":{"allow":["GET"]}}],"collection":[{"href":"https:\/\/olemosaic.orbitalia.org\/pt-pt\/wp-json\/wp\/v2\/product"}],"about":[{"href":"https:\/\/olemosaic.orbitalia.org\/pt-pt\/wp-json\/wp\/v2\/types\/product"}],"wp:featuredmedia":[{"embeddable":true,"href":"https:\/\/olemosaic.orbitalia.org\/pt-pt\/wp-json\/wp\/v2\/media\/10924"}],"wp:attachment":[{"href":"https:\/\/olemosaic.orbitalia.org\/pt-pt\/wp-json\/wp\/v2\/media?parent=33663"}],"wp:term":[{"taxonomy":"product_brand","embeddable":true,"href":"https:\/\/olemosaic.orbitalia.org\/pt-pt\/wp-json\/wp\/v2\/product_brand?post=33663"},{"taxonomy":"product_cat","embeddable":true,"href":"https:\/\/olemosaic.orbitalia.org\/pt-pt\/wp-json\/wp\/v2\/product_cat?post=33663"},{"taxonomy":"product_tag","embeddable":true,"href":"https:\/\/olemosaic.orbitalia.org\/pt-pt\/wp-json\/wp\/v2\/product_tag?post=33663"}],"curies":[{"name":"wp","href":"https:\/\/api.w.org\/{rel}","templated":true}]}}