{"id":33662,"date":"2025-02-20T23:33:34","date_gmt":"2025-02-20T22:33:34","guid":{"rendered":"https:\/\/olemosaic.orbitalia.org\/producto\/llavero-de-madera-letra-b-barcelona-2\/"},"modified":"2025-07-25T20:02:09","modified_gmt":"2025-07-25T18:02:09","slug":"porta-chaves-de-madeira-letra-b-barcelona-2","status":"publish","type":"product","link":"https:\/\/olemosaic.orbitalia.org\/pt-pt\/produto\/porta-chaves-de-madeira-letra-b-barcelona-2\/","title":{"rendered":"Porta-chaves de madeira. Letra B. Mosaico. Barcelona."},"content":{"rendered":"<p>Este porta-chaves de madeira com a forma da letra B \u00e9 uma recorda\u00e7\u00e3o representativa e elegante da emblem\u00e1tica cidade de Barcelona. Desenhado com carinho, este acess\u00f3rio n\u00e3o s\u00f3 \u00e9 pr\u00e1tico, como tamb\u00e9m capta a ess\u00eancia do modernismo catal\u00e3o atrav\u00e9s da sua vibrante ilustra\u00e7\u00e3o da Sagrada Fam\u00edlia. As torres, em tons de vermelho, amarelo e verde, erguem-se majestosas e s\u00e3o acompanhadas por um mosaico colorido que evoca o estilo distintivo de Antoni Gaud\u00ed. Cada detalhe foi cuidadosamente pintado \u00e0 m\u00e3o, real\u00e7ando a dedica\u00e7\u00e3o artesanal que caracteriza este produto.<\/p>\n<p>A letra B serve como uma homenagem a Barcelona, uma cidade famosa pela sua rica hist\u00f3ria cultural e arquitet\u00f3nica. Este porta-chaves, al\u00e9m de ser um artigo funcional, torna-se uma aut\u00eantica pe\u00e7a de arte que os turistas podem levar consigo, recordando a sua visita a um dos destinos mais ic\u00f3nicos da Europa. Na Ol\u00e9 Mosaic, orgulhamo-nos de oferecer artigos que refletem a autenticidade e o esp\u00edrito do local de origem. Este porta-chaves \u00e9 uma op\u00e7\u00e3o perfeita para lojas de recorda\u00e7\u00f5es que procuram atrair os visitantes com produtos \u00fanicos e representativos. Como grossistas de recorda\u00e7\u00f5es, garantimos a qualidade e o design em cada pe\u00e7a, fazendo deste porta-chaves uma excelente alternativa para quem procura uma recorda\u00e7\u00e3o inesquec\u00edvel de Barcelona.<\/p>\n","protected":false},"excerpt":{"rendered":"<p>Porta-chaves de madeira com a forma da letra B, inspirado na emblem\u00e1tica cidade de Barcelona. O design apresenta uma vibrante ilustra\u00e7\u00e3o da Sagrada Fam\u00edlia, com as suas torres em vermelho, amarelo e verde, juntamente com um mosaico colorido e detalhes de estilo modernista. A pe\u00e7a possui um cuidado design artesanal, pintado \u00e0 m\u00e3o, real\u00e7ando a riqueza cultural da cidade. Uma recorda\u00e7\u00e3o perfeita que capta a ess\u00eancia de Barcelona num acess\u00f3rio pr\u00e1tico.<\/p>\n","protected":false},"featured_media":10487,"template":"","meta":{"_acf_changed":false},"product_brand":[],"product_cat":[611],"product_tag":[612],"class_list":{"0":"post-33662","1":"product","2":"type-product","3":"status-publish","4":"has-post-thumbnail","6":"product_cat-porta-chaves","7":"product_tag-cartas","8":"pa_ciudad-barcelona","9":"pa_motivo-letra-b","10":"pa_pais-espana","12":"first","13":"instock","14":"shipping-taxable","15":"product-type-simple"},"acf":[],"_links":{"self":[{"href":"https:\/\/olemosaic.orbitalia.org\/pt-pt\/wp-json\/wp\/v2\/product\/33662","targetHints":{"allow":["GET"]}}],"collection":[{"href":"https:\/\/olemosaic.orbitalia.org\/pt-pt\/wp-json\/wp\/v2\/product"}],"about":[{"href":"https:\/\/olemosaic.orbitalia.org\/pt-pt\/wp-json\/wp\/v2\/types\/product"}],"wp:featuredmedia":[{"embeddable":true,"href":"https:\/\/olemosaic.orbitalia.org\/pt-pt\/wp-json\/wp\/v2\/media\/10487"}],"wp:attachment":[{"href":"https:\/\/olemosaic.orbitalia.org\/pt-pt\/wp-json\/wp\/v2\/media?parent=33662"}],"wp:term":[{"taxonomy":"product_brand","embeddable":true,"href":"https:\/\/olemosaic.orbitalia.org\/pt-pt\/wp-json\/wp\/v2\/product_brand?post=33662"},{"taxonomy":"product_cat","embeddable":true,"href":"https:\/\/olemosaic.orbitalia.org\/pt-pt\/wp-json\/wp\/v2\/product_cat?post=33662"},{"taxonomy":"product_tag","embeddable":true,"href":"https:\/\/olemosaic.orbitalia.org\/pt-pt\/wp-json\/wp\/v2\/product_tag?post=33662"}],"curies":[{"name":"wp","href":"https:\/\/api.w.org\/{rel}","templated":true}]}}