{"id":33661,"date":"2025-02-20T22:33:34","date_gmt":"2025-02-20T22:33:34","guid":{"rendered":"https:\/\/olemosaic.orbitalia.org\/producto\/llavero-de-madera-letra-z-mosaico\/"},"modified":"2025-07-25T18:43:27","modified_gmt":"2025-07-25T16:43:27","slug":"porta-chaves-de-madeira-letra-z-mosaico","status":"publish","type":"product","link":"https:\/\/olemosaic.orbitalia.org\/pt-pt\/produto\/porta-chaves-de-madeira-letra-z-mosaico\/","title":{"rendered":"Porta-chaves de madeira. Letra Z. Mosaico."},"content":{"rendered":"<p>Este porta-chaves de madeira com a forma da letra &#8220;Z&#8221; \u00e9 uma requintada representa\u00e7\u00e3o da arte do mosaico espanhol, evocando a rica tradi\u00e7\u00e3o art\u00edstica que caracteriza a Espanha. Com um design vibrante que combina cores como o vermelho, verde, amarelo e azul, apresenta um padr\u00e3o geom\u00e9trico que real\u00e7a a sua originalidade e captura a ess\u00eancia colorida e alegre da cultura espanhola. O acabamento em madeira garante durabilidade, e o seu elegante fecho met\u00e1lico permite us\u00e1-lo de forma pr\u00e1tica e estilizada em qualquer conjunto de chaves, tornando-o um acess\u00f3rio funcional e atraente.<\/p>\n<p>Esta recorda\u00e7\u00e3o \u00e9 ideal tanto como lembran\u00e7a pessoal como presente para entes queridos, simbolizando uma liga\u00e7\u00e3o cultural aut\u00eantica com a Espanha mais tradicional. Inspira-se na famosa arte do mosaico que se aprecia em numerosas obras arquitet\u00f3nicas, desde as ruas de Barcelona at\u00e9 aos p\u00e1tios da Andaluzia, fazendo de cada porta-chaves uma pe\u00e7a \u00fanica da identidade espanhola.<\/p>\n<p>Na Ol\u00e9 Mosaic, especializamo-nos na distribui\u00e7\u00e3o de lembran\u00e7as por grosso, e este porta-chaves de mosaico n\u00e3o s\u00f3 \u00e9 perfeito para turistas que procuram uma recorda\u00e7\u00e3o representativa da sua visita, como tamb\u00e9m \u00e9 uma excelente op\u00e7\u00e3o para lojas de recorda\u00e7\u00f5es tur\u00edsticas que desejam oferecer produtos aut\u00eanticos. Como grossistas de lembran\u00e7as, garantimos qualidade e originalidade em cada um dos nossos designs.<\/p>\n","protected":false},"excerpt":{"rendered":"<p>Porta-chaves de madeira com a forma da letra &#8220;Z&#8221;, adornado com um colorido mosaico que evoca a rica tradi\u00e7\u00e3o art\u00edstica espanhola. Este atraente porta-chaves apresenta uma vibrante combina\u00e7\u00e3o de cores como vermelho, verde, amarelo e azul, criando um design geom\u00e9trico que destaca a sua originalidade. Ideal como recorda\u00e7\u00e3o ou presente, o seu acabamento em madeira assegura durabilidade, enquanto o seu fecho met\u00e1lico permite uma utiliza\u00e7\u00e3o pr\u00e1tica e estilizada em qualquer conjunto de chaves.<\/p>\n","protected":false},"featured_media":10776,"template":"","meta":{"_acf_changed":false},"product_brand":[],"product_cat":[611],"product_tag":[612],"class_list":{"0":"post-33661","1":"product","2":"type-product","3":"status-publish","4":"has-post-thumbnail","6":"product_cat-porta-chaves","7":"product_tag-cartas","8":"pa_motivo-letra-z","10":"first","11":"instock","12":"shipping-taxable","13":"product-type-simple"},"acf":[],"_links":{"self":[{"href":"https:\/\/olemosaic.orbitalia.org\/pt-pt\/wp-json\/wp\/v2\/product\/33661","targetHints":{"allow":["GET"]}}],"collection":[{"href":"https:\/\/olemosaic.orbitalia.org\/pt-pt\/wp-json\/wp\/v2\/product"}],"about":[{"href":"https:\/\/olemosaic.orbitalia.org\/pt-pt\/wp-json\/wp\/v2\/types\/product"}],"wp:featuredmedia":[{"embeddable":true,"href":"https:\/\/olemosaic.orbitalia.org\/pt-pt\/wp-json\/wp\/v2\/media\/10776"}],"wp:attachment":[{"href":"https:\/\/olemosaic.orbitalia.org\/pt-pt\/wp-json\/wp\/v2\/media?parent=33661"}],"wp:term":[{"taxonomy":"product_brand","embeddable":true,"href":"https:\/\/olemosaic.orbitalia.org\/pt-pt\/wp-json\/wp\/v2\/product_brand?post=33661"},{"taxonomy":"product_cat","embeddable":true,"href":"https:\/\/olemosaic.orbitalia.org\/pt-pt\/wp-json\/wp\/v2\/product_cat?post=33661"},{"taxonomy":"product_tag","embeddable":true,"href":"https:\/\/olemosaic.orbitalia.org\/pt-pt\/wp-json\/wp\/v2\/product_tag?post=33661"}],"curies":[{"name":"wp","href":"https:\/\/api.w.org\/{rel}","templated":true}]}}