{"id":33657,"date":"2025-02-20T23:33:33","date_gmt":"2025-02-20T22:33:33","guid":{"rendered":"https:\/\/olemosaic.orbitalia.org\/producto\/llavero-de-madera-letra-y-mosaico\/"},"modified":"2025-07-25T18:35:37","modified_gmt":"2025-07-25T16:35:37","slug":"porta-chaves-de-madeira-letra-y-mosaico","status":"publish","type":"product","link":"https:\/\/olemosaic.orbitalia.org\/pt-pt\/produto\/porta-chaves-de-madeira-letra-y-mosaico\/","title":{"rendered":"Porta-chaves de madeira. Letra Y. Mosaico."},"content":{"rendered":"<p>Este porta-chaves de madeira com a forma da letra &#8220;Y&#8221; \u00e9 um aut\u00eantico s\u00edmbolo da arte e da cultura espanhola, ideal para quem deseja levar consigo um pedacinho deste pa\u00eds. O seu design vibrante de mosaico evoca as obras coloridas que adornam muitas cidades espanholas, capturando a ess\u00eancia do talento art\u00edstico local. Cada pe\u00e7a parece ser pintada \u00e0 m\u00e3o, o que garante que cada porta-chaves seja \u00fanico, e as suas cores chamativas em tons de vermelho, azul, amarelo e verde entrela\u00e7am-se num delicado padr\u00e3o de formas geom\u00e9tricas que se destaca pela sua originalidade e apelo visual.<\/p>\n<p>O porta-chaves \u00e9 fabricado em madeira, o que n\u00e3o s\u00f3 lhe confere durabilidade, mas tamb\u00e9m uma liga\u00e7\u00e3o \u00e0 tradi\u00e7\u00e3o artesanal espanhola. Esta recorda\u00e7\u00e3o n\u00e3o \u00e9 apenas pr\u00e1tica, mas tamb\u00e9m transforma cada utiliza\u00e7\u00e3o num lembrete visual das ricas heran\u00e7as culturais que se encontram no pa\u00eds. A letra &#8220;Y&#8221; pode ser personalizada, tornando-o um presente \u00fanico e significativo, perfeito para quem procura lembran\u00e7as que representem tanto a sua viagem como a sua identidade pessoal.<\/p>\n<p>Na Ol\u00e9 Mosaic, dedicamo-nos \u00e0 distribui\u00e7\u00e3o de lembran\u00e7as por grosso, oferecendo produtos que refletem a cultura e a arte espanhola. Este porta-chaves de mosaico \u00e9 uma excelente op\u00e7\u00e3o para lojas de recorda\u00e7\u00f5es tur\u00edsticas que procuram artigos aut\u00eanticos e representativos. Com o seu design \u00fanico e a sua liga\u00e7\u00e3o cultural, este porta-chaves \u00e9 uma recorda\u00e7\u00e3o perfeita de Espanha, ideal para turistas e amantes da arte.<\/p>\n","protected":false},"excerpt":{"rendered":"<p>Porta-chaves de madeira com a forma da letra &#8220;Y&#8221;, decorado com um design vibrante de mosaico que evoca a tradi\u00e7\u00e3o art\u00edstica espanhola. Este porta-chaves destaca-se pelas suas cores chamativas em tons de vermelho, azul, amarelo e verde, entrela\u00e7adas num padr\u00e3o de formas geom\u00e9tricas. A sua confe\u00e7\u00e3o em madeira garante durabilidade, enquanto o seu design artesanal, com efeito de pintura \u00e0 m\u00e3o, real\u00e7a a singularidade de cada pe\u00e7a. Uma recorda\u00e7\u00e3o ideal para levar um pedacinho de arte espanhola sempre consigo.<\/p>\n","protected":false},"featured_media":10775,"template":"","meta":{"_acf_changed":false},"product_brand":[],"product_cat":[611],"product_tag":[612],"class_list":{"0":"post-33657","1":"product","2":"type-product","3":"status-publish","4":"has-post-thumbnail","6":"product_cat-porta-chaves","7":"product_tag-cartas","8":"pa_motivo-letra-y","10":"first","11":"instock","12":"shipping-taxable","13":"product-type-simple"},"acf":[],"_links":{"self":[{"href":"https:\/\/olemosaic.orbitalia.org\/pt-pt\/wp-json\/wp\/v2\/product\/33657","targetHints":{"allow":["GET"]}}],"collection":[{"href":"https:\/\/olemosaic.orbitalia.org\/pt-pt\/wp-json\/wp\/v2\/product"}],"about":[{"href":"https:\/\/olemosaic.orbitalia.org\/pt-pt\/wp-json\/wp\/v2\/types\/product"}],"wp:featuredmedia":[{"embeddable":true,"href":"https:\/\/olemosaic.orbitalia.org\/pt-pt\/wp-json\/wp\/v2\/media\/10775"}],"wp:attachment":[{"href":"https:\/\/olemosaic.orbitalia.org\/pt-pt\/wp-json\/wp\/v2\/media?parent=33657"}],"wp:term":[{"taxonomy":"product_brand","embeddable":true,"href":"https:\/\/olemosaic.orbitalia.org\/pt-pt\/wp-json\/wp\/v2\/product_brand?post=33657"},{"taxonomy":"product_cat","embeddable":true,"href":"https:\/\/olemosaic.orbitalia.org\/pt-pt\/wp-json\/wp\/v2\/product_cat?post=33657"},{"taxonomy":"product_tag","embeddable":true,"href":"https:\/\/olemosaic.orbitalia.org\/pt-pt\/wp-json\/wp\/v2\/product_tag?post=33657"}],"curies":[{"name":"wp","href":"https:\/\/api.w.org\/{rel}","templated":true}]}}