{"id":33641,"date":"2025-02-20T22:33:33","date_gmt":"2025-02-20T22:33:33","guid":{"rendered":"https:\/\/olemosaic.orbitalia.org\/producto\/llavero-de-madera-letra-w-mosaico\/"},"modified":"2025-07-25T18:46:15","modified_gmt":"2025-07-25T16:46:15","slug":"porta-chaves-de-madeira-letra-w-mosaico","status":"publish","type":"product","link":"https:\/\/olemosaic.orbitalia.org\/pt-pt\/produto\/porta-chaves-de-madeira-letra-w-mosaico\/","title":{"rendered":"Porta-chaves de madeira. Letra W. Mosaico."},"content":{"rendered":"<p>Este porta-chaves de madeira com a forma da letra &#8220;W&#8221; \u00e9 uma recorda\u00e7\u00e3o vibrante e colorida que captura a ess\u00eancia da arte do mosaico, uma das tradi\u00e7\u00f5es mais representativas da cultura espanhola. O seu design alegre combina tonalidades de azul, vermelho, verde e amarelo, evocando a riqueza visual presente nos mosaicos que adornam cidades como Barcelona e Granada. A forma distintiva da letra &#8220;W&#8221; n\u00e3o s\u00f3 \u00e9 um detalhe personaliz\u00e1vel, como tamb\u00e9m simboliza a liga\u00e7\u00e3o com a cultura local, oferecendo uma excelente forma de levar um toque pessoal de Espanha.<\/p>\n<p>Fabricado em madeira, este porta-chaves enquadra-se num estilo contempor\u00e2neo que o torna atraente tanto para jovens como para adultos. A t\u00e9cnica do mosaico utilizada destaca a criatividade e o engenho art\u00edstico, tornando-o um acess\u00f3rio ideal para os amantes da arte e da personaliza\u00e7\u00e3o. A sua leveza e resist\u00eancia tornam-no perfeito para o uso di\u00e1rio, garantindo que n\u00e3o seja apenas uma recorda\u00e7\u00e3o, mas uma pe\u00e7a funcional na vida quotidiana.<\/p>\n<p>Na Ol\u00e9 Mosaic, a nossa dedica\u00e7\u00e3o em oferecer recorda\u00e7\u00f5es aut\u00eanticas garante que cada porta-chaves de madeira n\u00e3o seja apenas um objeto decorativo, mas um verdadeiro testemunho da cultura e do patrim\u00f3nio espanhol. Este porta-chaves de mosaico \u00e9, sem d\u00favida, uma op\u00e7\u00e3o ideal para lojas de presentes tur\u00edsticos que procuram produtos \u00fanicos e cheios de significado, perfeitos para quem deseja levar um pedacinho de Espanha para casa.<\/p>\n","protected":false},"excerpt":{"rendered":"<p>Porta-chaves de madeira com a forma da letra &#8220;W&#8221;, decorado com um vibrante design de mosaico. Esta atraente recorda\u00e7\u00e3o apresenta uma combina\u00e7\u00e3o de cores alegres, que abrange tons azuis, vermelhos, verdes e amarelos, evocando a rica tradi\u00e7\u00e3o art\u00edstica espanhola. A sua t\u00e9cnica de mosaico acrescenta um toque distintivo, tornando-o um acess\u00f3rio ideal para levar sempre consigo um pedacinho de cultura e criatividade. Perfeito para amantes da arte e da personaliza\u00e7\u00e3o.<\/p>\n","protected":false},"featured_media":10773,"template":"","meta":{"_acf_changed":false},"product_brand":[],"product_cat":[611],"product_tag":[612],"class_list":{"0":"post-33641","1":"product","2":"type-product","3":"status-publish","4":"has-post-thumbnail","6":"product_cat-porta-chaves","7":"product_tag-cartas","8":"pa_motivo-letra-w","10":"first","11":"instock","12":"shipping-taxable","13":"product-type-simple"},"acf":[],"_links":{"self":[{"href":"https:\/\/olemosaic.orbitalia.org\/pt-pt\/wp-json\/wp\/v2\/product\/33641","targetHints":{"allow":["GET"]}}],"collection":[{"href":"https:\/\/olemosaic.orbitalia.org\/pt-pt\/wp-json\/wp\/v2\/product"}],"about":[{"href":"https:\/\/olemosaic.orbitalia.org\/pt-pt\/wp-json\/wp\/v2\/types\/product"}],"wp:featuredmedia":[{"embeddable":true,"href":"https:\/\/olemosaic.orbitalia.org\/pt-pt\/wp-json\/wp\/v2\/media\/10773"}],"wp:attachment":[{"href":"https:\/\/olemosaic.orbitalia.org\/pt-pt\/wp-json\/wp\/v2\/media?parent=33641"}],"wp:term":[{"taxonomy":"product_brand","embeddable":true,"href":"https:\/\/olemosaic.orbitalia.org\/pt-pt\/wp-json\/wp\/v2\/product_brand?post=33641"},{"taxonomy":"product_cat","embeddable":true,"href":"https:\/\/olemosaic.orbitalia.org\/pt-pt\/wp-json\/wp\/v2\/product_cat?post=33641"},{"taxonomy":"product_tag","embeddable":true,"href":"https:\/\/olemosaic.orbitalia.org\/pt-pt\/wp-json\/wp\/v2\/product_tag?post=33641"}],"curies":[{"name":"wp","href":"https:\/\/api.w.org\/{rel}","templated":true}]}}