{"id":33625,"date":"2025-02-20T23:33:32","date_gmt":"2025-02-20T22:33:32","guid":{"rendered":"https:\/\/olemosaic.orbitalia.org\/producto\/llavero-de-madera-letra-v-madrid\/"},"modified":"2025-07-25T19:36:37","modified_gmt":"2025-07-25T17:36:37","slug":"porta-chaves-de-madeira-letra-v-madrid","status":"publish","type":"product","link":"https:\/\/olemosaic.orbitalia.org\/pt-pt\/produto\/porta-chaves-de-madeira-letra-v-madrid\/","title":{"rendered":"Porta-chaves de madeira. Letra V. Madrid."},"content":{"rendered":"<p>Este porta-chaves de madeira em forma de letra &#8220;V&#8221; \u00e9 uma aut\u00eantica homenagem \u00e0 vibrante cidade de Madrid. Com um design colorido e cheio de vida, capta elementos ic\u00f3nicos da capital espanhola, como a famosa Puerta del Sol, o emblem\u00e1tico rel\u00f3gio que marca a celebra\u00e7\u00e3o do Ano Novo e uma personagem vestida com o traje tradicional espanhol. Decorado com mosaicos intrincados em tons de azul e amarelo, este porta-chaves n\u00e3o \u00e9 apenas funcional, mas tamb\u00e9m uma pe\u00e7a de arte que reflete a ess\u00eancia do patrim\u00f3nio madrileno.<\/p>\n<p>O uso da letra &#8220;V&#8221; permite personalizar esta recorda\u00e7\u00e3o, tornando-a um presente significativo ou um detalhe especial que representa tanto Madrid como quem o usa. Este porta-chaves \u00e9 perfeito para turistas que procuram recorda\u00e7\u00f5es \u00fanicas de Madrid, bem como para aqueles que desejam levar consigo um peda\u00e7o do rico folclore espanhol.<\/p>\n<p>Na Ol\u00e9 Mosaic especializamo-nos na distribui\u00e7\u00e3o de recorda\u00e7\u00f5es por grosso, oferecendo produtos aut\u00eanticos e representativos da cultura espanhola. Este porta-chaves de madeira \u00e9 uma excelente op\u00e7\u00e3o para lojas de presentes tur\u00edsticos que procuram incorporar artigos que combinam funcionalidade e um forte v\u00ednculo cultural. Com a nossa variedade de porta-chaves, garantimos qualidade e autenticidade, ideais para satisfazer os amantes da capital.<\/p>\n","protected":false},"excerpt":{"rendered":"<p>Porta-chaves de madeira em forma de letra &#8220;V&#8221;, inspirado na vibrante cidade de Madrid. Este porta-chaves apresenta um design colorido com elementos representativos como a famosa Puerta del Sol, um rel\u00f3gio emblem\u00e1tico e um homem vestido com traje tradicional. Decorado com mosaicos em tons de azul e amarelo, \u00e9 um artigo funcional e art\u00edstico que capta a ess\u00eancia do patrim\u00f3nio madrileno. Ideal como recorda\u00e7\u00e3o ou presente para os amantes da capital espanhola.<\/p>\n","protected":false},"featured_media":10854,"template":"","meta":{"_acf_changed":false},"product_brand":[],"product_cat":[611],"product_tag":[612],"class_list":{"0":"post-33625","1":"product","2":"type-product","3":"status-publish","4":"has-post-thumbnail","6":"product_cat-porta-chaves","7":"product_tag-cartas","8":"pa_ciudad-madrid","9":"pa_motivo-letra-v","10":"pa_pais-espana","12":"first","13":"instock","14":"shipping-taxable","15":"product-type-simple"},"acf":[],"_links":{"self":[{"href":"https:\/\/olemosaic.orbitalia.org\/pt-pt\/wp-json\/wp\/v2\/product\/33625","targetHints":{"allow":["GET"]}}],"collection":[{"href":"https:\/\/olemosaic.orbitalia.org\/pt-pt\/wp-json\/wp\/v2\/product"}],"about":[{"href":"https:\/\/olemosaic.orbitalia.org\/pt-pt\/wp-json\/wp\/v2\/types\/product"}],"wp:featuredmedia":[{"embeddable":true,"href":"https:\/\/olemosaic.orbitalia.org\/pt-pt\/wp-json\/wp\/v2\/media\/10854"}],"wp:attachment":[{"href":"https:\/\/olemosaic.orbitalia.org\/pt-pt\/wp-json\/wp\/v2\/media?parent=33625"}],"wp:term":[{"taxonomy":"product_brand","embeddable":true,"href":"https:\/\/olemosaic.orbitalia.org\/pt-pt\/wp-json\/wp\/v2\/product_brand?post=33625"},{"taxonomy":"product_cat","embeddable":true,"href":"https:\/\/olemosaic.orbitalia.org\/pt-pt\/wp-json\/wp\/v2\/product_cat?post=33625"},{"taxonomy":"product_tag","embeddable":true,"href":"https:\/\/olemosaic.orbitalia.org\/pt-pt\/wp-json\/wp\/v2\/product_tag?post=33625"}],"curies":[{"name":"wp","href":"https:\/\/api.w.org\/{rel}","templated":true}]}}