{"id":33624,"date":"2025-02-20T23:33:32","date_gmt":"2025-02-20T22:33:32","guid":{"rendered":"https:\/\/olemosaic.orbitalia.org\/producto\/llavero-de-madera-letra-u-2\/"},"modified":"2025-07-25T19:49:34","modified_gmt":"2025-07-25T17:49:34","slug":"porta-chaves-de-madeira-letra-u-2","status":"publish","type":"product","link":"https:\/\/olemosaic.orbitalia.org\/pt-pt\/produto\/porta-chaves-de-madeira-letra-u-2\/","title":{"rendered":"Porta-chaves de madeira. Letra U. Mosaico. Barcelona."},"content":{"rendered":"<p>Este porta-chaves de madeira em forma de letra &#8220;U&#8221; \u00e9 uma pe\u00e7a excecional que presta homenagem ao vibrante estilo trencad\u00eds do famoso arquiteto Antoni Gaud\u00ed, emblem\u00e1tico da arquitetura modernista de Barcelona. O design colorido deste porta-chaves apresenta fragmentos de cer\u00e2mica em tons de amarelo, vermelho, azul e verde, encapsulando a ess\u00eancia da Cidade Condal. A letra &#8220;U&#8221; est\u00e1 rodeada por um padr\u00e3o intrincado preto que confere defini\u00e7\u00e3o e eleg\u00e2ncia, tornando-a uma pe\u00e7a n\u00e3o s\u00f3 funcional, mas tamb\u00e9m decorativa. O seu acabamento liso proporciona uma sensa\u00e7\u00e3o agrad\u00e1vel ao toque, destacando a qualidade do artesanato. Este porta-chaves \u00e9 mais do que um simples acess\u00f3rio; \u00e9 uma recorda\u00e7\u00e3o tang\u00edvel que evoca a beleza e a criatividade de Barcelona, ideal para quem procura um souvenir aut\u00eantico e representativo da sua viagem.<\/p>\n<p>Na Ol\u00e9 Mosaic, especializamo-nos na distribui\u00e7\u00e3o de recorda\u00e7\u00f5es por grosso que captam o esp\u00edrito cultural de cada regi\u00e3o. Este porta-chaves de madeira \u00e9 perfeito para lojas de presentes tur\u00edsticos que desejam oferecer produtos \u00fanicos e de alta qualidade. Ao escolher este chamativo porta-chaves de Barcelona, os turistas levam consigo um peda\u00e7o da magia da cidade, ideal para recordar a sua experi\u00eancia e partilh\u00e1-la com amigos e familiares. Como grossista de recorda\u00e7\u00f5es, garantimos a autenticidade e o estilo em cada uma das nossas pe\u00e7as, assegurando que os nossos clientes contam com um produto que se destaca no mercado.<\/p>\n","protected":false},"excerpt":{"rendered":"<p>Porta-chaves de madeira em forma de &#8220;U&#8221;, inspirado no colorido trencad\u00eds de Gaud\u00ed. Este porta-chaves apresenta um design decorativo que combina fragmentos de cer\u00e2mica em tons de amarelo, vermelho, azul e verde, captando a ess\u00eancia vibrante da arquitetura modernista de Barcelona. O seu acabamento liso e o uso de linhas pretas tornam-no uma pe\u00e7a atraente e original, ideal para recordar a beleza da cidade.<\/p>\n","protected":false},"featured_media":10940,"template":"","meta":{"_acf_changed":false},"product_brand":[],"product_cat":[611],"product_tag":[612],"class_list":{"0":"post-33624","1":"product","2":"type-product","3":"status-publish","4":"has-post-thumbnail","6":"product_cat-porta-chaves","7":"product_tag-cartas","8":"pa_motivo-letra-u","10":"first","11":"instock","12":"shipping-taxable","13":"product-type-simple"},"acf":[],"_links":{"self":[{"href":"https:\/\/olemosaic.orbitalia.org\/pt-pt\/wp-json\/wp\/v2\/product\/33624","targetHints":{"allow":["GET"]}}],"collection":[{"href":"https:\/\/olemosaic.orbitalia.org\/pt-pt\/wp-json\/wp\/v2\/product"}],"about":[{"href":"https:\/\/olemosaic.orbitalia.org\/pt-pt\/wp-json\/wp\/v2\/types\/product"}],"wp:featuredmedia":[{"embeddable":true,"href":"https:\/\/olemosaic.orbitalia.org\/pt-pt\/wp-json\/wp\/v2\/media\/10940"}],"wp:attachment":[{"href":"https:\/\/olemosaic.orbitalia.org\/pt-pt\/wp-json\/wp\/v2\/media?parent=33624"}],"wp:term":[{"taxonomy":"product_brand","embeddable":true,"href":"https:\/\/olemosaic.orbitalia.org\/pt-pt\/wp-json\/wp\/v2\/product_brand?post=33624"},{"taxonomy":"product_cat","embeddable":true,"href":"https:\/\/olemosaic.orbitalia.org\/pt-pt\/wp-json\/wp\/v2\/product_cat?post=33624"},{"taxonomy":"product_tag","embeddable":true,"href":"https:\/\/olemosaic.orbitalia.org\/pt-pt\/wp-json\/wp\/v2\/product_tag?post=33624"}],"curies":[{"name":"wp","href":"https:\/\/api.w.org\/{rel}","templated":true}]}}