{"id":33622,"date":"2025-02-20T23:33:32","date_gmt":"2025-02-20T22:33:32","guid":{"rendered":"https:\/\/olemosaic.orbitalia.org\/producto\/llavero-de-madera-letra-u\/"},"modified":"2025-07-25T20:27:29","modified_gmt":"2025-07-25T18:27:29","slug":"porta-chaves-de-madeira-letra-u","status":"publish","type":"product","link":"https:\/\/olemosaic.orbitalia.org\/pt-pt\/produto\/porta-chaves-de-madeira-letra-u\/","title":{"rendered":"Porta-chaves de madeira. Letra U."},"content":{"rendered":"<p>Este porta-chaves de madeira em forma de letra &#8220;U&#8221; \u00e9 uma recorda\u00e7\u00e3o atraente que capta a ess\u00eancia da arte tradicional espanhola. Decorado com padr\u00f5es vibrantes que evocam os famosos azulejos de Espanha, cada pe\u00e7a \u00e9 \u00fanica gra\u00e7as ao seu design pintado \u00e0 m\u00e3o, que combina uma paleta de tons intensos como o vermelho, o azul e o amarelo. A imagem da letra &#8220;U&#8221; \u00e9 real\u00e7ada com detalhes intrincados que representam a rica heran\u00e7a cultural do pa\u00eds, refletindo a beleza e a diversidade da arte ib\u00e9rica.<\/p>\n<p>Este porta-chaves n\u00e3o \u00e9 apenas funcional, mas tamb\u00e9m se torna uma recorda\u00e7\u00e3o personaliz\u00e1vel, ideal para turistas que procuram levar um peda\u00e7o de Espanha. A sua originalidade torna-o um presente perfeito, seja como um detalhe para amigos ou como uma recorda\u00e7\u00e3o significativa por si s\u00f3. O artesanato envolvido na sua cria\u00e7\u00e3o garante um produto de alta qualidade que exalta a tradi\u00e7\u00e3o espanhola.<\/p>\n<p>Na Ol\u00e9 Mosaic, especializamo-nos na distribui\u00e7\u00e3o de recorda\u00e7\u00f5es por grosso, oferecendo artigos aut\u00eanticos que celebram a riqueza cultural de Espanha. Este porta-chaves \u00e9 uma op\u00e7\u00e3o ideal para lojas de presentes tur\u00edsticos que desejam oferecer produtos \u00fanicos e relevantes. Torne-se distribuidor dos nossos encantadores porta-chaves e proporcione aos seus clientes uma pe\u00e7a que encapsula o esp\u00edrito da cultura espanhola.<\/p>\n","protected":false},"excerpt":{"rendered":"<p>Porta-chaves de madeira em forma de letra &#8220;U&#8221;, decorado com motivos coloridos que lembram os azulejos tradicionais espanh\u00f3is. Esta recorda\u00e7\u00e3o atraente apresenta um design artesanal, pintado \u00e0 m\u00e3o, que combina tons vibrantes de vermelho, azul e amarelo, refletindo a rica cultura do pa\u00eds. Ideal para usar as pr\u00f3prias iniciais ou como presente, este porta-chaves \u00e9 uma pe\u00e7a \u00fanica que se destaca pela sua originalidade e artesanato.<\/p>\n","protected":false},"featured_media":9611,"template":"","meta":{"_acf_changed":false},"product_brand":[],"product_cat":[611],"product_tag":[612],"class_list":{"0":"post-33622","1":"product","2":"type-product","3":"status-publish","4":"has-post-thumbnail","6":"product_cat-porta-chaves","7":"product_tag-cartas","8":"pa_motivo-letra-u","10":"first","11":"instock","12":"shipping-taxable","13":"product-type-simple"},"acf":[],"_links":{"self":[{"href":"https:\/\/olemosaic.orbitalia.org\/pt-pt\/wp-json\/wp\/v2\/product\/33622","targetHints":{"allow":["GET"]}}],"collection":[{"href":"https:\/\/olemosaic.orbitalia.org\/pt-pt\/wp-json\/wp\/v2\/product"}],"about":[{"href":"https:\/\/olemosaic.orbitalia.org\/pt-pt\/wp-json\/wp\/v2\/types\/product"}],"wp:featuredmedia":[{"embeddable":true,"href":"https:\/\/olemosaic.orbitalia.org\/pt-pt\/wp-json\/wp\/v2\/media\/9611"}],"wp:attachment":[{"href":"https:\/\/olemosaic.orbitalia.org\/pt-pt\/wp-json\/wp\/v2\/media?parent=33622"}],"wp:term":[{"taxonomy":"product_brand","embeddable":true,"href":"https:\/\/olemosaic.orbitalia.org\/pt-pt\/wp-json\/wp\/v2\/product_brand?post=33622"},{"taxonomy":"product_cat","embeddable":true,"href":"https:\/\/olemosaic.orbitalia.org\/pt-pt\/wp-json\/wp\/v2\/product_cat?post=33622"},{"taxonomy":"product_tag","embeddable":true,"href":"https:\/\/olemosaic.orbitalia.org\/pt-pt\/wp-json\/wp\/v2\/product_tag?post=33622"}],"curies":[{"name":"wp","href":"https:\/\/api.w.org\/{rel}","templated":true}]}}