{"id":33591,"date":"2025-02-20T23:33:31","date_gmt":"2025-02-20T22:33:31","guid":{"rendered":"https:\/\/olemosaic.orbitalia.org\/producto\/llavero-de-madera-letra-s-madrid\/"},"modified":"2025-07-25T18:44:06","modified_gmt":"2025-07-25T16:44:06","slug":"porta-chaves-de-madeira-letra-s-madrid","status":"publish","type":"product","link":"https:\/\/olemosaic.orbitalia.org\/pt-pt\/produto\/porta-chaves-de-madeira-letra-s-madrid\/","title":{"rendered":"Porta-chaves de madeira. Letra S. Madrid."},"content":{"rendered":"<p>Este porta-chaves de madeira com a forma de &#8220;S&#8221; \u00e9 uma recorda\u00e7\u00e3o encantadora que presta homenagem \u00e0 vibrante cidade de Madrid. Elaborado com esmero, apresenta um design atraente com ilustra\u00e7\u00f5es de efeito pintado \u00e0 m\u00e3o que destacam o emblem\u00e1tico rel\u00f3gio da Puerta del Sol, um s\u00edmbolo ic\u00f3nico da capital espanhola. Al\u00e9m disso, incorpora elementos distintivos como o famoso cartaz do Metro de Madrid, tornando-o um artigo que encapsula a vida quotidiana e cultural da cidade.<\/p>\n<p>O porta-chaves tem o tamanho perfeito para ser funcional, mas o seu design colorido e vibrante torna-o um acess\u00f3rio ideal para qualquer ocasi\u00e3o. As cores vivas e os detalhes art\u00edsticos que adornam a letra &#8220;S&#8221; garantem que este porta-chaves seja um objeto de conversa, perfeito tanto para turistas que procuram recorda\u00e7\u00f5es aut\u00eanticas como para quem deseja levar um pedacinho de Madrid consigo. Mais do que um simples acess\u00f3rio, \u00e9 uma representa\u00e7\u00e3o tang\u00edvel da rica hist\u00f3ria e cultura de Madrid.<\/p>\n<p>Na Ol\u00e9 Mosaic, especializamo-nos na distribui\u00e7\u00e3o de lembran\u00e7as por grosso, e este porta-chaves de madeira \u00e9 uma op\u00e7\u00e3o excelente para lojas de recorda\u00e7\u00f5es tur\u00edsticas, pois oferece um produto aut\u00eantico e representativo que atrai tanto visitantes como locais. Se procura lembran\u00e7as de Madrid \u00fanicas e cheias de car\u00e1ter, este porta-chaves \u00e9 uma escolha brilhante.<\/p>\n","protected":false},"excerpt":{"rendered":"<p>Porta-chaves de madeira com a forma da letra &#8220;S&#8221;, inspirado na vibrante cidade de Madrid. Este atraente acess\u00f3rio apresenta ilustra\u00e7\u00f5es de efeito pintado \u00e0 m\u00e3o que destacam o famoso rel\u00f3gio da Puerta del Sol, juntamente com elementos simb\u00f3licos como o log\u00f3tipo do Metro de Madrid. Com cores vivas e detalhes art\u00edsticos, o design captura a ess\u00eancia cultural da cidade. Ideal como recorda\u00e7\u00e3o ou presente, combina funcionalidade e um toque de arte.<\/p>\n","protected":false},"featured_media":10851,"template":"","meta":{"_acf_changed":false},"product_brand":[],"product_cat":[611],"product_tag":[612],"class_list":{"0":"post-33591","1":"product","2":"type-product","3":"status-publish","4":"has-post-thumbnail","6":"product_cat-porta-chaves","7":"product_tag-cartas","8":"pa_ciudad-madrid","9":"pa_motivo-letra-s","10":"pa_pais-espana","12":"first","13":"instock","14":"shipping-taxable","15":"product-type-simple"},"acf":[],"_links":{"self":[{"href":"https:\/\/olemosaic.orbitalia.org\/pt-pt\/wp-json\/wp\/v2\/product\/33591","targetHints":{"allow":["GET"]}}],"collection":[{"href":"https:\/\/olemosaic.orbitalia.org\/pt-pt\/wp-json\/wp\/v2\/product"}],"about":[{"href":"https:\/\/olemosaic.orbitalia.org\/pt-pt\/wp-json\/wp\/v2\/types\/product"}],"wp:featuredmedia":[{"embeddable":true,"href":"https:\/\/olemosaic.orbitalia.org\/pt-pt\/wp-json\/wp\/v2\/media\/10851"}],"wp:attachment":[{"href":"https:\/\/olemosaic.orbitalia.org\/pt-pt\/wp-json\/wp\/v2\/media?parent=33591"}],"wp:term":[{"taxonomy":"product_brand","embeddable":true,"href":"https:\/\/olemosaic.orbitalia.org\/pt-pt\/wp-json\/wp\/v2\/product_brand?post=33591"},{"taxonomy":"product_cat","embeddable":true,"href":"https:\/\/olemosaic.orbitalia.org\/pt-pt\/wp-json\/wp\/v2\/product_cat?post=33591"},{"taxonomy":"product_tag","embeddable":true,"href":"https:\/\/olemosaic.orbitalia.org\/pt-pt\/wp-json\/wp\/v2\/product_tag?post=33591"}],"curies":[{"name":"wp","href":"https:\/\/api.w.org\/{rel}","templated":true}]}}