{"id":33585,"date":"2025-02-20T23:33:30","date_gmt":"2025-02-20T22:33:30","guid":{"rendered":"https:\/\/olemosaic.orbitalia.org\/producto\/llavero-de-madera-letra-r-valencia\/"},"modified":"2025-07-25T19:21:15","modified_gmt":"2025-07-25T17:21:15","slug":"porta-chaves-de-madeira-letra-r-valencia","status":"publish","type":"product","link":"https:\/\/olemosaic.orbitalia.org\/pt-pt\/produto\/porta-chaves-de-madeira-letra-r-valencia\/","title":{"rendered":"Porta-chaves de madeira. Letra R. Val\u00eancia."},"content":{"rendered":"<p>Este porta-chaves de madeira com a forma da letra &#8220;R&#8221; \u00e9 uma terna homenagem \u00e0 vibrante cidade de Val\u00eancia, ideal para quem deseja levar consigo um peda\u00e7o da sua rica hist\u00f3ria e cultura. Com um design colorido que se destaca pela sua liga\u00e7\u00e3o a elementos arquitet\u00f3nicos emblem\u00e1ticos, este porta-chaves n\u00e3o \u00e9 apenas uma ferramenta pr\u00e1tica para organizar as chaves, mas tamb\u00e9m um aut\u00eantico souvenir de Val\u00eancia. Cada face do porta-chaves ilustra a majestosa Catedral de Val\u00eancia e o moderno conjunto da Cidade das Artes e das Ci\u00eancias, fundindo tradi\u00e7\u00e3o e vanguarda numa pe\u00e7a \u00fanica.<\/p>\n<p>O porta-chaves \u00e9 trabalhado com t\u00e9cnicas vibrantes e detalhes em mosaico, o que real\u00e7a a distinta est\u00e9tica valenciana. Observando o seu design, apreciam-se os tons vivos que captam a luz e o esp\u00edrito da cidade, fazendo deste artigo uma representa\u00e7\u00e3o visual cativante do seu patrim\u00f3nio cultural. Al\u00e9m disso, inclui a inscri\u00e7\u00e3o &#8220;VALENCIA&#8221;, sublinhando a sua origem.<\/p>\n<p>Na Ol\u00e9 Mosaic, compreendemos a import\u00e2ncia de oferecer souvenirs aut\u00eanticos que reflitam a ess\u00eancia do local de origem. Este porta-chaves \u00e9 uma op\u00e7\u00e3o ideal para lojas de presentes tur\u00edsticos que procuram produtos de qualidade, com um valor cultural significativo, perfeitos para turistas que desejam recordar a sua estadia nesta magn\u00edfica cidade. Como grossista de porta-chaves e souvenirs, garantimos que as nossas pe\u00e7as n\u00e3o s\u00e3o apenas decorativas, mas tamb\u00e9m memor\u00e1veis e cheias de significado.<\/p>\n","protected":false},"excerpt":{"rendered":"<p>Porta-chaves de madeira com a forma da letra &#8220;R&#8221;, que representa a cidade de Val\u00eancia. Este atrativo porta-chaves apresenta um design colorido que combina elementos arquitet\u00f3nicos ic\u00f3nicos da cidade, como a impressionante Catedral de Val\u00eancia e o design vanguardista da Cidade das Artes e das Ci\u00eancias. Pintado com t\u00e9cnicas vibrantes e detalhes de mosaico, \u00e9 uma recorda\u00e7\u00e3o ideal que reflete a rica cultura e a arte da regi\u00e3o.<\/p>\n","protected":false},"featured_media":10876,"template":"","meta":{"_acf_changed":false},"product_brand":[],"product_cat":[611],"product_tag":[612],"class_list":{"0":"post-33585","1":"product","2":"type-product","3":"status-publish","4":"has-post-thumbnail","6":"product_cat-porta-chaves","7":"product_tag-cartas","8":"pa_ciudad-valencia","9":"pa_motivo-letra-r","10":"pa_pais-espana","12":"first","13":"instock","14":"shipping-taxable","15":"product-type-simple"},"acf":[],"_links":{"self":[{"href":"https:\/\/olemosaic.orbitalia.org\/pt-pt\/wp-json\/wp\/v2\/product\/33585","targetHints":{"allow":["GET"]}}],"collection":[{"href":"https:\/\/olemosaic.orbitalia.org\/pt-pt\/wp-json\/wp\/v2\/product"}],"about":[{"href":"https:\/\/olemosaic.orbitalia.org\/pt-pt\/wp-json\/wp\/v2\/types\/product"}],"wp:featuredmedia":[{"embeddable":true,"href":"https:\/\/olemosaic.orbitalia.org\/pt-pt\/wp-json\/wp\/v2\/media\/10876"}],"wp:attachment":[{"href":"https:\/\/olemosaic.orbitalia.org\/pt-pt\/wp-json\/wp\/v2\/media?parent=33585"}],"wp:term":[{"taxonomy":"product_brand","embeddable":true,"href":"https:\/\/olemosaic.orbitalia.org\/pt-pt\/wp-json\/wp\/v2\/product_brand?post=33585"},{"taxonomy":"product_cat","embeddable":true,"href":"https:\/\/olemosaic.orbitalia.org\/pt-pt\/wp-json\/wp\/v2\/product_cat?post=33585"},{"taxonomy":"product_tag","embeddable":true,"href":"https:\/\/olemosaic.orbitalia.org\/pt-pt\/wp-json\/wp\/v2\/product_tag?post=33585"}],"curies":[{"name":"wp","href":"https:\/\/api.w.org\/{rel}","templated":true}]}}