{"id":33583,"date":"2025-02-20T23:33:30","date_gmt":"2025-02-20T22:33:30","guid":{"rendered":"https:\/\/olemosaic.orbitalia.org\/producto\/llavero-de-madera-letra-p-2\/"},"modified":"2025-07-25T19:56:48","modified_gmt":"2025-07-25T17:56:48","slug":"porta-chaves-de-madeira-letra-p-mosaico-pt-pt","status":"publish","type":"product","link":"https:\/\/olemosaic.orbitalia.org\/pt-pt\/produto\/porta-chaves-de-madeira-letra-p-mosaico-pt-pt\/","title":{"rendered":"Porta-chaves de madeira. Letra P. Mosaico."},"content":{"rendered":"<p>Este porta-chaves de madeira com a forma da letra &#8220;P&#8221; \u00e9 uma pe\u00e7a cativante que presta homenagem ao ic\u00f3nico estilo do famoso arquiteto Antoni Gaud\u00ed, refletindo a vibrante ess\u00eancia de Barcelona. O seu design est\u00e1 adornado com um chamativo mosaico que evoca as coloridas obras do modernismo catal\u00e3o, entrela\u00e7ando tonalidades de azul, verde e vermelho sobre um fundo branco para criar um apelo visual fascinante. Cada detalhe, incluindo as formas em espiral, evoca a natureza e a criatividade da arte de Gaud\u00ed, tornando-o uma excelente recorda\u00e7\u00e3o da riqueza cultural da cidade.<\/p>\n<p>A letra &#8220;P&#8221; n\u00e3o s\u00f3 acrescenta um toque pessoal, como tamb\u00e9m pode representar o nome de algu\u00e9m especial ou uma palavra significativa, o que torna este porta-chaves um presente \u00fanico e memor\u00e1vel. O seu tamanho compacto torna-o perfeito para levar na mala ou nas chaves, garantindo que os visitantes de Barcelona possam levar um peda\u00e7o da arte local para onde quer que v\u00e3o.<\/p>\n<p>Este porta-chaves de Barcelona \u00e9 mais do que um simples acess\u00f3rio; \u00e9 uma aut\u00eantica recorda\u00e7\u00e3o que celebra a liga\u00e7\u00e3o entre a cultura catal\u00e3 e a arte contempor\u00e2nea. Na Ol\u00e9 Mosaic, oferecemos uma sele\u00e7\u00e3o de produtos genu\u00ednos que representam o melhor da tradi\u00e7\u00e3o e da arte espanhola, proporcionando \u00e0s lojas de presentes tur\u00edsticos a oportunidade de enriquecer a sua oferta com recorda\u00e7\u00f5es de alta qualidade. Este porta-chaves de mosaico \u00e9 uma op\u00e7\u00e3o ideal para quem procura souvenirs de Barcelona que sejam tanto art\u00edsticos como significativos.<\/p>\n","protected":false},"excerpt":{"rendered":"<p>Porta-chaves de madeira com a letra &#8220;P&#8221;, decorado com um vibrante design de mosaico que evoca o estilo da obra de Gaud\u00ed. Este porta-chaves apresenta uma fus\u00e3o de cores como o azul, o verde e o vermelho, sobre um fundo branco que real\u00e7a os detalhes em espiral. Com o seu apelo visual, \u00e9 uma recorda\u00e7\u00e3o perfeita da cultura e da arte de Barcelona, ideal para quem procura uma liga\u00e7\u00e3o \u00fanica com a cidade.<\/p>\n","protected":false},"featured_media":10935,"template":"","meta":{"_acf_changed":false},"product_brand":[],"product_cat":[611],"product_tag":[612],"class_list":{"0":"post-33583","1":"product","2":"type-product","3":"status-publish","4":"has-post-thumbnail","6":"product_cat-porta-chaves","7":"product_tag-cartas","8":"pa_motivo-letra-p","10":"first","11":"instock","12":"shipping-taxable","13":"product-type-simple"},"acf":[],"_links":{"self":[{"href":"https:\/\/olemosaic.orbitalia.org\/pt-pt\/wp-json\/wp\/v2\/product\/33583","targetHints":{"allow":["GET"]}}],"collection":[{"href":"https:\/\/olemosaic.orbitalia.org\/pt-pt\/wp-json\/wp\/v2\/product"}],"about":[{"href":"https:\/\/olemosaic.orbitalia.org\/pt-pt\/wp-json\/wp\/v2\/types\/product"}],"wp:featuredmedia":[{"embeddable":true,"href":"https:\/\/olemosaic.orbitalia.org\/pt-pt\/wp-json\/wp\/v2\/media\/10935"}],"wp:attachment":[{"href":"https:\/\/olemosaic.orbitalia.org\/pt-pt\/wp-json\/wp\/v2\/media?parent=33583"}],"wp:term":[{"taxonomy":"product_brand","embeddable":true,"href":"https:\/\/olemosaic.orbitalia.org\/pt-pt\/wp-json\/wp\/v2\/product_brand?post=33583"},{"taxonomy":"product_cat","embeddable":true,"href":"https:\/\/olemosaic.orbitalia.org\/pt-pt\/wp-json\/wp\/v2\/product_cat?post=33583"},{"taxonomy":"product_tag","embeddable":true,"href":"https:\/\/olemosaic.orbitalia.org\/pt-pt\/wp-json\/wp\/v2\/product_tag?post=33583"}],"curies":[{"name":"wp","href":"https:\/\/api.w.org\/{rel}","templated":true}]}}