{"id":33559,"date":"2025-02-20T22:33:29","date_gmt":"2025-02-20T22:33:29","guid":{"rendered":"https:\/\/olemosaic.orbitalia.org\/producto\/llavero-de-madera-letra-p-barcelona\/"},"modified":"2025-07-25T19:54:45","modified_gmt":"2025-07-25T17:54:45","slug":"porta-chaves-de-madeira-letra-p-barcelona","status":"publish","type":"product","link":"https:\/\/olemosaic.orbitalia.org\/pt-pt\/produto\/porta-chaves-de-madeira-letra-p-barcelona\/","title":{"rendered":"Porta-chaves de madeira. Letra P. Barcelona."},"content":{"rendered":"<p>Este porta-chaves de madeira com a forma da letra &#8220;P&#8221; \u00e9 uma encantadora recorda\u00e7\u00e3o de Barcelona que reflete a vibrante ess\u00eancia da cidade. Desenhado com um acabamento polido, o porta-chaves capta a aten\u00e7\u00e3o com o seu estilo colorido e moderno, inspirado na ic\u00f3nica arquitetura da capital catal\u00e3. Na sua parte central, destacam-se as majestosas torres da Sagrada Fam\u00edlia, cuja silhueta se ergue numa explos\u00e3o de cores vivas, e os mosaicos do famoso Park G\u00fcell, que acrescentam um toque alegre e art\u00edstico. Cada detalhe do design \u00e9 cuidadosamente elaborado, incorporando padr\u00f5es e texturas que evocam a riqueza cultural e a tradi\u00e7\u00e3o art\u00edstica de Barcelona.<\/p>\n<p>Este porta-chaves n\u00e3o \u00e9 apenas um acess\u00f3rio pr\u00e1tico para manter as suas chaves organizadas, mas tamb\u00e9m atua como uma recorda\u00e7\u00e3o representativa de uma viagem inesquec\u00edvel. A sua autenticidade e liga\u00e7\u00e3o com a arquitetura modernista da cidade tornam-no um presente especial, tanto para turistas como para locais que desejem levar um peda\u00e7o de Barcelona consigo. Na Ol\u00e9 Mosaic, especialistas na distribui\u00e7\u00e3o de souvenirs por grosso, oferecemos este porta-chaves de madeira como uma excelente op\u00e7\u00e3o para lojas de presentes tur\u00edsticos que procurem artigos de qualidade que encapsulem a beleza e o esp\u00edrito de Barcelona. Um porta-chaves perfeito, que se destaca n\u00e3o s\u00f3 pelo seu design, mas tamb\u00e9m pela sua relev\u00e2ncia cultural como souvenir emblem\u00e1tico da cidade.<\/p>\n","protected":false},"excerpt":{"rendered":"<p>Porta-chaves de madeira com a forma da letra &#8220;P&#8221;, inspirado na vibrante arquitetura de Barcelona. Este atraente porta-chaves apresenta um design colorido que capta os elementos distintivos da cidade, como as ic\u00f3nicas torres da Sagrada Fam\u00edlia e os mosaicos do Park G\u00fcell. Com detalhes multicoloridos e um acabamento polido, \u00e9 um acess\u00f3rio pr\u00e1tico e uma recorda\u00e7\u00e3o perfeita que reflete o esp\u00edrito art\u00edstico de Barcelona.<\/p>\n","protected":false},"featured_media":10501,"template":"","meta":{"_acf_changed":false},"product_brand":[],"product_cat":[611],"product_tag":[612],"class_list":{"0":"post-33559","1":"product","2":"type-product","3":"status-publish","4":"has-post-thumbnail","6":"product_cat-porta-chaves","7":"product_tag-cartas","8":"pa_ciudad-barcelona","9":"pa_motivo-letra-p","10":"pa_pais-espana","12":"first","13":"instock","14":"shipping-taxable","15":"product-type-simple"},"acf":[],"_links":{"self":[{"href":"https:\/\/olemosaic.orbitalia.org\/pt-pt\/wp-json\/wp\/v2\/product\/33559","targetHints":{"allow":["GET"]}}],"collection":[{"href":"https:\/\/olemosaic.orbitalia.org\/pt-pt\/wp-json\/wp\/v2\/product"}],"about":[{"href":"https:\/\/olemosaic.orbitalia.org\/pt-pt\/wp-json\/wp\/v2\/types\/product"}],"wp:featuredmedia":[{"embeddable":true,"href":"https:\/\/olemosaic.orbitalia.org\/pt-pt\/wp-json\/wp\/v2\/media\/10501"}],"wp:attachment":[{"href":"https:\/\/olemosaic.orbitalia.org\/pt-pt\/wp-json\/wp\/v2\/media?parent=33559"}],"wp:term":[{"taxonomy":"product_brand","embeddable":true,"href":"https:\/\/olemosaic.orbitalia.org\/pt-pt\/wp-json\/wp\/v2\/product_brand?post=33559"},{"taxonomy":"product_cat","embeddable":true,"href":"https:\/\/olemosaic.orbitalia.org\/pt-pt\/wp-json\/wp\/v2\/product_cat?post=33559"},{"taxonomy":"product_tag","embeddable":true,"href":"https:\/\/olemosaic.orbitalia.org\/pt-pt\/wp-json\/wp\/v2\/product_tag?post=33559"}],"curies":[{"name":"wp","href":"https:\/\/api.w.org\/{rel}","templated":true}]}}