{"id":33558,"date":"2025-02-20T22:33:29","date_gmt":"2025-02-20T22:33:29","guid":{"rendered":"https:\/\/olemosaic.orbitalia.org\/producto\/llavero-de-madera-letra-o-mosaico\/"},"modified":"2025-07-25T18:46:24","modified_gmt":"2025-07-25T16:46:24","slug":"porta-chaves-de-madeira-letra-o-mosaico","status":"publish","type":"product","link":"https:\/\/olemosaic.orbitalia.org\/pt-pt\/produto\/porta-chaves-de-madeira-letra-o-mosaico\/","title":{"rendered":"Porta-chaves de madeira. Letra O. Mosaico."},"content":{"rendered":"<p>Este porta-chaves de madeira com a forma da letra &#8220;O&#8221; \u00e9 uma pe\u00e7a vibrante que capta a ess\u00eancia da cultura mediterr\u00e2nica. Com um espetacular design de mosaico, este acess\u00f3rio destaca-se pela sua combina\u00e7\u00e3o de cores brilhantes como o vermelho, o azul, o verde e o rosa, que evocam as tradi\u00e7\u00f5es art\u00edsticas de cidades como Barcelona e Val\u00eancia, onde a arte do mosaico \u00e9 uma forma de express\u00e3o muito celebrada. A textura da madeira acrescenta um toque natural e aut\u00eantico, tornando-o uma recorda\u00e7\u00e3o ideal para aqueles que desejam levar um peda\u00e7o de Espanha para casa.<\/p>\n<p>A sua forma estilizada e alegre n\u00e3o s\u00f3 permite personalizar as suas chaves de uma forma divertida, como tamb\u00e9m reflete a rica heran\u00e7a cultural do mosaico, uma t\u00e9cnica que simboliza a uni\u00e3o e a diversidade. Este porta-chaves \u00e9 mais do que um simples objeto; \u00e9 um fragmento de hist\u00f3ria e arte que confere um significado especial \u00e0s chaves que guardar\u00e1.<\/p>\n<p>Na Ol\u00e9 Mosaic, orgulhamo-nos de oferecer souvenirs aut\u00eanticos, perfeitos para turistas que procuram uma forma de recordar a sua visita \u00e0s cidades espanholas. Este porta-chaves de mosaico, dispon\u00edvel por grosso, \u00e9 uma excelente op\u00e7\u00e3o para lojas de presentes tur\u00edsticos que desejem oferecer produtos \u00fanicos que celebrem a cultura local. Com o seu design encantador e as suas cores vivas, torna-se um presente ideal ou uma recorda\u00e7\u00e3o pessoal que guardar\u00e1 com carinho.<\/p>\n","protected":false},"excerpt":{"rendered":"<p>Porta-chaves de madeira com a forma da letra &#8220;O&#8221;, decorado com um vibrante design de mosaico. Este acess\u00f3rio original apresenta uma mistura de cores brilhantes como vermelho, azul, verde e rosa, evocando a arte do mosaico t\u00edpica das cidades mediterr\u00e2nicas. Perfeito para personalizar as suas chaves, este porta-chaves \u00e9 uma representa\u00e7\u00e3o alegre e colorida do patrim\u00f3nio cultural. A sua forma estilizada e a sua t\u00e9cnica de design tornam-no um souvenir ideal para levar um peda\u00e7o de Espanha consigo.<\/p>\n","protected":false},"featured_media":10765,"template":"","meta":{"_acf_changed":false},"product_brand":[],"product_cat":[611],"product_tag":[612],"class_list":{"0":"post-33558","1":"product","2":"type-product","3":"status-publish","4":"has-post-thumbnail","6":"product_cat-porta-chaves","7":"product_tag-cartas","8":"pa_motivo-letra-o","10":"first","11":"instock","12":"shipping-taxable","13":"product-type-simple"},"acf":[],"_links":{"self":[{"href":"https:\/\/olemosaic.orbitalia.org\/pt-pt\/wp-json\/wp\/v2\/product\/33558","targetHints":{"allow":["GET"]}}],"collection":[{"href":"https:\/\/olemosaic.orbitalia.org\/pt-pt\/wp-json\/wp\/v2\/product"}],"about":[{"href":"https:\/\/olemosaic.orbitalia.org\/pt-pt\/wp-json\/wp\/v2\/types\/product"}],"wp:featuredmedia":[{"embeddable":true,"href":"https:\/\/olemosaic.orbitalia.org\/pt-pt\/wp-json\/wp\/v2\/media\/10765"}],"wp:attachment":[{"href":"https:\/\/olemosaic.orbitalia.org\/pt-pt\/wp-json\/wp\/v2\/media?parent=33558"}],"wp:term":[{"taxonomy":"product_brand","embeddable":true,"href":"https:\/\/olemosaic.orbitalia.org\/pt-pt\/wp-json\/wp\/v2\/product_brand?post=33558"},{"taxonomy":"product_cat","embeddable":true,"href":"https:\/\/olemosaic.orbitalia.org\/pt-pt\/wp-json\/wp\/v2\/product_cat?post=33558"},{"taxonomy":"product_tag","embeddable":true,"href":"https:\/\/olemosaic.orbitalia.org\/pt-pt\/wp-json\/wp\/v2\/product_tag?post=33558"}],"curies":[{"name":"wp","href":"https:\/\/api.w.org\/{rel}","templated":true}]}}