{"id":33536,"date":"2025-02-20T22:33:28","date_gmt":"2025-02-20T22:33:28","guid":{"rendered":"https:\/\/olemosaic.orbitalia.org\/producto\/llavero-de-madera-letra-n\/"},"modified":"2025-07-25T19:26:28","modified_gmt":"2025-07-25T17:26:28","slug":"porta-chaves-de-madeira-letra-n","status":"publish","type":"product","link":"https:\/\/olemosaic.orbitalia.org\/pt-pt\/produto\/porta-chaves-de-madeira-letra-n\/","title":{"rendered":"Porta-chaves de madeira. Letra N."},"content":{"rendered":"<p>Este porta-chaves de madeira com a letra &#8220;N&#8221; \u00e9 um tesouro que captura a ess\u00eancia da arte e da cultura espanhola. O seu design vibrante est\u00e1 requintadamente decorado com um padr\u00e3o de azulejos tradicionais, prestando homenagem \u00e0 rica heran\u00e7a art\u00edstica de Espanha. Com cores brilhantes como vermelhos, amarelos e azuis, este porta-chaves \u00e9, al\u00e9m de funcional, um acess\u00f3rio divertido que adiciona um toque alegre a qualquer conjunto. Cada detalhe do motivo evoca a hist\u00f3ria do azulejo, um elemento-chave na arquitetura e decora\u00e7\u00e3o espanholas, simbolizando a criatividade e o talento artesanal dos seus criadores.<\/p>\n<p>A letra &#8220;N&#8221; personalizada confere-lhe um significado especial, tornando-o um presente ideal para turistas e locais que procuram lembran\u00e7as \u00fanicas que representem a sua identidade. Este porta-chaves, al\u00e9m de ser um pr\u00e1tico organizador de chaves, serve como uma recorda\u00e7\u00e3o constante da beleza e diversidade do folclore espanhol.<\/p>\n<p>Na Ol\u00e9 Mosaic, distribu\u00edmos lembran\u00e7as aut\u00eanticas por grosso, oferecendo produtos que celebram a cultura local. Este porta-chaves de azulejos \u00e9 uma excelente op\u00e7\u00e3o para lojas de presentes tur\u00edsticos que desejem oferecer aos seus clientes recorda\u00e7\u00f5es aut\u00eanticas e com um valor cultural significativo. Como grossistas de porta-chaves, garantimos qualidade e design em cada um dos nossos produtos.<\/p>\n","protected":false},"excerpt":{"rendered":"<p>Porta-chaves de madeira com forma da letra &#8220;N&#8221;, decorado com um design vibrante de azulejos que evoca a tradi\u00e7\u00e3o cultural espanhola. Este porta-chaves destaca-se pelas suas cores brilhantes, como vermelhos, amarelos e azuis, que lhe d\u00e3o um toque alegre e distintivo. Cada detalhe do padr\u00e3o reflete a rica heran\u00e7a art\u00edstica espanhola, tornando-o numa lembran\u00e7a ideal para os amantes do folclore e da artesania local. O seu design leve e duradouro torna-o perfeito para levar as chaves com estilo.<\/p>\n","protected":false},"featured_media":9604,"template":"","meta":{"_acf_changed":false},"product_brand":[],"product_cat":[611],"product_tag":[612],"class_list":{"0":"post-33536","1":"product","2":"type-product","3":"status-publish","4":"has-post-thumbnail","6":"product_cat-porta-chaves","7":"product_tag-cartas","8":"pa_motivo-letra-n","10":"first","11":"instock","12":"shipping-taxable","13":"product-type-simple"},"acf":[],"_links":{"self":[{"href":"https:\/\/olemosaic.orbitalia.org\/pt-pt\/wp-json\/wp\/v2\/product\/33536","targetHints":{"allow":["GET"]}}],"collection":[{"href":"https:\/\/olemosaic.orbitalia.org\/pt-pt\/wp-json\/wp\/v2\/product"}],"about":[{"href":"https:\/\/olemosaic.orbitalia.org\/pt-pt\/wp-json\/wp\/v2\/types\/product"}],"wp:featuredmedia":[{"embeddable":true,"href":"https:\/\/olemosaic.orbitalia.org\/pt-pt\/wp-json\/wp\/v2\/media\/9604"}],"wp:attachment":[{"href":"https:\/\/olemosaic.orbitalia.org\/pt-pt\/wp-json\/wp\/v2\/media?parent=33536"}],"wp:term":[{"taxonomy":"product_brand","embeddable":true,"href":"https:\/\/olemosaic.orbitalia.org\/pt-pt\/wp-json\/wp\/v2\/product_brand?post=33536"},{"taxonomy":"product_cat","embeddable":true,"href":"https:\/\/olemosaic.orbitalia.org\/pt-pt\/wp-json\/wp\/v2\/product_cat?post=33536"},{"taxonomy":"product_tag","embeddable":true,"href":"https:\/\/olemosaic.orbitalia.org\/pt-pt\/wp-json\/wp\/v2\/product_tag?post=33536"}],"curies":[{"name":"wp","href":"https:\/\/api.w.org\/{rel}","templated":true}]}}