{"id":33535,"date":"2025-02-20T23:33:28","date_gmt":"2025-02-20T22:33:28","guid":{"rendered":"https:\/\/olemosaic.orbitalia.org\/producto\/llavero-de-madera-letra-m-2\/"},"modified":"2025-07-25T18:54:37","modified_gmt":"2025-07-25T16:54:37","slug":"porta-chaves-de-madeira-letra-m-2","status":"publish","type":"product","link":"https:\/\/olemosaic.orbitalia.org\/pt-pt\/produto\/porta-chaves-de-madeira-letra-m-2\/","title":{"rendered":"Porta-chaves de madeira. Letra M. Mosaico."},"content":{"rendered":"<p>Este porta-chaves de madeira com a forma da letra &#8220;M&#8221; \u00e9 uma vibrante express\u00e3o de arte e cultura espanhola, inspirado nos caracter\u00edsticos mosaicos de Gaud\u00ed, um dos expoentes m\u00e1ximos do modernismo catal\u00e3o. Com um design din\u00e2mico, este porta-chaves apresenta uma rica paleta de cores que inclui vermelho, amarelo, azul e verde, sobre um fundo branco que real\u00e7a a sua luminosidade. Os tra\u00e7os a preto conferem um toque elegante e contempor\u00e2neo, tornando este porta-chaves um acess\u00f3rio visualmente atraente e funcional.<\/p>\n<p>A forma da letra &#8220;M&#8221; permite personalizar facilmente as chaves de qualquer pessoa, adicionando um toque de singularidade e estilo no seu uso di\u00e1rio. Este porta-chaves n\u00e3o \u00e9 apenas pr\u00e1tico, mas tamb\u00e9m serve como uma encantadora recorda\u00e7\u00e3o da arte e da criatividade que caracterizam cidades como Barcelona, onde a obra de Gaud\u00ed \u00e9 um s\u00edmbolo internacional da cultura e da arquitetura espanhola.<\/p>\n<p>Na Ol\u00e9 Mosaic somos grossistas de lembran\u00e7as aut\u00eanticas, e este porta-chaves \u00e9 uma excelente op\u00e7\u00e3o para lojas de presentes tur\u00edsticos que procuram produtos com um sentido cultural e art\u00edstico. Com o seu design exclusivo e a sua liga\u00e7\u00e3o ao legado de Gaud\u00ed, \u00e9 uma recorda\u00e7\u00e3o perfeita para quem deseja levar um peda\u00e7o de Espanha para casa.<\/p>\n","protected":false},"excerpt":{"rendered":"<p>Porta-chaves de madeira com a letra &#8220;M&#8221;, decorado com vivos motivos de mosaico que recordam o estilo de Gaud\u00ed. Este porta-chaves combina cores vibrantes como vermelho, amarelo, azul e verde sobre um fundo branco com tra\u00e7os pretos que definem um design din\u00e2mico. Um acess\u00f3rio ideal para levar um peda\u00e7o de arte espanhola a qualquer lugar, perfeito para personalizar as suas chaves com um toque \u00fanico e art\u00edstico.<\/p>\n","protected":false},"featured_media":10932,"template":"","meta":{"_acf_changed":false},"product_brand":[],"product_cat":[611],"product_tag":[612],"class_list":{"0":"post-33535","1":"product","2":"type-product","3":"status-publish","4":"has-post-thumbnail","6":"product_cat-porta-chaves","7":"product_tag-cartas","8":"pa_motivo-letra-m","10":"first","11":"instock","12":"shipping-taxable","13":"product-type-simple"},"acf":[],"_links":{"self":[{"href":"https:\/\/olemosaic.orbitalia.org\/pt-pt\/wp-json\/wp\/v2\/product\/33535","targetHints":{"allow":["GET"]}}],"collection":[{"href":"https:\/\/olemosaic.orbitalia.org\/pt-pt\/wp-json\/wp\/v2\/product"}],"about":[{"href":"https:\/\/olemosaic.orbitalia.org\/pt-pt\/wp-json\/wp\/v2\/types\/product"}],"wp:featuredmedia":[{"embeddable":true,"href":"https:\/\/olemosaic.orbitalia.org\/pt-pt\/wp-json\/wp\/v2\/media\/10932"}],"wp:attachment":[{"href":"https:\/\/olemosaic.orbitalia.org\/pt-pt\/wp-json\/wp\/v2\/media?parent=33535"}],"wp:term":[{"taxonomy":"product_brand","embeddable":true,"href":"https:\/\/olemosaic.orbitalia.org\/pt-pt\/wp-json\/wp\/v2\/product_brand?post=33535"},{"taxonomy":"product_cat","embeddable":true,"href":"https:\/\/olemosaic.orbitalia.org\/pt-pt\/wp-json\/wp\/v2\/product_cat?post=33535"},{"taxonomy":"product_tag","embeddable":true,"href":"https:\/\/olemosaic.orbitalia.org\/pt-pt\/wp-json\/wp\/v2\/product_tag?post=33535"}],"curies":[{"name":"wp","href":"https:\/\/api.w.org\/{rel}","templated":true}]}}