{"id":33533,"date":"2025-02-20T22:33:27","date_gmt":"2025-02-20T22:33:27","guid":{"rendered":"https:\/\/olemosaic.orbitalia.org\/producto\/llavero-de-madera-letra-m\/"},"modified":"2025-07-25T18:45:27","modified_gmt":"2025-07-25T16:45:27","slug":"porta-chaves-de-madeira-letra-m","status":"publish","type":"product","link":"https:\/\/olemosaic.orbitalia.org\/pt-pt\/produto\/porta-chaves-de-madeira-letra-m\/","title":{"rendered":"Porta-chaves de madeira. Letra M."},"content":{"rendered":"<p>Este porta-chaves de madeira com forma da letra &#8220;M&#8221; \u00e9 uma lembran\u00e7a singular que captura a ess\u00eancia da arte e da cultura espanhola. O seu design vibrante, decorado com um rico mosaico de cores vivas como vermelho, azul e amarelo, evoca a tradi\u00e7\u00e3o art\u00edstica que se encontra nos azulejos de muitas cidades espanholas. O acabamento liso da madeira confere calor e autenticidade, enquanto a moldura preta que rodeia o &#8220;M&#8221; real\u00e7a a sua forma de maneira elegante, tornando este porta-chaves um acess\u00f3rio atraente e funcional.<\/p>\n<p>O mosaico apresenta uma variedade de padr\u00f5es geom\u00e9tricos e florais que n\u00e3o s\u00f3 s\u00e3o esteticamente agrad\u00e1veis, como tamb\u00e9m contam uma hist\u00f3ria da rica heran\u00e7a cultural de Espanha, conhecida pela sua diversidade art\u00edstica. Este porta-chaves n\u00e3o \u00e9 apenas um objeto \u00fatil, mas serve como uma recorda\u00e7\u00e3o tang\u00edvel das viagens e experi\u00eancias vividas no pa\u00eds, sendo uma pe\u00e7a ideal para turistas que procuram uma lembran\u00e7a aut\u00eantica e representativa da sua visita.<\/p>\n<p>Na Ol\u00e9 Mosaic, especializamo-nos na distribui\u00e7\u00e3o de produtos de qualidade por grosso, oferecendo lembran\u00e7as \u00fanicas como este porta-chaves de madeira, que encarna a tradi\u00e7\u00e3o e o colorido do patrim\u00f3nio espanhol. \u00c9 uma excelente op\u00e7\u00e3o para lojas de presentes tur\u00edsticos que procuram incluir artigos que destaquem a cultura espanhola e sejam apreciados pelos visitantes.<\/p>\n","protected":false},"excerpt":{"rendered":"<p>Porta-chaves de madeira com forma da letra &#8220;M&#8221;, decorado com um design de mosaicos vibrante que evoca o rico patrim\u00f3nio art\u00edstico espanhol. Este porta-chaves apresenta um acabamento liso e detalhes em cores vivas como vermelho, azul e amarelo, que lhe d\u00e3o um ar festivo e original. A letra &#8220;M&#8221; est\u00e1 emoldurada a preto, o que real\u00e7a a sua forma e torna este acess\u00f3rio numa lembran\u00e7a ideal para quem procura um toque de cultura e estilo.<\/p>\n","protected":false},"featured_media":9603,"template":"","meta":{"_acf_changed":false},"product_brand":[],"product_cat":[611],"product_tag":[612],"class_list":{"0":"post-33533","1":"product","2":"type-product","3":"status-publish","4":"has-post-thumbnail","6":"product_cat-porta-chaves","7":"product_tag-cartas","8":"pa_motivo-letra-m","10":"first","11":"instock","12":"shipping-taxable","13":"product-type-simple"},"acf":[],"_links":{"self":[{"href":"https:\/\/olemosaic.orbitalia.org\/pt-pt\/wp-json\/wp\/v2\/product\/33533","targetHints":{"allow":["GET"]}}],"collection":[{"href":"https:\/\/olemosaic.orbitalia.org\/pt-pt\/wp-json\/wp\/v2\/product"}],"about":[{"href":"https:\/\/olemosaic.orbitalia.org\/pt-pt\/wp-json\/wp\/v2\/types\/product"}],"wp:featuredmedia":[{"embeddable":true,"href":"https:\/\/olemosaic.orbitalia.org\/pt-pt\/wp-json\/wp\/v2\/media\/9603"}],"wp:attachment":[{"href":"https:\/\/olemosaic.orbitalia.org\/pt-pt\/wp-json\/wp\/v2\/media?parent=33533"}],"wp:term":[{"taxonomy":"product_brand","embeddable":true,"href":"https:\/\/olemosaic.orbitalia.org\/pt-pt\/wp-json\/wp\/v2\/product_brand?post=33533"},{"taxonomy":"product_cat","embeddable":true,"href":"https:\/\/olemosaic.orbitalia.org\/pt-pt\/wp-json\/wp\/v2\/product_cat?post=33533"},{"taxonomy":"product_tag","embeddable":true,"href":"https:\/\/olemosaic.orbitalia.org\/pt-pt\/wp-json\/wp\/v2\/product_tag?post=33533"}],"curies":[{"name":"wp","href":"https:\/\/api.w.org\/{rel}","templated":true}]}}