{"id":33521,"date":"2025-02-20T23:33:27","date_gmt":"2025-02-20T22:33:27","guid":{"rendered":"https:\/\/olemosaic.orbitalia.org\/producto\/llavero-de-madera-letra-m-madrid\/"},"modified":"2025-07-25T18:37:56","modified_gmt":"2025-07-25T16:37:56","slug":"porta-chaves-de-madeira-letra-m-madrid","status":"publish","type":"product","link":"https:\/\/olemosaic.orbitalia.org\/pt-pt\/produto\/porta-chaves-de-madeira-letra-m-madrid\/","title":{"rendered":"Porta-chaves de madeira. Letra M. Madrid."},"content":{"rendered":"<p>Este porta-chaves de madeira com a forma de &#8220;M&#8221; \u00e9 uma recorda\u00e7\u00e3o distintiva que celebra a emblem\u00e1tica cidade de Madrid. Desenhado e pintado \u00e0 m\u00e3o com esmero, este porta-chaves destaca-se tanto pela sua forma \u00fanica como pela sua decora\u00e7\u00e3o vibrante, que inclui elementos ic\u00f3nicos como a Puerta del Sol e o famoso Urso e o Medronheiro. O uso de coloridos mosaicos na sua superf\u00edcie evoca a rica heran\u00e7a cultural da capital espanhola, tornando este porta-chaves numa representa\u00e7\u00e3o perfeita do esp\u00edrito madrileno.<\/p>\n<p>O detalhe do Urso e o Medronheiro, s\u00edmbolo da cidade, \u00e9 acompanhado por uma minuciosa ilustra\u00e7\u00e3o da Puerta del Sol, acrescentando um toque de hist\u00f3ria e autenticidade. A letra &#8220;M&#8221; n\u00e3o serve apenas como um lembrete de Madrid, mas \u00e9 tamb\u00e9m uma pe\u00e7a decorativa que os amantes da cultura espanhola apreciar\u00e3o. Este porta-chaves \u00e9 ideal para turistas que procuram levar um peda\u00e7o de Madrid para casa, bem como para aqueles que desejam um presente memor\u00e1vel e significativo. Na Ol\u00e9 Mosaic, como grossistas de recorda\u00e7\u00f5es de alta qualidade, oferecemos produtos aut\u00eanticos que captam a ess\u00eancia de cada regi\u00e3o. Este porta-chaves de Madrid \u00e9 uma excelente op\u00e7\u00e3o para lojas de presentes tur\u00edsticos que procuram artigos \u00fanicos e atraentes.<\/p>\n","protected":false},"excerpt":{"rendered":"<p>Porta-chaves de madeira com a forma da letra &#8220;M&#8221;, que representa a emblem\u00e1tica cidade de Madrid. Este distintivo porta-chaves, decorado com coloridos mosaicos e detalhes pintados \u00e0 m\u00e3o, inclui elementos ic\u00f3nicos como a Puerta del Sol e a famosa figura do Urso e o Medronheiro. Com um design vibrante que capta a ess\u00eancia da cidade, \u00e9 a recorda\u00e7\u00e3o perfeita para quem deseja levar um peda\u00e7o de Madrid nas suas chaves. Ideal para os amantes da arte e da cultura espanhola.<\/p>\n","protected":false},"featured_media":10845,"template":"","meta":{"_acf_changed":false},"product_brand":[],"product_cat":[611],"product_tag":[612],"class_list":{"0":"post-33521","1":"product","2":"type-product","3":"status-publish","4":"has-post-thumbnail","6":"product_cat-porta-chaves","7":"product_tag-cartas","8":"pa_ciudad-madrid","9":"pa_motivo-letra-m","10":"pa_pais-espana","12":"first","13":"instock","14":"shipping-taxable","15":"product-type-simple"},"acf":[],"_links":{"self":[{"href":"https:\/\/olemosaic.orbitalia.org\/pt-pt\/wp-json\/wp\/v2\/product\/33521","targetHints":{"allow":["GET"]}}],"collection":[{"href":"https:\/\/olemosaic.orbitalia.org\/pt-pt\/wp-json\/wp\/v2\/product"}],"about":[{"href":"https:\/\/olemosaic.orbitalia.org\/pt-pt\/wp-json\/wp\/v2\/types\/product"}],"wp:featuredmedia":[{"embeddable":true,"href":"https:\/\/olemosaic.orbitalia.org\/pt-pt\/wp-json\/wp\/v2\/media\/10845"}],"wp:attachment":[{"href":"https:\/\/olemosaic.orbitalia.org\/pt-pt\/wp-json\/wp\/v2\/media?parent=33521"}],"wp:term":[{"taxonomy":"product_brand","embeddable":true,"href":"https:\/\/olemosaic.orbitalia.org\/pt-pt\/wp-json\/wp\/v2\/product_brand?post=33521"},{"taxonomy":"product_cat","embeddable":true,"href":"https:\/\/olemosaic.orbitalia.org\/pt-pt\/wp-json\/wp\/v2\/product_cat?post=33521"},{"taxonomy":"product_tag","embeddable":true,"href":"https:\/\/olemosaic.orbitalia.org\/pt-pt\/wp-json\/wp\/v2\/product_tag?post=33521"}],"curies":[{"name":"wp","href":"https:\/\/api.w.org\/{rel}","templated":true}]}}