{"id":33520,"date":"2025-02-20T22:33:27","date_gmt":"2025-02-20T22:33:27","guid":{"rendered":"https:\/\/olemosaic.orbitalia.org\/producto\/llavero-de-madera-letra-m-barcelona\/"},"modified":"2025-07-25T18:52:22","modified_gmt":"2025-07-25T16:52:22","slug":"porta-chaves-de-madeira-letra-m-barcelona","status":"publish","type":"product","link":"https:\/\/olemosaic.orbitalia.org\/pt-pt\/produto\/porta-chaves-de-madeira-letra-m-barcelona\/","title":{"rendered":"Porta-chaves de madeira. Letra M. Barcelona."},"content":{"rendered":"<p>Este porta-chaves de madeira com a forma da letra &#8220;M&#8221; encapsula a vibrante ess\u00eancia de Barcelona, tornando-se a recorda\u00e7\u00e3o ideal para quem deseja levar um pedacinho desta maravilhosa cidade para qualquer lugar. O seu colorido design ilustra elementos ic\u00f3nicos de Barcelona, destacando a majestosa Sagrada Fam\u00edlia e o famoso Parque G\u00fcell, tudo representado num estilo que evoca o caracter\u00edstico trencad\u00eds de Gaud\u00ed. A madeira, delicadamente trabalhada, confere um toque quente e natural, enquanto o acabamento refinado garante uma apresenta\u00e7\u00e3o atraente e duradoura.<\/p>\n<p>O porta-chaves, complementado com uma argola met\u00e1lica resistente, n\u00e3o \u00e9 apenas funcional, mas tamb\u00e9m serve como um lembrete visual da rica cultura e do patrim\u00f3nio art\u00edstico da cidade. Barcelona, conhecida pela sua arquitetura modernista e pelo seu ambiente vibrante, encontra neste porta-chaves uma representa\u00e7\u00e3o que capta a sua ess\u00eancia contempor\u00e2nea e tradicional ao mesmo tempo.<\/p>\n<p>Na Ol\u00e9 Mosaic, como distribuidores de recorda\u00e7\u00f5es por grosso, oferecemos pe\u00e7as aut\u00eanticas que se destacam em qualquer loja de presentes tur\u00edsticos, fazendo deste porta-chaves uma excelente op\u00e7\u00e3o para quem procura artigos \u00fanicos e representativos de Barcelona. Este porta-chaves de madeira \u00e9 o presente perfeito para turistas que desejam recordar a sua visita \u00e0 cidade com uma recorda\u00e7\u00e3o que combina arte, hist\u00f3ria e funcionalidade.<\/p>\n","protected":false},"excerpt":{"rendered":"<p>Porta-chaves de madeira com a forma da letra &#8220;M&#8221;, que evoca a vibrante ess\u00eancia de Barcelona. Este porta-chaves destaca-se pelo seu colorido design, com elementos ic\u00f3nicos da cidade como a Sagrada Fam\u00edlia e o Parque G\u00fcell, tudo isto num estilo que recorda o trencad\u00eds gaudiniano. Com um acabamento cuidado e um aro met\u00e1lico resistente, esta recorda\u00e7\u00e3o \u00e9 a forma perfeita de levar um peda\u00e7o de Barcelona para onde quer que v\u00e1.<\/p>\n","protected":false},"featured_media":10498,"template":"","meta":{"_acf_changed":false},"product_brand":[],"product_cat":[611],"product_tag":[612],"class_list":{"0":"post-33520","1":"product","2":"type-product","3":"status-publish","4":"has-post-thumbnail","6":"product_cat-porta-chaves","7":"product_tag-cartas","8":"pa_ciudad-barcelona","9":"pa_motivo-letra-m","10":"pa_pais-espana","12":"first","13":"instock","14":"shipping-taxable","15":"product-type-simple"},"acf":[],"_links":{"self":[{"href":"https:\/\/olemosaic.orbitalia.org\/pt-pt\/wp-json\/wp\/v2\/product\/33520","targetHints":{"allow":["GET"]}}],"collection":[{"href":"https:\/\/olemosaic.orbitalia.org\/pt-pt\/wp-json\/wp\/v2\/product"}],"about":[{"href":"https:\/\/olemosaic.orbitalia.org\/pt-pt\/wp-json\/wp\/v2\/types\/product"}],"wp:featuredmedia":[{"embeddable":true,"href":"https:\/\/olemosaic.orbitalia.org\/pt-pt\/wp-json\/wp\/v2\/media\/10498"}],"wp:attachment":[{"href":"https:\/\/olemosaic.orbitalia.org\/pt-pt\/wp-json\/wp\/v2\/media?parent=33520"}],"wp:term":[{"taxonomy":"product_brand","embeddable":true,"href":"https:\/\/olemosaic.orbitalia.org\/pt-pt\/wp-json\/wp\/v2\/product_brand?post=33520"},{"taxonomy":"product_cat","embeddable":true,"href":"https:\/\/olemosaic.orbitalia.org\/pt-pt\/wp-json\/wp\/v2\/product_cat?post=33520"},{"taxonomy":"product_tag","embeddable":true,"href":"https:\/\/olemosaic.orbitalia.org\/pt-pt\/wp-json\/wp\/v2\/product_tag?post=33520"}],"curies":[{"name":"wp","href":"https:\/\/api.w.org\/{rel}","templated":true}]}}