{"id":33518,"date":"2025-02-20T23:33:27","date_gmt":"2025-02-20T22:33:27","guid":{"rendered":"https:\/\/olemosaic.orbitalia.org\/producto\/llavero-de-madera-letra-l-2\/"},"modified":"2025-07-25T18:44:58","modified_gmt":"2025-07-25T16:44:58","slug":"porta-chaves-de-madeira-letra-l-2","status":"publish","type":"product","link":"https:\/\/olemosaic.orbitalia.org\/pt-pt\/produto\/porta-chaves-de-madeira-letra-l-2\/","title":{"rendered":"Porta-chaves de madeira. Letra L. Mosaico."},"content":{"rendered":"<p>Este porta-chaves de madeira com a forma da letra &#8220;L&#8221; \u00e9 uma pe\u00e7a \u00fanica que funde funcionalidade e arte tradicional espanhola, perfeito como recorda\u00e7\u00e3o que capta a ess\u00eancia da cultura espanhola. O seu design destaca-se por um colorido mosaico inspirado na cer\u00e2mica tradicional, com uma base branca adornada com vibrantes motivos em vermelho, verde, azul e preto. Estas cores evocam a t\u00e9cnica do trencad\u00eds, uma forma art\u00edstica que utiliza fragmentos de cer\u00e2mica para criar mosaicos impressionantes, como os que se encontram em muitas obras-primas arquitet\u00f3nicas de Espanha, entre elas o Parque G\u00fcell de Barcelona.<\/p>\n<p>A distintiva forma da letra &#8220;L&#8221; n\u00e3o s\u00f3 confere um toque pessoal e moderno, como tamb\u00e9m oferece versatilidade como acess\u00f3rio, tanto para chaves como para mochilas ou malas. Este porta-chaves \u00e9 uma excelente op\u00e7\u00e3o para turistas que procuram recorda\u00e7\u00f5es aut\u00eanticas e representativas da arte e do folclore espanhol. A sua rica liga\u00e7\u00e3o cultural torna-o uma lembran\u00e7a tang\u00edvel da sua visita a Espanha, destacando a criatividade e o engenho artesanal do pa\u00eds.<\/p>\n<p>Na Ol\u00e9 Mosaic, somos distribuidores de recorda\u00e7\u00f5es de qualidade, e este porta-chaves de madeira \u00e9 uma op\u00e7\u00e3o ideal para lojas de presentes tur\u00edsticos que desejem oferecer produtos \u00fanicos e aut\u00eanticos. Como grossistas de recorda\u00e7\u00f5es, garantimos que cada pe\u00e7a reflita a rica tradi\u00e7\u00e3o cultural que Espanha tem para oferecer.<\/p>\n","protected":false},"excerpt":{"rendered":"<p>Porta-chaves de madeira com a forma da letra L, decorado com um mosaico colorido que evoca o estilo da cer\u00e2mica tradicional espanhola. Este original porta-chaves apresenta uma base branca com motivos em vermelho, verde, azul e preto, caracter\u00edsticos da arte do trencad\u00eds. O seu design vibrante e distintivo torna-o uma recorda\u00e7\u00e3o ideal que reflete a rica cultura e a arte de Espanha, sendo um acess\u00f3rio pr\u00e1tico para chaves ou mochila.<\/p>\n","protected":false},"featured_media":10931,"template":"","meta":{"_acf_changed":false},"product_brand":[],"product_cat":[611],"product_tag":[612],"class_list":{"0":"post-33518","1":"product","2":"type-product","3":"status-publish","4":"has-post-thumbnail","6":"product_cat-porta-chaves","7":"product_tag-cartas","8":"pa_motivo-letra-l","10":"first","11":"instock","12":"shipping-taxable","13":"product-type-simple"},"acf":[],"_links":{"self":[{"href":"https:\/\/olemosaic.orbitalia.org\/pt-pt\/wp-json\/wp\/v2\/product\/33518","targetHints":{"allow":["GET"]}}],"collection":[{"href":"https:\/\/olemosaic.orbitalia.org\/pt-pt\/wp-json\/wp\/v2\/product"}],"about":[{"href":"https:\/\/olemosaic.orbitalia.org\/pt-pt\/wp-json\/wp\/v2\/types\/product"}],"wp:featuredmedia":[{"embeddable":true,"href":"https:\/\/olemosaic.orbitalia.org\/pt-pt\/wp-json\/wp\/v2\/media\/10931"}],"wp:attachment":[{"href":"https:\/\/olemosaic.orbitalia.org\/pt-pt\/wp-json\/wp\/v2\/media?parent=33518"}],"wp:term":[{"taxonomy":"product_brand","embeddable":true,"href":"https:\/\/olemosaic.orbitalia.org\/pt-pt\/wp-json\/wp\/v2\/product_brand?post=33518"},{"taxonomy":"product_cat","embeddable":true,"href":"https:\/\/olemosaic.orbitalia.org\/pt-pt\/wp-json\/wp\/v2\/product_cat?post=33518"},{"taxonomy":"product_tag","embeddable":true,"href":"https:\/\/olemosaic.orbitalia.org\/pt-pt\/wp-json\/wp\/v2\/product_tag?post=33518"}],"curies":[{"name":"wp","href":"https:\/\/api.w.org\/{rel}","templated":true}]}}