{"id":33480,"date":"2025-02-20T22:33:24","date_gmt":"2025-02-20T22:33:24","guid":{"rendered":"https:\/\/olemosaic.orbitalia.org\/producto\/llavero-de-madera-letra-e-mosaico\/"},"modified":"2025-07-25T18:35:07","modified_gmt":"2025-07-25T16:35:07","slug":"porta-chaves-de-madeira-letra-e-mosaico","status":"publish","type":"product","link":"https:\/\/olemosaic.orbitalia.org\/pt-pt\/produto\/porta-chaves-de-madeira-letra-e-mosaico\/","title":{"rendered":"Porta-chaves de madeira. Letra E. Mosaico."},"content":{"rendered":"<p>Este porta-chaves de madeira com forma da letra &#8220;E&#8221; \u00e9 uma encantadora recorda\u00e7\u00e3o que captura a ess\u00eancia do mosaico espanhol. Desenhado com um vibrante mosaico de cores, apresenta uma atraente combina\u00e7\u00e3o de azuis, vermelhos, amarelos e verdes, que evocam a rica tradi\u00e7\u00e3o artesanal de diversas regi\u00f5es do pa\u00eds. Cada pe\u00e7a exibe um acabamento brilhante que n\u00e3o s\u00f3 atrai o olhar, mas tamb\u00e9m reflete a dedica\u00e7\u00e3o e o detalhe da artesania tradicional espanhola.<\/p>\n<p>A forma da letra &#8220;E&#8221; permite personaliz\u00e1-lo facilmente, tornando-o um acess\u00f3rio pr\u00e1tico e significativo, ideal para levar as chaves com eleg\u00e2ncia. Este porta-chaves n\u00e3o \u00e9 apenas um objeto \u00fatil, mas tamb\u00e9m uma recorda\u00e7\u00e3o distintiva de Espanha, que simboliza a riqueza cultural e art\u00edstica presente em cada canto do pa\u00eds. O seu design atraente torna-o uma excelente op\u00e7\u00e3o para turistas que procuram recorda\u00e7\u00f5es aut\u00eanticas e representativas, bem como para lojas de presentes tur\u00edsticos que desejam oferecer produtos \u00fanicos.<\/p>\n<p>Na Ol\u00e9 Mosaic, como distribuidores de objetos artesanais por grosso, garantimos que este porta-chaves de madeira n\u00e3o s\u00f3 cumpre a sua fun\u00e7\u00e3o pr\u00e1tica, mas tamb\u00e9m celebra a beleza do mosaico espanhol, tornando cada compra uma experi\u00eancia memor\u00e1vel e cultural.<\/p>\n","protected":false},"excerpt":{"rendered":"<p>Porta-chaves de madeira com forma da letra &#8220;E&#8221;, adornado com um atraente mosaico colorido. Este elegante acess\u00f3rio destaca-se pelo seu acabamento brilhante e vibrante, com uma variada gama de cores que inclui azuis, vermelhos, amarelos e verdes, evocando a rica tradi\u00e7\u00e3o artesanal espanhola. Perfeito para personalizar as suas chaves, este porta-chaves representa a beleza da arte em mosaico e torna-se uma recorda\u00e7\u00e3o distintiva de Espanha.<\/p>\n","protected":false},"featured_media":10755,"template":"","meta":{"_acf_changed":false},"product_brand":[],"product_cat":[611],"product_tag":[612],"class_list":{"0":"post-33480","1":"product","2":"type-product","3":"status-publish","4":"has-post-thumbnail","6":"product_cat-porta-chaves","7":"product_tag-cartas","8":"pa_motivo-letra-e","10":"first","11":"instock","12":"shipping-taxable","13":"product-type-simple"},"acf":[],"_links":{"self":[{"href":"https:\/\/olemosaic.orbitalia.org\/pt-pt\/wp-json\/wp\/v2\/product\/33480","targetHints":{"allow":["GET"]}}],"collection":[{"href":"https:\/\/olemosaic.orbitalia.org\/pt-pt\/wp-json\/wp\/v2\/product"}],"about":[{"href":"https:\/\/olemosaic.orbitalia.org\/pt-pt\/wp-json\/wp\/v2\/types\/product"}],"wp:featuredmedia":[{"embeddable":true,"href":"https:\/\/olemosaic.orbitalia.org\/pt-pt\/wp-json\/wp\/v2\/media\/10755"}],"wp:attachment":[{"href":"https:\/\/olemosaic.orbitalia.org\/pt-pt\/wp-json\/wp\/v2\/media?parent=33480"}],"wp:term":[{"taxonomy":"product_brand","embeddable":true,"href":"https:\/\/olemosaic.orbitalia.org\/pt-pt\/wp-json\/wp\/v2\/product_brand?post=33480"},{"taxonomy":"product_cat","embeddable":true,"href":"https:\/\/olemosaic.orbitalia.org\/pt-pt\/wp-json\/wp\/v2\/product_cat?post=33480"},{"taxonomy":"product_tag","embeddable":true,"href":"https:\/\/olemosaic.orbitalia.org\/pt-pt\/wp-json\/wp\/v2\/product_tag?post=33480"}],"curies":[{"name":"wp","href":"https:\/\/api.w.org\/{rel}","templated":true}]}}