{"id":33466,"date":"2025-02-20T22:33:24","date_gmt":"2025-02-20T22:33:24","guid":{"rendered":"https:\/\/olemosaic.orbitalia.org\/producto\/llavero-de-madera-letra-e\/"},"modified":"2025-07-25T20:17:46","modified_gmt":"2025-07-25T18:17:46","slug":"porta-chaves-de-madeira-letra-e","status":"publish","type":"product","link":"https:\/\/olemosaic.orbitalia.org\/pt-pt\/produto\/porta-chaves-de-madeira-letra-e\/","title":{"rendered":"Porta-chaves de madeira. Letra E."},"content":{"rendered":"<p>Este porta-chaves de madeira com a forma da letra &#8220;E&#8221; \u00e9 um acess\u00f3rio funcional e atraente, ideal para personalizar as suas chaves ou para oferecer. Elaborado com esmero em madeira, destaca-se pelo seu design vibrante, adornado com coloridos motivos florais em tons vermelhos, azuis e amarelos que evocam a rica tradi\u00e7\u00e3o art\u00edstica da cer\u00e2mica espanhola. Os detalhes intrincados e as cores chamativas n\u00e3o s\u00f3 conferem um toque \u00fanico, como tamb\u00e9m refletem a heran\u00e7a cultural da arte popular, pondo em relevo a habilidade dos artes\u00e3os que transmitiram estas t\u00e9cnicas ao longo de gera\u00e7\u00f5es.<\/p>\n<p>O porta-chaves, que combina funcionalidade e estilo, \u00e9 um souvenir representativo que encantar\u00e1 quem procura um objeto significativo durante a sua visita a Espanha. A sua forma distintiva da letra &#8220;E&#8221; torna-o uma op\u00e7\u00e3o personalizada perfeita, que pode simbolizar a inicial de um nome ou ser uma recorda\u00e7\u00e3o divertida de uma experi\u00eancia memor\u00e1vel.<\/p>\n<p>Na Ol\u00e9 Mosaic dedicamo-nos \u00e0 distribui\u00e7\u00e3o grossista de souvenirs de qualidade, e este porta-chaves de madeira \u00e9 uma excelente adi\u00e7\u00e3o para lojas de presentes tur\u00edsticos que desejem oferecer produtos aut\u00eanticos e cheios de encanto. Este porta-chaves n\u00e3o \u00e9 apenas pr\u00e1tico, mas tamb\u00e9m oferece um peda\u00e7o da cultura espanhola, sendo o presente perfeito para quem procura algo especial e \u00fanico.<\/p>\n","protected":false},"excerpt":{"rendered":"<p>Porta-chaves de madeira com a letra &#8220;E&#8221;, perfeito para personalizar as suas chaves ou como presente. Este porta-chaves apresenta um design vibrante, adornado com coloridos motivos florais em tons vermelho, azul e amarelo, que evocam a tradi\u00e7\u00e3o art\u00edstica da cer\u00e2mica espanhola. A pe\u00e7a, cuidadosamente elaborada em madeira, combina funcionalidade e estilo, tornando-o uma recorda\u00e7\u00e3o distintiva que encantar\u00e1 quem procura um toque \u00fanico.<\/p>\n","protected":false},"featured_media":9595,"template":"","meta":{"_acf_changed":false},"product_brand":[],"product_cat":[611],"product_tag":[612],"class_list":{"0":"post-33466","1":"product","2":"type-product","3":"status-publish","4":"has-post-thumbnail","6":"product_cat-porta-chaves","7":"product_tag-cartas","8":"pa_motivo-letra-e","10":"first","11":"instock","12":"shipping-taxable","13":"product-type-simple"},"acf":[],"_links":{"self":[{"href":"https:\/\/olemosaic.orbitalia.org\/pt-pt\/wp-json\/wp\/v2\/product\/33466","targetHints":{"allow":["GET"]}}],"collection":[{"href":"https:\/\/olemosaic.orbitalia.org\/pt-pt\/wp-json\/wp\/v2\/product"}],"about":[{"href":"https:\/\/olemosaic.orbitalia.org\/pt-pt\/wp-json\/wp\/v2\/types\/product"}],"wp:featuredmedia":[{"embeddable":true,"href":"https:\/\/olemosaic.orbitalia.org\/pt-pt\/wp-json\/wp\/v2\/media\/9595"}],"wp:attachment":[{"href":"https:\/\/olemosaic.orbitalia.org\/pt-pt\/wp-json\/wp\/v2\/media?parent=33466"}],"wp:term":[{"taxonomy":"product_brand","embeddable":true,"href":"https:\/\/olemosaic.orbitalia.org\/pt-pt\/wp-json\/wp\/v2\/product_brand?post=33466"},{"taxonomy":"product_cat","embeddable":true,"href":"https:\/\/olemosaic.orbitalia.org\/pt-pt\/wp-json\/wp\/v2\/product_cat?post=33466"},{"taxonomy":"product_tag","embeddable":true,"href":"https:\/\/olemosaic.orbitalia.org\/pt-pt\/wp-json\/wp\/v2\/product_tag?post=33466"}],"curies":[{"name":"wp","href":"https:\/\/api.w.org\/{rel}","templated":true}]}}