{"id":33465,"date":"2025-02-20T23:33:23","date_gmt":"2025-02-20T22:33:23","guid":{"rendered":"https:\/\/olemosaic.orbitalia.org\/producto\/llavero-de-madera-letra-d-2\/"},"modified":"2025-07-25T19:15:31","modified_gmt":"2025-07-25T17:15:31","slug":"porta-chaves-de-madeira-letra-d-2","status":"publish","type":"product","link":"https:\/\/olemosaic.orbitalia.org\/pt-pt\/produto\/porta-chaves-de-madeira-letra-d-2\/","title":{"rendered":"Porta-chaves de madeira. Letra D. Mosaico."},"content":{"rendered":"<p>Este porta-chaves de madeira com a letra &#8220;D&#8221; \u00e9 uma representa\u00e7\u00e3o alegre da arte decorativa barcelonesa, inspirado no ic\u00f3nico trencad\u00eds de Gaud\u00ed. Com o seu design vibrante, este porta-chaves destaca-se por uma explos\u00e3o de cores como o amarelo, o azul, o vermelho e o preto, que se combinam em elementos gr\u00e1ficos que evocam a rica heran\u00e7a barroca da cidade. Cada detalhe, desde as pe\u00e7as de mosaico at\u00e9 \u00e0s elegantes curvaturas da letra, \u00e9 meticulosamente trabalhado para oferecer um acabamento polido que o torna visualmente atraente e duradouro.<\/p>\n<p>Este porta-chaves n\u00e3o \u00e9 apenas um acess\u00f3rio pr\u00e1tico para manter as suas chaves organizadas, mas tamb\u00e9m um souvenir emblem\u00e1tico que capta a ess\u00eancia cultural de Barcelona. A sua forma distintiva e o seu design din\u00e2mico tornam-no um presente ideal para aqueles que desejam levar um pedacinho da cidade. Os turistas encontrar\u00e3o nele uma excelente op\u00e7\u00e3o como recorda\u00e7\u00e3o, que reflete o talento e a criatividade da tradi\u00e7\u00e3o art\u00edstica espanhola.<\/p>\n<p>Na Ol\u00e9 Mosaic, especializamo-nos na distribui\u00e7\u00e3o de souvenirs por grosso, garantindo a autenticidade e qualidade de produtos como este encantador porta-chaves. \u00c9 uma escolha perfeita para lojas de presentes tur\u00edsticos que procuram souvenirs representativos e \u00fanicos de Espanha. Com este porta-chaves de madeira, cada cliente n\u00e3o s\u00f3 adquire um objeto, mas um s\u00edmbolo da arte e da cultura de Barcelona.<\/p>\n","protected":false},"excerpt":{"rendered":"<p>Porta-chaves de madeira com a forma da letra &#8220;D&#8221;, decorado com um vibrante design de mosaico que evoca o famoso trencad\u00eds de Gaud\u00ed. Este encantador porta-chaves apresenta uma combina\u00e7\u00e3o de cores como amarelo, azul, vermelho e preto, representando elementos gr\u00e1ficos que recordam a riqueza da arte barroca de Barcelona. O seu acabamento polido e a forma distintiva tornam-no um souvenir ideal para levar um pedacinho de Espanha consigo.<\/p>\n","protected":false},"featured_media":10923,"template":"","meta":{"_acf_changed":false},"product_brand":[],"product_cat":[611],"product_tag":[],"class_list":{"0":"post-33465","1":"product","2":"type-product","3":"status-publish","4":"has-post-thumbnail","6":"product_cat-porta-chaves","7":"pa_motivo-letra-d","9":"first","10":"instock","11":"shipping-taxable","12":"product-type-simple"},"acf":[],"_links":{"self":[{"href":"https:\/\/olemosaic.orbitalia.org\/pt-pt\/wp-json\/wp\/v2\/product\/33465","targetHints":{"allow":["GET"]}}],"collection":[{"href":"https:\/\/olemosaic.orbitalia.org\/pt-pt\/wp-json\/wp\/v2\/product"}],"about":[{"href":"https:\/\/olemosaic.orbitalia.org\/pt-pt\/wp-json\/wp\/v2\/types\/product"}],"wp:featuredmedia":[{"embeddable":true,"href":"https:\/\/olemosaic.orbitalia.org\/pt-pt\/wp-json\/wp\/v2\/media\/10923"}],"wp:attachment":[{"href":"https:\/\/olemosaic.orbitalia.org\/pt-pt\/wp-json\/wp\/v2\/media?parent=33465"}],"wp:term":[{"taxonomy":"product_brand","embeddable":true,"href":"https:\/\/olemosaic.orbitalia.org\/pt-pt\/wp-json\/wp\/v2\/product_brand?post=33465"},{"taxonomy":"product_cat","embeddable":true,"href":"https:\/\/olemosaic.orbitalia.org\/pt-pt\/wp-json\/wp\/v2\/product_cat?post=33465"},{"taxonomy":"product_tag","embeddable":true,"href":"https:\/\/olemosaic.orbitalia.org\/pt-pt\/wp-json\/wp\/v2\/product_tag?post=33465"}],"curies":[{"name":"wp","href":"https:\/\/api.w.org\/{rel}","templated":true}]}}