{"id":33441,"date":"2025-02-20T22:33:22","date_gmt":"2025-02-20T22:33:22","guid":{"rendered":"https:\/\/olemosaic.orbitalia.org\/producto\/llavero-de-madera-letra-b-mosaico\/"},"modified":"2025-07-25T19:20:06","modified_gmt":"2025-07-25T17:20:06","slug":"porta-chaves-de-madeira-letra-b-mosaico","status":"publish","type":"product","link":"https:\/\/olemosaic.orbitalia.org\/pt-pt\/produto\/porta-chaves-de-madeira-letra-b-mosaico\/","title":{"rendered":"Porta-chaves de madeira. Letra B. Mosaico."},"content":{"rendered":"<p>Este porta-chaves de madeira com a forma da letra &#8220;B&#8221; \u00e9 uma aut\u00eantica homenagem \u00e0 rica tradi\u00e7\u00e3o art\u00edstica espanhola, ideal para quem procura uma recorda\u00e7\u00e3o \u00fanica e cheia de cor. Elaborado em madeira leve e resistente, apresenta um design vibrante de mosaico que emula as t\u00e9cnicas de trencad\u00eds, t\u00edpicas da cer\u00e2mica andaluza. As cores brilhantes azul, vermelho, amarelo e verde combinam-se harmoniosamente, captando a ess\u00eancia da arte e da cultura da regi\u00e3o. A sua forma compacta e o pr\u00e1tico aro met\u00e1lico permitem lev\u00e1-lo confortavelmente em chaves, mochilas ou onde quiser, tornando-o numa recorda\u00e7\u00e3o ideal para rememorar momentos especiais. Mais do que um simples acess\u00f3rio, este porta-chaves \u00e9 un s\u00edmbolo de autenticidade cultural, que destaca a criatividade e a destreza artesanal que caracterizam as recorda\u00e7\u00f5es espanholas. Na Ol\u00e9 Mosaic, especializamo-nos na distribui\u00e7\u00e3o de recorda\u00e7\u00f5es de alta qualidade, e este porta-chaves de mosaico \u00e9 uma excelente op\u00e7\u00e3o para lojas de presentes tur\u00edsticos que procuram produtos representativos e exclusivos da cultura espanhola. Torne-se distribuidor de porta-chaves \u00fanicos e aut\u00eanticos, ideais para quem deseja levar um pedacinho de Espanha.<\/p>\n","protected":false},"excerpt":{"rendered":"<p>Porta-chaves de madeira com a forma da letra &#8220;B&#8221;, decorado com um design vibrante de mosaico que evoca a tradi\u00e7\u00e3o art\u00edstica espanhola. Elaborado em madeira leve e resistente, este porta-chaves apresenta uma mistura colorida de azuis, vermelhos, amarelos e verdes, que imita as t\u00e9cnicas de trencad\u00eds da cer\u00e2mica andaluza. O seu tamanho compacto e o pr\u00e1tico aro met\u00e1lico permitem lev\u00e1-lo confortavelmente em chaves ou mochilas, tornando-o numa recorda\u00e7\u00e3o ideal para recordar momentos especiais.<\/p>\n","protected":false},"featured_media":10752,"template":"","meta":{"_acf_changed":false},"product_brand":[],"product_cat":[611],"product_tag":[612],"class_list":{"0":"post-33441","1":"product","2":"type-product","3":"status-publish","4":"has-post-thumbnail","6":"product_cat-porta-chaves","7":"product_tag-cartas","8":"pa_motivo-letra-b","10":"first","11":"instock","12":"shipping-taxable","13":"product-type-simple"},"acf":[],"_links":{"self":[{"href":"https:\/\/olemosaic.orbitalia.org\/pt-pt\/wp-json\/wp\/v2\/product\/33441","targetHints":{"allow":["GET"]}}],"collection":[{"href":"https:\/\/olemosaic.orbitalia.org\/pt-pt\/wp-json\/wp\/v2\/product"}],"about":[{"href":"https:\/\/olemosaic.orbitalia.org\/pt-pt\/wp-json\/wp\/v2\/types\/product"}],"wp:featuredmedia":[{"embeddable":true,"href":"https:\/\/olemosaic.orbitalia.org\/pt-pt\/wp-json\/wp\/v2\/media\/10752"}],"wp:attachment":[{"href":"https:\/\/olemosaic.orbitalia.org\/pt-pt\/wp-json\/wp\/v2\/media?parent=33441"}],"wp:term":[{"taxonomy":"product_brand","embeddable":true,"href":"https:\/\/olemosaic.orbitalia.org\/pt-pt\/wp-json\/wp\/v2\/product_brand?post=33441"},{"taxonomy":"product_cat","embeddable":true,"href":"https:\/\/olemosaic.orbitalia.org\/pt-pt\/wp-json\/wp\/v2\/product_cat?post=33441"},{"taxonomy":"product_tag","embeddable":true,"href":"https:\/\/olemosaic.orbitalia.org\/pt-pt\/wp-json\/wp\/v2\/product_tag?post=33441"}],"curies":[{"name":"wp","href":"https:\/\/api.w.org\/{rel}","templated":true}]}}