{"id":33413,"date":"2025-02-20T23:33:21","date_gmt":"2025-02-20T22:33:21","guid":{"rendered":"https:\/\/olemosaic.orbitalia.org\/producto\/llavero-de-madera-letra-d-sevilla\/"},"modified":"2025-07-25T19:45:25","modified_gmt":"2025-07-25T17:45:25","slug":"porta-chaves-de-madeira-letra-d-sevilha","status":"publish","type":"product","link":"https:\/\/olemosaic.orbitalia.org\/pt-pt\/produto\/porta-chaves-de-madeira-letra-d-sevilha\/","title":{"rendered":"Porta-chaves de madeira. Letra D. Sevilha."},"content":{"rendered":"<p>Este porta-chaves de madeira com la letra D \u00e9 uma vibrante homenagem \u00e0 bela cidade de Sevilha, desenhado para captar a ess\u00eancia e os elementos emblem\u00e1ticos desta cativante regi\u00e3o andaluza. Com um design colorido que incorpora motivos ic\u00f3nicos como a majestosa Giralda e as tradicionais carro\u00e7as, este porta-chaves reflete o esp\u00edrito festivo de Sevilha. Os detalhes dos mosaicos art\u00edsticos acrescentam um fundo vibrante, tornando-o uma pe\u00e7a atrativa e cheia de vida.<\/p>\n<p>Fabricado com madeira de alta qualidade, o porta-chaves \u00e9 leve e compacto, o que o torna um souvenir pr\u00e1tico e f\u00e1cil de transportar. O seu acabamento meticuloso real\u00e7a as caracter\u00edsticas visuais do design, assegurando que cada porta-chaves seja uma representa\u00e7\u00e3o aut\u00eantica da cultura sevilhana. Este porta-chaves n\u00e3o \u00e9 apenas um acess\u00f3rio funcional, mas tamb\u00e9m um s\u00edmbolo de recorda\u00e7\u00e3o que liga \u00e0 rica heran\u00e7a cultural de Sevilha, ideal para quem deseja levar um peda\u00e7o desta maravilhosa cidade.<\/p>\n<p>Como distribuidor de souvenirs por grosso, a Ol\u00e9 Mosaic orgulha-se de oferecer produtos aut\u00eanticos e significativos, como este porta-chaves de madeira de Sevilha. \u00c9 uma op\u00e7\u00e3o perfeita para lojas de presentes tur\u00edsticos que procuram artigos \u00fanicos, que refletem o car\u00e1ter distintivo da regi\u00e3o e a ess\u00eancia do seu folclore.<\/p>\n","protected":false},"excerpt":{"rendered":"<p>Porta-chaves de madeira com a forma da letra D, inspirado em Sevilha. Este atrativo porta-chaves apresenta um design colorido que combina elementos ic\u00f3nicos da cidade, como a Giralda e as carro\u00e7as tradicionais, sobre um fundo de mosaico em cores vibrantes. A t\u00e9cnica de acabamento real\u00e7a os detalhes art\u00edsticos, e o seu tamanho compacto torna-o um souvenir perfeito e pr\u00e1tico para levar sempre consigo um peda\u00e7o desta bela cidade andaluza.<\/p>\n","protected":false},"featured_media":10888,"template":"","meta":{"_acf_changed":false},"product_brand":[],"product_cat":[611],"product_tag":[],"class_list":{"0":"post-33413","1":"product","2":"type-product","3":"status-publish","4":"has-post-thumbnail","6":"product_cat-porta-chaves","7":"pa_ciudad-sevilla","8":"pa_motivo-letra-d","9":"pa_pais-espana","11":"first","12":"instock","13":"shipping-taxable","14":"product-type-simple"},"acf":[],"_links":{"self":[{"href":"https:\/\/olemosaic.orbitalia.org\/pt-pt\/wp-json\/wp\/v2\/product\/33413","targetHints":{"allow":["GET"]}}],"collection":[{"href":"https:\/\/olemosaic.orbitalia.org\/pt-pt\/wp-json\/wp\/v2\/product"}],"about":[{"href":"https:\/\/olemosaic.orbitalia.org\/pt-pt\/wp-json\/wp\/v2\/types\/product"}],"wp:featuredmedia":[{"embeddable":true,"href":"https:\/\/olemosaic.orbitalia.org\/pt-pt\/wp-json\/wp\/v2\/media\/10888"}],"wp:attachment":[{"href":"https:\/\/olemosaic.orbitalia.org\/pt-pt\/wp-json\/wp\/v2\/media?parent=33413"}],"wp:term":[{"taxonomy":"product_brand","embeddable":true,"href":"https:\/\/olemosaic.orbitalia.org\/pt-pt\/wp-json\/wp\/v2\/product_brand?post=33413"},{"taxonomy":"product_cat","embeddable":true,"href":"https:\/\/olemosaic.orbitalia.org\/pt-pt\/wp-json\/wp\/v2\/product_cat?post=33413"},{"taxonomy":"product_tag","embeddable":true,"href":"https:\/\/olemosaic.orbitalia.org\/pt-pt\/wp-json\/wp\/v2\/product_tag?post=33413"}],"curies":[{"name":"wp","href":"https:\/\/api.w.org\/{rel}","templated":true}]}}